{"id":1402,"date":"2020-09-19T22:06:15","date_gmt":"2020-09-19T20:06:15","guid":{"rendered":"https:\/\/daxor.pl\/?page_id=1402"},"modified":"2020-10-07T23:00:57","modified_gmt":"2020-10-07T21:00:57","slug":"uszczelnienia-techniczne","status":"publish","type":"page","link":"https:\/\/www.daxor.pl\/?page_id=1402","title":{"rendered":"Uszczelnienia techniczne"},"content":{"rendered":"\t\t<div data-elementor-type=\"wp-page\" data-elementor-id=\"1402\" class=\"elementor elementor-1402\">\n\t\t\t\t\t\t<section class=\"elementor-section elementor-top-section elementor-element elementor-element-547e64cf elementor-section-boxed elementor-section-height-default elementor-section-height-default\" data-id=\"547e64cf\" data-element_type=\"section\">\n\t\t\t\t\t\t<div class=\"elementor-container elementor-column-gap-default\">\n\t\t\t\t\t<div class=\"elementor-column elementor-col-100 elementor-top-column elementor-element elementor-element-b36001a\" data-id=\"b36001a\" data-element_type=\"column\">\n\t\t\t<div class=\"elementor-widget-wrap elementor-element-populated\">\n\t\t\t\t\t\t<div class=\"elementor-element elementor-element-50eb9662 elementor-widget elementor-widget-wp-widget-bcn_widget\" data-id=\"50eb9662\" data-element_type=\"widget\" data-widget_type=\"wp-widget-bcn_widget.default\">\n\t\t\t\t<div class=\"elementor-widget-container\">\n\t\t\t\t\t<div class=\"breadcrumbs\" vocab=\"https:\/\/schema.org\/\" typeof=\"BreadcrumbList\"><!-- Breadcrumb NavXT 7.4.1 -->\n<span property=\"itemListElement\" typeof=\"ListItem\"><a property=\"item\" typeof=\"WebPage\" title=\"Przejd\u017a do Daxor.\" href=\"https:\/\/www.daxor.pl\" class=\"home\" aria-current=\"page\"><span property=\"name\">Daxor<\/span><\/a><meta property=\"position\" content=\"1\"><\/span><\/div>\t\t\t\t<\/div>\n\t\t\t\t<\/div>\n\t\t\t\t\t<\/div>\n\t\t<\/div>\n\t\t\t\t\t<\/div>\n\t\t<\/section>\n\t\t\t\t<section class=\"elementor-section elementor-top-section elementor-element elementor-element-5b46d8a elementor-section-boxed elementor-section-height-default elementor-section-height-default\" data-id=\"5b46d8a\" data-element_type=\"section\">\n\t\t\t\t\t\t<div class=\"elementor-container elementor-column-gap-default\">\n\t\t\t\t\t<div class=\"elementor-column elementor-col-33 elementor-top-column elementor-element elementor-element-4614ef91\" data-id=\"4614ef91\" data-element_type=\"column\">\n\t\t\t<div class=\"elementor-widget-wrap elementor-element-populated\">\n\t\t\t\t\t\t<div class=\"elementor-element elementor-element-18659ec0 elementor-widget elementor-widget-heading\" data-id=\"18659ec0\" data-element_type=\"widget\" data-widget_type=\"heading.default\">\n\t\t\t\t<div class=\"elementor-widget-container\">\n\t\t\t\t\t<h5 class=\"elementor-heading-title elementor-size-default\"><a href=\"https:\/\/www.daxor.pl\/?page_id=3122\">Mechaniczne uszczelnienia czo\u0142owe<\/a><\/h5>\t\t\t\t<\/div>\n\t\t\t\t<\/div>\n\t\t\t\t<div class=\"elementor-element elementor-element-4a50b945 elementor-widget elementor-widget-heading\" data-id=\"4a50b945\" data-element_type=\"widget\" data-widget_type=\"heading.default\">\n\t\t\t\t<div class=\"elementor-widget-container\">\n\t\t\t\t\t<h2 class=\"elementor-heading-title elementor-size-default\"><a href=\"https:\/\/www.daxor.pl\/?page_id=3123\">Uszczelnienia do ruch\u00f3w obrotowych<\/a><\/h2>\t\t\t\t<\/div>\n\t\t\t\t<\/div>\n\t\t\t\t<div class=\"elementor-element elementor-element-e3966f9 elementor-widget elementor-widget-wp-widget-nav_menu\" data-id=\"e3966f9\" data-element_type=\"widget\" data-widget_type=\"wp-widget-nav_menu.default\">\n\t\t\t\t<div class=\"elementor-widget-container\">\n\t\t\t\t\t<div class=\"menu-uszczelnienia-do-ruchow-obrotowych-container\"><ul id=\"menu-uszczelnienia-do-ruchow-obrotowych\" class=\"menu\"><li id=\"menu-item-3224\" class=\"menu-item menu-item-type-post_type menu-item-object-page menu-item-3224\"><a href=\"https:\/\/www.daxor.pl\/?page_id=3216\">Uszczelnienia wa\u0142u (simeringi)<\/a><\/li>\n<li id=\"menu-item-3225\" class=\"menu-item menu-item-type-post_type menu-item-object-page menu-item-3225\"><a href=\"https:\/\/www.daxor.pl\/?page_id=3217\">V-ringi<\/a><\/li>\n<li id=\"menu-item-3226\" class=\"menu-item menu-item-type-post_type menu-item-object-page menu-item-3226\"><a href=\"https:\/\/www.daxor.pl\/?page_id=3218\">Uszczelnienia osiowe<\/a><\/li>\n<li id=\"menu-item-3227\" class=\"menu-item menu-item-type-post_type menu-item-object-page menu-item-3227\"><a href=\"https:\/\/www.daxor.pl\/?page_id=3219\">Uszczelnienia promieniowe<\/a><\/li>\n<\/ul><\/div>\t\t\t\t<\/div>\n\t\t\t\t<\/div>\n\t\t\t\t<div class=\"elementor-element elementor-element-2d5c7a29 elementor-widget elementor-widget-heading\" data-id=\"2d5c7a29\" data-element_type=\"widget\" data-widget_type=\"heading.default\">\n\t\t\t\t<div class=\"elementor-widget-container\">\n\t\t\t\t\t<h2 class=\"elementor-heading-title elementor-size-default\"><a href=\"https:\/\/www.daxor.pl\/?page_id=3124\">Uszczelnienia statyczne<\/a><\/h2>\t\t\t\t<\/div>\n\t\t\t\t<\/div>\n\t\t\t\t<div class=\"elementor-element elementor-element-0dab9f9 elementor-widget elementor-widget-wp-widget-nav_menu\" data-id=\"0dab9f9\" data-element_type=\"widget\" data-widget_type=\"wp-widget-nav_menu.default\">\n\t\t\t\t<div class=\"elementor-widget-container\">\n\t\t\t\t\t<div class=\"menu-uszczelnienia-statyczne-container\"><ul id=\"menu-uszczelnienia-statyczne\" class=\"menu\"><li id=\"menu-item-3260\" class=\"menu-item menu-item-type-post_type menu-item-object-page menu-item-3260\"><a href=\"https:\/\/www.daxor.pl\/?page_id=3241\">O-ringi<\/a><\/li>\n<li id=\"menu-item-3261\" class=\"menu-item menu-item-type-post_type menu-item-object-page menu-item-3261\"><a href=\"https:\/\/www.daxor.pl\/?page_id=3242\">Sznury o-ringowe<\/a><\/li>\n<li id=\"menu-item-3262\" class=\"menu-item menu-item-type-post_type menu-item-object-page menu-item-3262\"><a href=\"https:\/\/www.daxor.pl\/?page_id=3243\">X-ringi<\/a><\/li>\n<li id=\"menu-item-3263\" class=\"menu-item menu-item-type-post_type menu-item-object-page menu-item-3263\"><a href=\"https:\/\/www.daxor.pl\/?page_id=3245\">Zestawy serwisowe<\/a><\/li>\n<li id=\"menu-item-3264\" class=\"menu-item menu-item-type-post_type menu-item-object-page menu-item-3264\"><a href=\"https:\/\/www.daxor.pl\/?page_id=3246\">Pier\u015bcienie oporowe<\/a><\/li>\n<li id=\"menu-item-3265\" class=\"menu-item menu-item-type-post_type menu-item-object-page menu-item-3265\"><a href=\"https:\/\/www.daxor.pl\/?page_id=3247\">Uszczelnienia do po\u0142\u0105cze\u0144 \u015brubowych<\/a><\/li>\n<li id=\"menu-item-3266\" class=\"menu-item menu-item-type-post_type menu-item-object-page menu-item-3266\"><a href=\"https:\/\/www.daxor.pl\/?page_id=3248\">Uszczelnienia do z\u0142\u0105czek w przemy\u015ble spo\u017cywczym<\/a><\/li>\n<li id=\"menu-item-3267\" class=\"menu-item menu-item-type-post_type menu-item-object-page menu-item-3267\"><a href=\"https:\/\/www.daxor.pl\/?page_id=3249\">Uszczelnienia ko\u0142nierzowe<\/a><\/li>\n<li id=\"menu-item-3268\" class=\"menu-item menu-item-type-post_type menu-item-object-page menu-item-3268\"><a href=\"https:\/\/www.daxor.pl\/?page_id=3250\">Uszczelnienia pokrywowe<\/a><\/li>\n<\/ul><\/div>\t\t\t\t<\/div>\n\t\t\t\t<\/div>\n\t\t\t\t<div class=\"elementor-element elementor-element-e142d46 elementor-widget elementor-widget-heading\" data-id=\"e142d46\" data-element_type=\"widget\" data-widget_type=\"heading.default\">\n\t\t\t\t<div class=\"elementor-widget-container\">\n\t\t\t\t\t<h2 class=\"elementor-heading-title elementor-size-default\"><a href=\"https:\/\/www.daxor.pl\/?page_id=3126\">Uszczelnienia do si\u0142ownik\u00f3w hydraulicznych<\/a><\/h2>\t\t\t\t<\/div>\n\t\t\t\t<\/div>\n\t\t\t\t<div class=\"elementor-element elementor-element-b49f3de elementor-widget elementor-widget-wp-widget-nav_menu\" data-id=\"b49f3de\" data-element_type=\"widget\" data-widget_type=\"wp-widget-nav_menu.default\">\n\t\t\t\t<div class=\"elementor-widget-container\">\n\t\t\t\t\t<div class=\"menu-uszczelnienia-do-silownikow-hydraulicznych-container\"><ul id=\"menu-uszczelnienia-do-silownikow-hydraulicznych\" class=\"menu\"><li id=\"menu-item-3281\" class=\"menu-item menu-item-type-post_type menu-item-object-page menu-item-3281\"><a href=\"https:\/\/www.daxor.pl\/?page_id=3270\">Uszczelnienia t\u0142oka<\/a><\/li>\n<li id=\"menu-item-3282\" class=\"menu-item menu-item-type-post_type menu-item-object-page menu-item-3282\"><a href=\"https:\/\/www.daxor.pl\/?page_id=3271\">Uszczelnienia t\u0142oczyska<\/a><\/li>\n<li id=\"menu-item-3283\" class=\"menu-item menu-item-type-post_type menu-item-object-page menu-item-3283\"><a href=\"https:\/\/www.daxor.pl\/?page_id=3272\">Uszczelnienia t\u0142oka i t\u0142oczyska<\/a><\/li>\n<li id=\"menu-item-3284\" class=\"menu-item menu-item-type-post_type menu-item-object-page menu-item-3284\"><a href=\"https:\/\/www.daxor.pl\/?page_id=3273\">Pier\u015bcienie zgarniaj\u0105ca<\/a><\/li>\n<li id=\"menu-item-3285\" class=\"menu-item menu-item-type-post_type menu-item-object-page menu-item-3285\"><a href=\"https:\/\/www.daxor.pl\/?page_id=3274\">Prowadzenia<\/a><\/li>\n<\/ul><\/div>\t\t\t\t<\/div>\n\t\t\t\t<\/div>\n\t\t\t\t\t<\/div>\n\t\t<\/div>\n\t\t\t\t<div class=\"elementor-column elementor-col-66 elementor-top-column elementor-element elementor-element-44223004\" data-id=\"44223004\" data-element_type=\"column\">\n\t\t\t<div class=\"elementor-widget-wrap elementor-element-populated\">\n\t\t\t\t\t\t<div class=\"elementor-element elementor-element-7cac2265 elementor-widget elementor-widget-heading\" data-id=\"7cac2265\" data-element_type=\"widget\" data-widget_type=\"heading.default\">\n\t\t\t\t<div class=\"elementor-widget-container\">\n\t\t\t\t\t<h2 class=\"elementor-heading-title elementor-size-default\">Uszczelnienia techniczne<\/h2>\t\t\t\t<\/div>\n\t\t\t\t<\/div>\n\t\t\t\t<section class=\"elementor-section elementor-inner-section elementor-element elementor-element-35df0542 elementor-section-boxed elementor-section-height-default elementor-section-height-default\" data-id=\"35df0542\" data-element_type=\"section\">\n\t\t\t\t\t\t<div class=\"elementor-container elementor-column-gap-default\">\n\t\t\t\t\t<div class=\"elementor-column elementor-col-50 elementor-inner-column elementor-element elementor-element-2ef06a77\" data-id=\"2ef06a77\" data-element_type=\"column\">\n\t\t\t<div class=\"elementor-widget-wrap elementor-element-populated\">\n\t\t\t\t\t\t<div class=\"elementor-element elementor-element-75ddac08 elementor-widget elementor-widget-image\" data-id=\"75ddac08\" data-element_type=\"widget\" data-widget_type=\"image.default\">\n\t\t\t\t<div class=\"elementor-widget-container\">\n\t\t\t\t\t\t\t\t\t\t\t\t\t\t\t\t<a href=\"https:\/\/www.daxor.pl\/?page_id=3122\">\n\t\t\t\t\t\t\t<img fetchpriority=\"high\" decoding=\"async\" width=\"352\" height=\"150\" src=\"https:\/\/www.daxor.pl\/wp-content\/uploads\/2020\/10\/mechaniczne-uszczelnienia-czolowe.jpg\" class=\"attachment-full size-full wp-image-3233\" alt=\"\" srcset=\"https:\/\/www.daxor.pl\/wp-content\/uploads\/2020\/10\/mechaniczne-uszczelnienia-czolowe.jpg 352w, https:\/\/www.daxor.pl\/wp-content\/uploads\/2020\/10\/mechaniczne-uszczelnienia-czolowe-300x128.jpg 300w\" sizes=\"(max-width: 352px) 100vw, 352px\" \/>\t\t\t\t\t\t\t\t<\/a>\n\t\t\t\t\t\t\t\t\t\t\t\t\t\t\t<\/div>\n\t\t\t\t<\/div>\n\t\t\t\t<div class=\"elementor-element elementor-element-53055a3c elementor-widget elementor-widget-heading\" data-id=\"53055a3c\" data-element_type=\"widget\" data-widget_type=\"heading.default\">\n\t\t\t\t<div class=\"elementor-widget-container\">\n\t\t\t\t\t<h2 class=\"elementor-heading-title elementor-size-default\"><a href=\"https:\/\/www.daxor.pl\/?page_id=3122\">Mechaniczne uszczelnienia czo\u0142owe<\/a><\/h2>\t\t\t\t<\/div>\n\t\t\t\t<\/div>\n\t\t\t\t\t<\/div>\n\t\t<\/div>\n\t\t\t\t<div class=\"elementor-column elementor-col-50 elementor-inner-column elementor-element elementor-element-fe84be5\" data-id=\"fe84be5\" data-element_type=\"column\">\n\t\t\t<div class=\"elementor-widget-wrap elementor-element-populated\">\n\t\t\t\t\t\t<div class=\"elementor-element elementor-element-6db276d7 elementor-widget elementor-widget-image\" data-id=\"6db276d7\" data-element_type=\"widget\" data-widget_type=\"image.default\">\n\t\t\t\t<div class=\"elementor-widget-container\">\n\t\t\t\t\t\t\t\t\t\t\t\t\t\t\t\t<a href=\"https:\/\/www.daxor.pl\/?page_id=3123\">\n\t\t\t\t\t\t\t<img decoding=\"async\" width=\"224\" height=\"150\" src=\"https:\/\/www.daxor.pl\/wp-content\/uploads\/2020\/10\/uszczelnienia-do-ruchow-obrotowych.jpg\" class=\"attachment-full size-full wp-image-3234\" alt=\"\" \/>\t\t\t\t\t\t\t\t<\/a>\n\t\t\t\t\t\t\t\t\t\t\t\t\t\t\t<\/div>\n\t\t\t\t<\/div>\n\t\t\t\t<div class=\"elementor-element elementor-element-67674408 elementor-widget elementor-widget-heading\" data-id=\"67674408\" data-element_type=\"widget\" data-widget_type=\"heading.default\">\n\t\t\t\t<div class=\"elementor-widget-container\">\n\t\t\t\t\t<h2 class=\"elementor-heading-title elementor-size-default\"><a href=\"https:\/\/www.daxor.pl\/?page_id=3123\">Uszczelnienia do ruch\u00f3w obrotowych<\/a><\/h2>\t\t\t\t<\/div>\n\t\t\t\t<\/div>\n\t\t\t\t\t<\/div>\n\t\t<\/div>\n\t\t\t\t\t<\/div>\n\t\t<\/section>\n\t\t\t\t<section class=\"elementor-section elementor-inner-section elementor-element elementor-element-7b41304 elementor-section-boxed elementor-section-height-default elementor-section-height-default\" data-id=\"7b41304\" data-element_type=\"section\">\n\t\t\t\t\t\t<div class=\"elementor-container elementor-column-gap-default\">\n\t\t\t\t\t<div class=\"elementor-column elementor-col-50 elementor-inner-column elementor-element elementor-element-4abccf32\" data-id=\"4abccf32\" data-element_type=\"column\">\n\t\t\t<div class=\"elementor-widget-wrap elementor-element-populated\">\n\t\t\t\t\t\t<div class=\"elementor-element elementor-element-4dce32d1 elementor-widget elementor-widget-image\" data-id=\"4dce32d1\" data-element_type=\"widget\" data-widget_type=\"image.default\">\n\t\t\t\t<div class=\"elementor-widget-container\">\n\t\t\t\t\t\t\t\t\t\t\t\t\t\t\t\t<a href=\"https:\/\/www.daxor.pl\/?page_id=3124\">\n\t\t\t\t\t\t\t<img decoding=\"async\" width=\"244\" height=\"150\" src=\"https:\/\/www.daxor.pl\/wp-content\/uploads\/2020\/10\/uszczelnienia-statyczne.jpg\" class=\"attachment-full size-full wp-image-3235\" alt=\"\" \/>\t\t\t\t\t\t\t\t<\/a>\n\t\t\t\t\t\t\t\t\t\t\t\t\t\t\t<\/div>\n\t\t\t\t<\/div>\n\t\t\t\t<div class=\"elementor-element elementor-element-3505ff3c elementor-widget elementor-widget-heading\" data-id=\"3505ff3c\" data-element_type=\"widget\" data-widget_type=\"heading.default\">\n\t\t\t\t<div class=\"elementor-widget-container\">\n\t\t\t\t\t<h2 class=\"elementor-heading-title elementor-size-default\"><a href=\"https:\/\/www.daxor.pl\/?page_id=3124\">Uszczelnienia statyczne<\/a><\/h2>\t\t\t\t<\/div>\n\t\t\t\t<\/div>\n\t\t\t\t\t<\/div>\n\t\t<\/div>\n\t\t\t\t<div class=\"elementor-column elementor-col-50 elementor-inner-column elementor-element elementor-element-648cb149\" data-id=\"648cb149\" data-element_type=\"column\">\n\t\t\t<div class=\"elementor-widget-wrap elementor-element-populated\">\n\t\t\t\t\t\t<div class=\"elementor-element elementor-element-2d6e81b7 elementor-widget elementor-widget-image\" data-id=\"2d6e81b7\" data-element_type=\"widget\" data-widget_type=\"image.default\">\n\t\t\t\t<div class=\"elementor-widget-container\">\n\t\t\t\t\t\t\t\t\t\t\t\t\t\t\t\t<a href=\"https:\/\/www.daxor.pl\/?page_id=3126\">\n\t\t\t\t\t\t\t<img loading=\"lazy\" decoding=\"async\" width=\"199\" height=\"150\" src=\"https:\/\/www.daxor.pl\/wp-content\/uploads\/2020\/10\/uszczelnienia-do-hydrauliki-silowej.jpg\" class=\"attachment-full size-full wp-image-3236\" alt=\"\" \/>\t\t\t\t\t\t\t\t<\/a>\n\t\t\t\t\t\t\t\t\t\t\t\t\t\t\t<\/div>\n\t\t\t\t<\/div>\n\t\t\t\t<div class=\"elementor-element elementor-element-232b1042 elementor-widget elementor-widget-heading\" data-id=\"232b1042\" data-element_type=\"widget\" data-widget_type=\"heading.default\">\n\t\t\t\t<div class=\"elementor-widget-container\">\n\t\t\t\t\t<h2 class=\"elementor-heading-title elementor-size-default\"><a href=\"https:\/\/www.daxor.pl\/?page_id=3126\">Uszczelnienia do si\u0142ownik\u00f3w hydraulicznych<\/a><\/h2>\t\t\t\t<\/div>\n\t\t\t\t<\/div>\n\t\t\t\t\t<\/div>\n\t\t<\/div>\n\t\t\t\t\t<\/div>\n\t\t<\/section>\n\t\t\t\t\t<\/div>\n\t\t<\/div>\n\t\t\t\t\t<\/div>\n\t\t<\/section>\n\t\t\t\t<\/div>\n\t\t","protected":false},"excerpt":{"rendered":"<p>Mechaniczne uszczelnienia czo\u0142owe Uszczelnienia do ruch\u00f3w obrotowych Uszczelnienia statyczne Uszczelnienia do si\u0142ownik\u00f3w hydraulicznych Uszczelnienia techniczne Mechaniczne uszczelnienia czo\u0142owe Uszczelnienia do ruch\u00f3w obrotowych Uszczelnienia statyczne Uszczelnienia do si\u0142ownik\u00f3w hydraulicznych<\/p>\n","protected":false},"author":1,"featured_media":0,"parent":1317,"menu_order":0,"comment_status":"closed","ping_status":"closed","template":"page-templates\/pagebuilder.php","meta":{"zakra_page_container_layout":"customizer","zakra_page_sidebar_layout":"customizer","zakra_remove_content_margin":false,"zakra_sidebar":"customizer","zakra_transparent_header":"customizer","zakra_logo":0,"zakra_main_header_style":"default","zakra_menu_item_color":"","zakra_menu_item_hover_color":"","zakra_menu_item_active_color":"","zakra_menu_active_style":"","zakra_page_header":true,"footnotes":""},"class_list":["post-1402","page","type-page","status-publish","hentry"],"yoast_head":"<!-- This site is optimized with the Yoast SEO plugin v26.4 - https:\/\/yoast.com\/wordpress\/plugins\/seo\/ -->\n<title>Uszczelnienia techniczne - Daxor<\/title>\n<meta name=\"robots\" content=\"index, follow, max-snippet:-1, max-image-preview:large, max-video-preview:-1\" \/>\n<link rel=\"canonical\" href=\"https:\/\/www.daxor.pl\/?page_id=1402\" \/>\n<meta property=\"og:locale\" content=\"pl_PL\" \/>\n<meta property=\"og:type\" content=\"article\" \/>\n<meta property=\"og:title\" content=\"Uszczelnienia techniczne - Daxor\" \/>\n<meta property=\"og:description\" content=\"Mechaniczne uszczelnienia czo\u0142owe Uszczelnienia do ruch\u00f3w obrotowych Uszczelnienia statyczne Uszczelnienia do si\u0142ownik\u00f3w hydraulicznych Uszczelnienia techniczne Mechaniczne uszczelnienia czo\u0142owe Uszczelnienia do ruch\u00f3w obrotowych Uszczelnienia statyczne Uszczelnienia do si\u0142ownik\u00f3w hydraulicznych\" \/>\n<meta property=\"og:url\" content=\"https:\/\/www.daxor.pl\/?page_id=1402\" \/>\n<meta property=\"og:site_name\" content=\"Daxor\" \/>\n<meta property=\"article:modified_time\" content=\"2020-10-07T21:00:57+00:00\" \/>\n<meta property=\"og:image\" content=\"https:\/\/www.daxor.pl\/wp-content\/uploads\/2020\/10\/mechaniczne-uszczelnienia-czolowe.jpg\" \/>\n<meta name=\"twitter:card\" content=\"summary_large_image\" \/>\n<script type=\"application\/ld+json\" class=\"yoast-schema-graph\">{\"@context\":\"https:\/\/schema.org\",\"@graph\":[{\"@type\":\"WebPage\",\"@id\":\"https:\/\/www.daxor.pl\/?page_id=1402\",\"url\":\"https:\/\/www.daxor.pl\/?page_id=1402\",\"name\":\"Uszczelnienia techniczne - Daxor\",\"isPartOf\":{\"@id\":\"https:\/\/www.daxor.pl\/#website\"},\"primaryImageOfPage\":{\"@id\":\"https:\/\/www.daxor.pl\/?page_id=1402#primaryimage\"},\"image\":{\"@id\":\"https:\/\/www.daxor.pl\/?page_id=1402#primaryimage\"},\"thumbnailUrl\":\"https:\/\/www.daxor.pl\/wp-content\/uploads\/2020\/10\/mechaniczne-uszczelnienia-czolowe.jpg\",\"datePublished\":\"2020-09-19T20:06:15+00:00\",\"dateModified\":\"2020-10-07T21:00:57+00:00\",\"breadcrumb\":{\"@id\":\"https:\/\/www.daxor.pl\/?page_id=1402#breadcrumb\"},\"inLanguage\":\"pl-PL\",\"potentialAction\":[{\"@type\":\"ReadAction\",\"target\":[\"https:\/\/www.daxor.pl\/?page_id=1402\"]}]},{\"@type\":\"ImageObject\",\"inLanguage\":\"pl-PL\",\"@id\":\"https:\/\/www.daxor.pl\/?page_id=1402#primaryimage\",\"url\":\"https:\/\/www.daxor.pl\/wp-content\/uploads\/2020\/10\/mechaniczne-uszczelnienia-czolowe.jpg\",\"contentUrl\":\"https:\/\/www.daxor.pl\/wp-content\/uploads\/2020\/10\/mechaniczne-uszczelnienia-czolowe.jpg\",\"width\":352,\"height\":150},{\"@type\":\"BreadcrumbList\",\"@id\":\"https:\/\/www.daxor.pl\/?page_id=1402#breadcrumb\",\"itemListElement\":[{\"@type\":\"ListItem\",\"position\":1,\"name\":\"Strona g\u0142\u00f3wna\",\"item\":\"https:\/\/www.daxor.pl\/\"},{\"@type\":\"ListItem\",\"position\":2,\"name\":\"Strona g\u0142\u00f3wna\",\"item\":\"https:\/\/www.daxor.pl\/\"},{\"@type\":\"ListItem\",\"position\":3,\"name\":\"Oferta\",\"item\":\"https:\/\/www.daxor.pl\/?page_id=1317\"},{\"@type\":\"ListItem\",\"position\":4,\"name\":\"Uszczelnienia techniczne\"}]},{\"@type\":\"WebSite\",\"@id\":\"https:\/\/www.daxor.pl\/#website\",\"url\":\"https:\/\/www.daxor.pl\/\",\"name\":\"Daxor\",\"description\":\"Dostawa i dob\u00f3r najlepszych cz\u0119\u015bci na potrzeby produkcji, utrzymania ruchu oraz remont\u00f3w\",\"publisher\":{\"@id\":\"https:\/\/www.daxor.pl\/#organization\"},\"potentialAction\":[{\"@type\":\"SearchAction\",\"target\":{\"@type\":\"EntryPoint\",\"urlTemplate\":\"https:\/\/www.daxor.pl\/?s={search_term_string}\"},\"query-input\":{\"@type\":\"PropertyValueSpecification\",\"valueRequired\":true,\"valueName\":\"search_term_string\"}}],\"inLanguage\":\"pl-PL\"},{\"@type\":\"Organization\",\"@id\":\"https:\/\/www.daxor.pl\/#organization\",\"name\":\"Daxor\",\"url\":\"https:\/\/www.daxor.pl\/\",\"logo\":{\"@type\":\"ImageObject\",\"inLanguage\":\"pl-PL\",\"@id\":\"https:\/\/www.daxor.pl\/#\/schema\/logo\/image\/\",\"url\":\"https:\/\/www.daxor.pl\/wp-content\/uploads\/2020\/09\/logo_white.png\",\"contentUrl\":\"https:\/\/www.daxor.pl\/wp-content\/uploads\/2020\/09\/logo_white.png\",\"width\":188,\"height\":60,\"caption\":\"Daxor\"},\"image\":{\"@id\":\"https:\/\/www.daxor.pl\/#\/schema\/logo\/image\/\"}}]}<\/script>\n<!-- \/ Yoast SEO plugin. -->","yoast_head_json":{"title":"Uszczelnienia techniczne - Daxor","robots":{"index":"index","follow":"follow","max-snippet":"max-snippet:-1","max-image-preview":"max-image-preview:large","max-video-preview":"max-video-preview:-1"},"canonical":"https:\/\/www.daxor.pl\/?page_id=1402","og_locale":"pl_PL","og_type":"article","og_title":"Uszczelnienia techniczne - Daxor","og_description":"Mechaniczne uszczelnienia czo\u0142owe Uszczelnienia do ruch\u00f3w obrotowych Uszczelnienia statyczne Uszczelnienia do si\u0142ownik\u00f3w hydraulicznych Uszczelnienia techniczne Mechaniczne uszczelnienia czo\u0142owe Uszczelnienia do ruch\u00f3w obrotowych Uszczelnienia statyczne Uszczelnienia do si\u0142ownik\u00f3w hydraulicznych","og_url":"https:\/\/www.daxor.pl\/?page_id=1402","og_site_name":"Daxor","article_modified_time":"2020-10-07T21:00:57+00:00","og_image":[{"url":"https:\/\/www.daxor.pl\/wp-content\/uploads\/2020\/10\/mechaniczne-uszczelnienia-czolowe.jpg","type":"","width":"","height":""}],"twitter_card":"summary_large_image","schema":{"@context":"https:\/\/schema.org","@graph":[{"@type":"WebPage","@id":"https:\/\/www.daxor.pl\/?page_id=1402","url":"https:\/\/www.daxor.pl\/?page_id=1402","name":"Uszczelnienia techniczne - Daxor","isPartOf":{"@id":"https:\/\/www.daxor.pl\/#website"},"primaryImageOfPage":{"@id":"https:\/\/www.daxor.pl\/?page_id=1402#primaryimage"},"image":{"@id":"https:\/\/www.daxor.pl\/?page_id=1402#primaryimage"},"thumbnailUrl":"https:\/\/www.daxor.pl\/wp-content\/uploads\/2020\/10\/mechaniczne-uszczelnienia-czolowe.jpg","datePublished":"2020-09-19T20:06:15+00:00","dateModified":"2020-10-07T21:00:57+00:00","breadcrumb":{"@id":"https:\/\/www.daxor.pl\/?page_id=1402#breadcrumb"},"inLanguage":"pl-PL","potentialAction":[{"@type":"ReadAction","target":["https:\/\/www.daxor.pl\/?page_id=1402"]}]},{"@type":"ImageObject","inLanguage":"pl-PL","@id":"https:\/\/www.daxor.pl\/?page_id=1402#primaryimage","url":"https:\/\/www.daxor.pl\/wp-content\/uploads\/2020\/10\/mechaniczne-uszczelnienia-czolowe.jpg","contentUrl":"https:\/\/www.daxor.pl\/wp-content\/uploads\/2020\/10\/mechaniczne-uszczelnienia-czolowe.jpg","width":352,"height":150},{"@type":"BreadcrumbList","@id":"https:\/\/www.daxor.pl\/?page_id=1402#breadcrumb","itemListElement":[{"@type":"ListItem","position":1,"name":"Strona g\u0142\u00f3wna","item":"https:\/\/www.daxor.pl\/"},{"@type":"ListItem","position":2,"name":"Strona g\u0142\u00f3wna","item":"https:\/\/www.daxor.pl\/"},{"@type":"ListItem","position":3,"name":"Oferta","item":"https:\/\/www.daxor.pl\/?page_id=1317"},{"@type":"ListItem","position":4,"name":"Uszczelnienia techniczne"}]},{"@type":"WebSite","@id":"https:\/\/www.daxor.pl\/#website","url":"https:\/\/www.daxor.pl\/","name":"Daxor","description":"Dostawa i dob\u00f3r najlepszych cz\u0119\u015bci na potrzeby produkcji, utrzymania ruchu oraz remont\u00f3w","publisher":{"@id":"https:\/\/www.daxor.pl\/#organization"},"potentialAction":[{"@type":"SearchAction","target":{"@type":"EntryPoint","urlTemplate":"https:\/\/www.daxor.pl\/?s={search_term_string}"},"query-input":{"@type":"PropertyValueSpecification","valueRequired":true,"valueName":"search_term_string"}}],"inLanguage":"pl-PL"},{"@type":"Organization","@id":"https:\/\/www.daxor.pl\/#organization","name":"Daxor","url":"https:\/\/www.daxor.pl\/","logo":{"@type":"ImageObject","inLanguage":"pl-PL","@id":"https:\/\/www.daxor.pl\/#\/schema\/logo\/image\/","url":"https:\/\/www.daxor.pl\/wp-content\/uploads\/2020\/09\/logo_white.png","contentUrl":"https:\/\/www.daxor.pl\/wp-content\/uploads\/2020\/09\/logo_white.png","width":188,"height":60,"caption":"Daxor"},"image":{"@id":"https:\/\/www.daxor.pl\/#\/schema\/logo\/image\/"}}]}},"_links":{"self":[{"href":"https:\/\/www.daxor.pl\/index.php?rest_route=\/wp\/v2\/pages\/1402","targetHints":{"allow":["GET"]}}],"collection":[{"href":"https:\/\/www.daxor.pl\/index.php?rest_route=\/wp\/v2\/pages"}],"about":[{"href":"https:\/\/www.daxor.pl\/index.php?rest_route=\/wp\/v2\/types\/page"}],"author":[{"embeddable":true,"href":"https:\/\/www.daxor.pl\/index.php?rest_route=\/wp\/v2\/users\/1"}],"replies":[{"embeddable":true,"href":"https:\/\/www.daxor.pl\/index.php?rest_route=%2Fwp%2Fv2%2Fcomments&post=1402"}],"version-history":[{"count":16,"href":"https:\/\/www.daxor.pl\/index.php?rest_route=\/wp\/v2\/pages\/1402\/revisions"}],"predecessor-version":[{"id":3286,"href":"https:\/\/www.daxor.pl\/index.php?rest_route=\/wp\/v2\/pages\/1402\/revisions\/3286"}],"up":[{"embeddable":true,"href":"https:\/\/www.daxor.pl\/index.php?rest_route=\/wp\/v2\/pages\/1317"}],"wp:attachment":[{"href":"https:\/\/www.daxor.pl\/index.php?rest_route=%2Fwp%2Fv2%2Fmedia&parent=1402"}],"curies":[{"name":"wp","href":"https:\/\/api.w.org\/{rel}","templated":true}]}}