{"id":1580,"date":"2020-09-20T12:32:05","date_gmt":"2020-09-20T10:32:05","guid":{"rendered":"https:\/\/daxor.pl\/?page_id=1580"},"modified":"2020-09-27T09:04:06","modified_gmt":"2020-09-27T07:04:06","slug":"plyty-i-korpusy-2","status":"publish","type":"page","link":"https:\/\/www.daxor.pl\/?page_id=1580","title":{"rendered":"P\u0142yty i korpusy"},"content":{"rendered":"\t\t<div data-elementor-type=\"wp-page\" data-elementor-id=\"1580\" class=\"elementor elementor-1580\">\n\t\t\t\t\t\t<section class=\"elementor-section elementor-top-section elementor-element elementor-element-523e71ef elementor-section-boxed elementor-section-height-default elementor-section-height-default\" data-id=\"523e71ef\" data-element_type=\"section\">\n\t\t\t\t\t\t<div class=\"elementor-container elementor-column-gap-default\">\n\t\t\t\t\t<div class=\"elementor-column elementor-col-100 elementor-top-column elementor-element elementor-element-51922f58\" data-id=\"51922f58\" data-element_type=\"column\">\n\t\t\t<div class=\"elementor-widget-wrap elementor-element-populated\">\n\t\t\t\t\t\t<div class=\"elementor-element elementor-element-3a3f021e elementor-widget elementor-widget-wp-widget-bcn_widget\" data-id=\"3a3f021e\" data-element_type=\"widget\" data-widget_type=\"wp-widget-bcn_widget.default\">\n\t\t\t\t<div class=\"elementor-widget-container\">\n\t\t\t\t\t<div class=\"breadcrumbs\" vocab=\"https:\/\/schema.org\/\" typeof=\"BreadcrumbList\"><!-- Breadcrumb NavXT 7.4.1 -->\n<span property=\"itemListElement\" typeof=\"ListItem\"><a property=\"item\" typeof=\"WebPage\" title=\"Przejd\u017a do Daxor.\" href=\"https:\/\/www.daxor.pl\" class=\"home\" aria-current=\"page\"><span property=\"name\">Daxor<\/span><\/a><meta property=\"position\" content=\"1\"><\/span><\/div>\t\t\t\t<\/div>\n\t\t\t\t<\/div>\n\t\t\t\t\t<\/div>\n\t\t<\/div>\n\t\t\t\t\t<\/div>\n\t\t<\/section>\n\t\t\t\t<section class=\"elementor-section elementor-top-section elementor-element elementor-element-74cfa1e3 elementor-section-boxed elementor-section-height-default elementor-section-height-default\" data-id=\"74cfa1e3\" data-element_type=\"section\">\n\t\t\t\t\t\t<div class=\"elementor-container elementor-column-gap-default\">\n\t\t\t\t\t<div class=\"elementor-column elementor-col-33 elementor-top-column elementor-element elementor-element-bf47aac\" data-id=\"bf47aac\" data-element_type=\"column\">\n\t\t\t<div class=\"elementor-widget-wrap elementor-element-populated\">\n\t\t\t\t\t\t<div class=\"elementor-element elementor-element-3c88ded6 elementor-widget elementor-widget-heading\" data-id=\"3c88ded6\" data-element_type=\"widget\" data-widget_type=\"heading.default\">\n\t\t\t\t<div class=\"elementor-widget-container\">\n\t\t\t\t\t<h2 class=\"elementor-heading-title elementor-size-default\"><a href=\"https:\/\/daxor.pl\/?page_id=1636\">Budowa t\u0142ocznik\u00f3w<\/a><\/h2>\t\t\t\t<\/div>\n\t\t\t\t<\/div>\n\t\t\t\t<div class=\"elementor-element elementor-element-429f1aa4 elementor-widget elementor-widget-wp-widget-nav_menu\" data-id=\"429f1aa4\" data-element_type=\"widget\" data-widget_type=\"wp-widget-nav_menu.default\">\n\t\t\t\t<div class=\"elementor-widget-container\">\n\t\t\t\t\t<div class=\"menu-budowa-tlocznikow-container\"><ul id=\"menu-budowa-tlocznikow\" class=\"menu\"><li id=\"menu-item-1556\" class=\"menu-item menu-item-type-post_type menu-item-object-page menu-item-1556\"><a href=\"https:\/\/www.daxor.pl\/?page_id=1537\">P\u0142yty i korpusy<\/a><\/li>\n<li id=\"menu-item-1557\" class=\"menu-item menu-item-type-post_type menu-item-object-page menu-item-1557\"><a href=\"https:\/\/www.daxor.pl\/?page_id=1538\">Elementy prowadz\u0105ce i \u015blizgowe<\/a><\/li>\n<li id=\"menu-item-1558\" class=\"menu-item menu-item-type-post_type menu-item-object-page menu-item-1558\"><a href=\"https:\/\/www.daxor.pl\/?page_id=1540\">Stemple matryce i oprawy stempli<\/a><\/li>\n<li id=\"menu-item-1559\" class=\"menu-item menu-item-type-post_type menu-item-object-page menu-item-1559\"><a href=\"https:\/\/www.daxor.pl\/?page_id=1541\">Elementy transportowe<\/a><\/li>\n<li id=\"menu-item-1560\" class=\"menu-item menu-item-type-post_type menu-item-object-page menu-item-1560\"><a href=\"https:\/\/www.daxor.pl\/?page_id=1542\">Mechaniczne komponenty do t\u0142ocznik\u00f3w<\/a><\/li>\n<li id=\"menu-item-1561\" class=\"menu-item menu-item-type-post_type menu-item-object-page menu-item-has-children menu-item-1561\"><a href=\"https:\/\/www.daxor.pl\/?page_id=1543\">Spr\u0119\u017cyny i elementy spr\u0119\u017cynuj\u0105ce<\/a>\n<ul class=\"sub-menu\">\n\t<li id=\"menu-item-1575\" class=\"menu-item menu-item-type-post_type menu-item-object-page menu-item-1575\"><a href=\"https:\/\/www.daxor.pl\/?page_id=1566\">Spr\u0119\u017cyny gazowe<\/a><\/li>\n\t<li id=\"menu-item-1576\" class=\"menu-item menu-item-type-post_type menu-item-object-page menu-item-1576\"><a href=\"https:\/\/www.daxor.pl\/?page_id=1567\">Spr\u0119\u017cyny stalowe<\/a><\/li>\n\t<li id=\"menu-item-1577\" class=\"menu-item menu-item-type-post_type menu-item-object-page menu-item-1577\"><a href=\"https:\/\/www.daxor.pl\/?page_id=1568\">Elastomery<\/a><\/li>\n\t<li id=\"menu-item-1578\" class=\"menu-item menu-item-type-post_type menu-item-object-page menu-item-1578\"><a href=\"https:\/\/www.daxor.pl\/?page_id=1569\">Elementy spr\u0119\u017cynuj\u0105ce<\/a><\/li>\n<\/ul>\n<\/li>\n<li id=\"menu-item-1562\" class=\"menu-item menu-item-type-post_type menu-item-object-page menu-item-1562\"><a href=\"https:\/\/www.daxor.pl\/?page_id=1544\">Suwaki<\/a><\/li>\n<li id=\"menu-item-1563\" class=\"menu-item menu-item-type-post_type menu-item-object-page menu-item-1563\"><a href=\"https:\/\/www.daxor.pl\/?page_id=1545\">Elementy mocuj\u0105ce<\/a><\/li>\n<li id=\"menu-item-1564\" class=\"menu-item menu-item-type-post_type menu-item-object-page menu-item-1564\"><a href=\"https:\/\/www.daxor.pl\/?page_id=1546\">Zaciski<\/a><\/li>\n<\/ul><\/div>\t\t\t\t<\/div>\n\t\t\t\t<\/div>\n\t\t\t\t<div class=\"elementor-element elementor-element-1f40fe3d elementor-widget elementor-widget-heading\" data-id=\"1f40fe3d\" data-element_type=\"widget\" data-widget_type=\"heading.default\">\n\t\t\t\t<div class=\"elementor-widget-container\">\n\t\t\t\t\t<h2 class=\"elementor-heading-title elementor-size-default\"><a href=\"https:\/\/daxor.pl\/?page_id=1637\">Budowa form<\/a><\/h2>\t\t\t\t<\/div>\n\t\t\t\t<\/div>\n\t\t\t\t<div class=\"elementor-element elementor-element-243a1b9e elementor-widget elementor-widget-wp-widget-nav_menu\" data-id=\"243a1b9e\" data-element_type=\"widget\" data-widget_type=\"wp-widget-nav_menu.default\">\n\t\t\t\t<div class=\"elementor-widget-container\">\n\t\t\t\t\t<div class=\"menu-budowa-form-container\"><ul id=\"menu-budowa-form\" class=\"menu\"><li id=\"menu-item-1610\" class=\"menu-item menu-item-type-post_type menu-item-object-page menu-item-1610\"><a href=\"https:\/\/www.daxor.pl\/?page_id=1580\">P\u0142yty i korpusy<\/a><\/li>\n<li id=\"menu-item-1611\" class=\"menu-item menu-item-type-post_type menu-item-object-page menu-item-1611\"><a href=\"https:\/\/www.daxor.pl\/?page_id=1581\">Elementy prowadz\u0105ce i \u015blizgowe<\/a><\/li>\n<li id=\"menu-item-1612\" class=\"menu-item menu-item-type-post_type menu-item-object-page menu-item-1612\"><a href=\"https:\/\/www.daxor.pl\/?page_id=1582\">Wypychacze<\/a><\/li>\n<li id=\"menu-item-1613\" class=\"menu-item menu-item-type-post_type menu-item-object-page menu-item-1613\"><a href=\"https:\/\/www.daxor.pl\/?page_id=1583\">Elementy ustalaj\u0105ce i centruj\u0105ce<\/a><\/li>\n<li id=\"menu-item-1614\" class=\"menu-item menu-item-type-post_type menu-item-object-page menu-item-1614\"><a href=\"https:\/\/www.daxor.pl\/?page_id=1584\">Akcesoria do form<\/a><\/li>\n<li id=\"menu-item-1615\" class=\"menu-item menu-item-type-post_type menu-item-object-page menu-item-1615\"><a href=\"https:\/\/www.daxor.pl\/?page_id=1585\">Chemia czyszcz\u0105ca i \u015brodki smarne<\/a><\/li>\n<li id=\"menu-item-1616\" class=\"menu-item menu-item-type-post_type menu-item-object-page menu-item-1616\"><a href=\"https:\/\/www.daxor.pl\/?page_id=1586\">Elementy \u015blizgowe i prowadz\u0105ce<\/a><\/li>\n<li id=\"menu-item-1617\" class=\"menu-item menu-item-type-post_type menu-item-object-page menu-item-1617\"><a href=\"https:\/\/www.daxor.pl\/?page_id=1587\">Elementy transportowe i mocuj\u0105ce<\/a><\/li>\n<li id=\"menu-item-1618\" class=\"menu-item menu-item-type-post_type menu-item-object-page menu-item-1618\"><a href=\"https:\/\/www.daxor.pl\/?page_id=1588\">Spr\u0119\u017cyny<\/a><\/li>\n<li id=\"menu-item-1619\" class=\"menu-item menu-item-type-post_type menu-item-object-page menu-item-1619\"><a href=\"https:\/\/www.daxor.pl\/?page_id=1589\">Elementy system\u00f3w wtryskowych<\/a><\/li>\n<li id=\"menu-item-1620\" class=\"menu-item menu-item-type-post_type menu-item-object-page menu-item-1620\"><a href=\"https:\/\/www.daxor.pl\/?page_id=1590\">Przyrz\u0105dy i \u015brodki poleruj\u0105ce<\/a><\/li>\n<li id=\"menu-item-1621\" class=\"menu-item menu-item-type-post_type menu-item-object-page menu-item-1621\"><a href=\"https:\/\/www.daxor.pl\/?page_id=1591\">Narz\u0119dzia do obr\u00f3bki form<\/a><\/li>\n<li id=\"menu-item-1622\" class=\"menu-item menu-item-type-post_type menu-item-object-page menu-item-1622\"><a href=\"https:\/\/www.daxor.pl\/?page_id=1592\">Elementy mocuj\u0105ce<\/a><\/li>\n<li id=\"menu-item-1623\" class=\"menu-item menu-item-type-post_type menu-item-object-page menu-item-1623\"><a href=\"https:\/\/www.daxor.pl\/?page_id=1593\">Elementy systemu ch\u0142odzenia<\/a><\/li>\n<li id=\"menu-item-1624\" class=\"menu-item menu-item-type-post_type menu-item-object-page menu-item-1624\"><a href=\"https:\/\/www.daxor.pl\/?page_id=1594\">System do form CUMSA<\/a><\/li>\n<\/ul><\/div>\t\t\t\t<\/div>\n\t\t\t\t<\/div>\n\t\t\t\t<div class=\"elementor-element elementor-element-27e0ccdc elementor-widget elementor-widget-heading\" data-id=\"27e0ccdc\" data-element_type=\"widget\" data-widget_type=\"heading.default\">\n\t\t\t\t<div class=\"elementor-widget-container\">\n\t\t\t\t\t<h2 class=\"elementor-heading-title elementor-size-default\"><a href=\"https:\/\/daxor.pl\/?page_id=1638\">Maszyny, urz\u0105dzenia, przyrz\u0105dy<\/a><\/h2>\t\t\t\t<\/div>\n\t\t\t\t<\/div>\n\t\t\t\t\t<\/div>\n\t\t<\/div>\n\t\t\t\t<div class=\"elementor-column elementor-col-66 elementor-top-column elementor-element elementor-element-4df8a908\" data-id=\"4df8a908\" data-element_type=\"column\">\n\t\t\t<div class=\"elementor-widget-wrap elementor-element-populated\">\n\t\t\t\t\t\t<div class=\"elementor-element elementor-element-6a632c09 elementor-widget elementor-widget-heading\" data-id=\"6a632c09\" data-element_type=\"widget\" data-widget_type=\"heading.default\">\n\t\t\t\t<div class=\"elementor-widget-container\">\n\t\t\t\t\t<h2 class=\"elementor-heading-title elementor-size-default\">P\u0142yty i korpusy<\/h2>\t\t\t\t<\/div>\n\t\t\t\t<\/div>\n\t\t\t\t<section class=\"elementor-section elementor-inner-section elementor-element elementor-element-35151e2b elementor-section-boxed elementor-section-height-default elementor-section-height-default\" data-id=\"35151e2b\" data-element_type=\"section\">\n\t\t\t\t\t\t<div class=\"elementor-container elementor-column-gap-default\">\n\t\t\t\t\t<div class=\"elementor-column elementor-col-50 elementor-inner-column elementor-element elementor-element-2440a1a6\" data-id=\"2440a1a6\" data-element_type=\"column\">\n\t\t\t<div class=\"elementor-widget-wrap elementor-element-populated\">\n\t\t\t\t\t\t<div class=\"elementor-element elementor-element-549943db elementor-widget elementor-widget-image\" data-id=\"549943db\" data-element_type=\"widget\" data-widget_type=\"image.default\">\n\t\t\t\t<div class=\"elementor-widget-container\">\n\t\t\t\t\t\t\t\t\t\t\t\t\t\t\t\t<a href=\"http:\/\/www.daxor.pl\/pdf\/normalia\/EKP.pdf\">\n\t\t\t\t\t\t\t<img decoding=\"async\" width=\"150\" height=\"150\" src=\"https:\/\/www.daxor.pl\/wp-content\/uploads\/2020\/09\/EKP-150x150.jpg\" class=\"attachment-thumbnail size-thumbnail wp-image-1710\" alt=\"\" srcset=\"https:\/\/www.daxor.pl\/wp-content\/uploads\/2020\/09\/EKP-150x150.jpg 150w, https:\/\/www.daxor.pl\/wp-content\/uploads\/2020\/09\/EKP.jpg 200w\" sizes=\"(max-width: 150px) 100vw, 150px\" \/>\t\t\t\t\t\t\t\t<\/a>\n\t\t\t\t\t\t\t\t\t\t\t\t\t\t\t<\/div>\n\t\t\t\t<\/div>\n\t\t\t\t<div class=\"elementor-element elementor-element-41140735 elementor-widget elementor-widget-heading\" data-id=\"41140735\" data-element_type=\"widget\" data-widget_type=\"heading.default\">\n\t\t\t\t<div class=\"elementor-widget-container\">\n\t\t\t\t\t<h4 class=\"elementor-heading-title elementor-size-default\">P\u0142yty do form wtryskowych\nEKP<\/h4>\t\t\t\t<\/div>\n\t\t\t\t<\/div>\n\t\t\t\t<div class=\"elementor-element elementor-element-50e01f9f elementor-align-justify elementor-widget elementor-widget-button\" data-id=\"50e01f9f\" data-element_type=\"widget\" data-widget_type=\"button.default\">\n\t\t\t\t<div class=\"elementor-widget-container\">\n\t\t\t\t\t\t\t\t\t<div class=\"elementor-button-wrapper\">\n\t\t\t\t\t<a class=\"elementor-button elementor-button-link elementor-size-xs\" href=\"http:\/\/www.daxor.pl\/pdf\/normalia\/EKP.pdf\">\n\t\t\t\t\t\t<span class=\"elementor-button-content-wrapper\">\n\t\t\t\t\t\t\t\t\t<span class=\"elementor-button-text\">EKP<\/span>\n\t\t\t\t\t<\/span>\n\t\t\t\t\t<\/a>\n\t\t\t\t<\/div>\n\t\t\t\t\t\t\t\t<\/div>\n\t\t\t\t<\/div>\n\t\t\t\t\t<\/div>\n\t\t<\/div>\n\t\t\t\t<div class=\"elementor-column elementor-col-50 elementor-inner-column elementor-element elementor-element-5ac13932\" data-id=\"5ac13932\" data-element_type=\"column\">\n\t\t\t<div class=\"elementor-widget-wrap elementor-element-populated\">\n\t\t\t\t\t\t<div class=\"elementor-element elementor-element-23b9dadf elementor-widget elementor-widget-image\" data-id=\"23b9dadf\" data-element_type=\"widget\" data-widget_type=\"image.default\">\n\t\t\t\t<div class=\"elementor-widget-container\">\n\t\t\t\t\t\t\t\t\t\t\t\t\t\t\t\t<a href=\"http:\/\/www.daxor.pl\/pdf\/normalia\/EKS\u200b.pdf\">\n\t\t\t\t\t\t\t<img decoding=\"async\" width=\"150\" height=\"150\" src=\"https:\/\/www.daxor.pl\/wp-content\/uploads\/2020\/09\/EKS-150x150.jpg\" class=\"attachment-thumbnail size-thumbnail wp-image-1711\" alt=\"\" srcset=\"https:\/\/www.daxor.pl\/wp-content\/uploads\/2020\/09\/EKS-150x150.jpg 150w, https:\/\/www.daxor.pl\/wp-content\/uploads\/2020\/09\/EKS.jpg 200w\" sizes=\"(max-width: 150px) 100vw, 150px\" \/>\t\t\t\t\t\t\t\t<\/a>\n\t\t\t\t\t\t\t\t\t\t\t\t\t\t\t<\/div>\n\t\t\t\t<\/div>\n\t\t\t\t<div class=\"elementor-element elementor-element-61670e83 elementor-widget elementor-widget-heading\" data-id=\"61670e83\" data-element_type=\"widget\" data-widget_type=\"heading.default\">\n\t\t\t\t<div class=\"elementor-widget-container\">\n\t\t\t\t\t<h4 class=\"elementor-heading-title elementor-size-default\">Korpusy form wtryskowych\nEKS<\/h4>\t\t\t\t<\/div>\n\t\t\t\t<\/div>\n\t\t\t\t<div class=\"elementor-element elementor-element-31223a60 elementor-align-justify elementor-widget elementor-widget-button\" data-id=\"31223a60\" data-element_type=\"widget\" data-widget_type=\"button.default\">\n\t\t\t\t<div class=\"elementor-widget-container\">\n\t\t\t\t\t\t\t\t\t<div class=\"elementor-button-wrapper\">\n\t\t\t\t\t<a class=\"elementor-button elementor-button-link elementor-size-xs\" href=\"http:\/\/www.daxor.pl\/pdf\/normalia\/EKS\u200b.pdf\">\n\t\t\t\t\t\t<span class=\"elementor-button-content-wrapper\">\n\t\t\t\t\t\t\t\t\t<span class=\"elementor-button-text\">EKS<\/span>\n\t\t\t\t\t<\/span>\n\t\t\t\t\t<\/a>\n\t\t\t\t<\/div>\n\t\t\t\t\t\t\t\t<\/div>\n\t\t\t\t<\/div>\n\t\t\t\t\t<\/div>\n\t\t<\/div>\n\t\t\t\t\t<\/div>\n\t\t<\/section>\n\t\t\t\t\t<\/div>\n\t\t<\/div>\n\t\t\t\t\t<\/div>\n\t\t<\/section>\n\t\t\t\t<\/div>\n\t\t","protected":false},"excerpt":{"rendered":"<p>Budowa t\u0142ocznik\u00f3w Budowa form Maszyny, urz\u0105dzenia, przyrz\u0105dy P\u0142yty i korpusy P\u0142yty do form wtryskowych EKP EKP Korpusy form wtryskowych EKS EKS<\/p>\n","protected":false},"author":1,"featured_media":0,"parent":1637,"menu_order":0,"comment_status":"closed","ping_status":"closed","template":"page-templates\/pagebuilder.php","meta":{"zakra_page_container_layout":"customizer","zakra_page_sidebar_layout":"customizer","zakra_remove_content_margin":false,"zakra_sidebar":"customizer","zakra_transparent_header":"customizer","zakra_logo":0,"zakra_main_header_style":"default","zakra_menu_item_color":"","zakra_menu_item_hover_color":"","zakra_menu_item_active_color":"","zakra_menu_active_style":"","zakra_page_header":true,"footnotes":""},"class_list":["post-1580","page","type-page","status-publish","hentry"],"yoast_head":"<!-- This site is optimized with the Yoast SEO plugin v26.4 - https:\/\/yoast.com\/wordpress\/plugins\/seo\/ -->\n<title>P\u0142yty i korpusy - Daxor<\/title>\n<meta name=\"robots\" content=\"index, follow, max-snippet:-1, max-image-preview:large, max-video-preview:-1\" \/>\n<link rel=\"canonical\" href=\"https:\/\/www.daxor.pl\/?page_id=1580\" \/>\n<meta property=\"og:locale\" content=\"pl_PL\" \/>\n<meta property=\"og:type\" content=\"article\" \/>\n<meta property=\"og:title\" content=\"P\u0142yty i korpusy - Daxor\" \/>\n<meta property=\"og:description\" content=\"Budowa t\u0142ocznik\u00f3w Budowa form Maszyny, urz\u0105dzenia, przyrz\u0105dy P\u0142yty i korpusy P\u0142yty do form wtryskowych EKP EKP Korpusy form wtryskowych EKS EKS\" \/>\n<meta property=\"og:url\" content=\"https:\/\/www.daxor.pl\/?page_id=1580\" \/>\n<meta property=\"og:site_name\" content=\"Daxor\" \/>\n<meta property=\"article:modified_time\" content=\"2020-09-27T07:04:06+00:00\" \/>\n<meta property=\"og:image\" content=\"https:\/\/daxor.pl\/wp-content\/uploads\/2020\/09\/EKP-150x150.jpg\" \/>\n<meta name=\"twitter:card\" content=\"summary_large_image\" \/>\n<script type=\"application\/ld+json\" class=\"yoast-schema-graph\">{\"@context\":\"https:\/\/schema.org\",\"@graph\":[{\"@type\":\"WebPage\",\"@id\":\"https:\/\/www.daxor.pl\/?page_id=1580\",\"url\":\"https:\/\/www.daxor.pl\/?page_id=1580\",\"name\":\"P\u0142yty i korpusy - Daxor\",\"isPartOf\":{\"@id\":\"https:\/\/www.daxor.pl\/#website\"},\"primaryImageOfPage\":{\"@id\":\"https:\/\/www.daxor.pl\/?page_id=1580#primaryimage\"},\"image\":{\"@id\":\"https:\/\/www.daxor.pl\/?page_id=1580#primaryimage\"},\"thumbnailUrl\":\"https:\/\/daxor.pl\/wp-content\/uploads\/2020\/09\/EKP-150x150.jpg\",\"datePublished\":\"2020-09-20T10:32:05+00:00\",\"dateModified\":\"2020-09-27T07:04:06+00:00\",\"breadcrumb\":{\"@id\":\"https:\/\/www.daxor.pl\/?page_id=1580#breadcrumb\"},\"inLanguage\":\"pl-PL\",\"potentialAction\":[{\"@type\":\"ReadAction\",\"target\":[\"https:\/\/www.daxor.pl\/?page_id=1580\"]}]},{\"@type\":\"ImageObject\",\"inLanguage\":\"pl-PL\",\"@id\":\"https:\/\/www.daxor.pl\/?page_id=1580#primaryimage\",\"url\":\"https:\/\/daxor.pl\/wp-content\/uploads\/2020\/09\/EKP-150x150.jpg\",\"contentUrl\":\"https:\/\/daxor.pl\/wp-content\/uploads\/2020\/09\/EKP-150x150.jpg\"},{\"@type\":\"BreadcrumbList\",\"@id\":\"https:\/\/www.daxor.pl\/?page_id=1580#breadcrumb\",\"itemListElement\":[{\"@type\":\"ListItem\",\"position\":1,\"name\":\"Strona g\u0142\u00f3wna\",\"item\":\"https:\/\/www.daxor.pl\/\"},{\"@type\":\"ListItem\",\"position\":2,\"name\":\"Strona g\u0142\u00f3wna\",\"item\":\"https:\/\/www.daxor.pl\/\"},{\"@type\":\"ListItem\",\"position\":3,\"name\":\"Oferta\",\"item\":\"https:\/\/www.daxor.pl\/?page_id=1317\"},{\"@type\":\"ListItem\",\"position\":4,\"name\":\"Normalia\",\"item\":\"https:\/\/www.daxor.pl\/?page_id=1400\"},{\"@type\":\"ListItem\",\"position\":5,\"name\":\"Budowa form\",\"item\":\"https:\/\/www.daxor.pl\/?page_id=1637\"},{\"@type\":\"ListItem\",\"position\":6,\"name\":\"P\u0142yty i korpusy\"}]},{\"@type\":\"WebSite\",\"@id\":\"https:\/\/www.daxor.pl\/#website\",\"url\":\"https:\/\/www.daxor.pl\/\",\"name\":\"Daxor\",\"description\":\"Dostawa i dob\u00f3r najlepszych cz\u0119\u015bci na potrzeby produkcji, utrzymania ruchu oraz remont\u00f3w\",\"publisher\":{\"@id\":\"https:\/\/www.daxor.pl\/#organization\"},\"potentialAction\":[{\"@type\":\"SearchAction\",\"target\":{\"@type\":\"EntryPoint\",\"urlTemplate\":\"https:\/\/www.daxor.pl\/?s={search_term_string}\"},\"query-input\":{\"@type\":\"PropertyValueSpecification\",\"valueRequired\":true,\"valueName\":\"search_term_string\"}}],\"inLanguage\":\"pl-PL\"},{\"@type\":\"Organization\",\"@id\":\"https:\/\/www.daxor.pl\/#organization\",\"name\":\"Daxor\",\"url\":\"https:\/\/www.daxor.pl\/\",\"logo\":{\"@type\":\"ImageObject\",\"inLanguage\":\"pl-PL\",\"@id\":\"https:\/\/www.daxor.pl\/#\/schema\/logo\/image\/\",\"url\":\"https:\/\/www.daxor.pl\/wp-content\/uploads\/2020\/09\/logo_white.png\",\"contentUrl\":\"https:\/\/www.daxor.pl\/wp-content\/uploads\/2020\/09\/logo_white.png\",\"width\":188,\"height\":60,\"caption\":\"Daxor\"},\"image\":{\"@id\":\"https:\/\/www.daxor.pl\/#\/schema\/logo\/image\/\"}}]}<\/script>\n<!-- \/ Yoast SEO plugin. -->","yoast_head_json":{"title":"P\u0142yty i korpusy - Daxor","robots":{"index":"index","follow":"follow","max-snippet":"max-snippet:-1","max-image-preview":"max-image-preview:large","max-video-preview":"max-video-preview:-1"},"canonical":"https:\/\/www.daxor.pl\/?page_id=1580","og_locale":"pl_PL","og_type":"article","og_title":"P\u0142yty i korpusy - Daxor","og_description":"Budowa t\u0142ocznik\u00f3w Budowa form Maszyny, urz\u0105dzenia, przyrz\u0105dy P\u0142yty i korpusy P\u0142yty do form wtryskowych EKP EKP Korpusy form wtryskowych EKS EKS","og_url":"https:\/\/www.daxor.pl\/?page_id=1580","og_site_name":"Daxor","article_modified_time":"2020-09-27T07:04:06+00:00","og_image":[{"url":"https:\/\/daxor.pl\/wp-content\/uploads\/2020\/09\/EKP-150x150.jpg","type":"","width":"","height":""}],"twitter_card":"summary_large_image","schema":{"@context":"https:\/\/schema.org","@graph":[{"@type":"WebPage","@id":"https:\/\/www.daxor.pl\/?page_id=1580","url":"https:\/\/www.daxor.pl\/?page_id=1580","name":"P\u0142yty i korpusy - Daxor","isPartOf":{"@id":"https:\/\/www.daxor.pl\/#website"},"primaryImageOfPage":{"@id":"https:\/\/www.daxor.pl\/?page_id=1580#primaryimage"},"image":{"@id":"https:\/\/www.daxor.pl\/?page_id=1580#primaryimage"},"thumbnailUrl":"https:\/\/daxor.pl\/wp-content\/uploads\/2020\/09\/EKP-150x150.jpg","datePublished":"2020-09-20T10:32:05+00:00","dateModified":"2020-09-27T07:04:06+00:00","breadcrumb":{"@id":"https:\/\/www.daxor.pl\/?page_id=1580#breadcrumb"},"inLanguage":"pl-PL","potentialAction":[{"@type":"ReadAction","target":["https:\/\/www.daxor.pl\/?page_id=1580"]}]},{"@type":"ImageObject","inLanguage":"pl-PL","@id":"https:\/\/www.daxor.pl\/?page_id=1580#primaryimage","url":"https:\/\/daxor.pl\/wp-content\/uploads\/2020\/09\/EKP-150x150.jpg","contentUrl":"https:\/\/daxor.pl\/wp-content\/uploads\/2020\/09\/EKP-150x150.jpg"},{"@type":"BreadcrumbList","@id":"https:\/\/www.daxor.pl\/?page_id=1580#breadcrumb","itemListElement":[{"@type":"ListItem","position":1,"name":"Strona g\u0142\u00f3wna","item":"https:\/\/www.daxor.pl\/"},{"@type":"ListItem","position":2,"name":"Strona g\u0142\u00f3wna","item":"https:\/\/www.daxor.pl\/"},{"@type":"ListItem","position":3,"name":"Oferta","item":"https:\/\/www.daxor.pl\/?page_id=1317"},{"@type":"ListItem","position":4,"name":"Normalia","item":"https:\/\/www.daxor.pl\/?page_id=1400"},{"@type":"ListItem","position":5,"name":"Budowa form","item":"https:\/\/www.daxor.pl\/?page_id=1637"},{"@type":"ListItem","position":6,"name":"P\u0142yty i korpusy"}]},{"@type":"WebSite","@id":"https:\/\/www.daxor.pl\/#website","url":"https:\/\/www.daxor.pl\/","name":"Daxor","description":"Dostawa i dob\u00f3r najlepszych cz\u0119\u015bci na potrzeby produkcji, utrzymania ruchu oraz remont\u00f3w","publisher":{"@id":"https:\/\/www.daxor.pl\/#organization"},"potentialAction":[{"@type":"SearchAction","target":{"@type":"EntryPoint","urlTemplate":"https:\/\/www.daxor.pl\/?s={search_term_string}"},"query-input":{"@type":"PropertyValueSpecification","valueRequired":true,"valueName":"search_term_string"}}],"inLanguage":"pl-PL"},{"@type":"Organization","@id":"https:\/\/www.daxor.pl\/#organization","name":"Daxor","url":"https:\/\/www.daxor.pl\/","logo":{"@type":"ImageObject","inLanguage":"pl-PL","@id":"https:\/\/www.daxor.pl\/#\/schema\/logo\/image\/","url":"https:\/\/www.daxor.pl\/wp-content\/uploads\/2020\/09\/logo_white.png","contentUrl":"https:\/\/www.daxor.pl\/wp-content\/uploads\/2020\/09\/logo_white.png","width":188,"height":60,"caption":"Daxor"},"image":{"@id":"https:\/\/www.daxor.pl\/#\/schema\/logo\/image\/"}}]}},"_links":{"self":[{"href":"https:\/\/www.daxor.pl\/index.php?rest_route=\/wp\/v2\/pages\/1580","targetHints":{"allow":["GET"]}}],"collection":[{"href":"https:\/\/www.daxor.pl\/index.php?rest_route=\/wp\/v2\/pages"}],"about":[{"href":"https:\/\/www.daxor.pl\/index.php?rest_route=\/wp\/v2\/types\/page"}],"author":[{"embeddable":true,"href":"https:\/\/www.daxor.pl\/index.php?rest_route=\/wp\/v2\/users\/1"}],"replies":[{"embeddable":true,"href":"https:\/\/www.daxor.pl\/index.php?rest_route=%2Fwp%2Fv2%2Fcomments&post=1580"}],"version-history":[{"count":2,"href":"https:\/\/www.daxor.pl\/index.php?rest_route=\/wp\/v2\/pages\/1580\/revisions"}],"predecessor-version":[{"id":2339,"href":"https:\/\/www.daxor.pl\/index.php?rest_route=\/wp\/v2\/pages\/1580\/revisions\/2339"}],"up":[{"embeddable":true,"href":"https:\/\/www.daxor.pl\/index.php?rest_route=\/wp\/v2\/pages\/1637"}],"wp:attachment":[{"href":"https:\/\/www.daxor.pl\/index.php?rest_route=%2Fwp%2Fv2%2Fmedia&parent=1580"}],"curies":[{"name":"wp","href":"https:\/\/api.w.org\/{rel}","templated":true}]}}