{"id":3123,"date":"2020-10-07T19:01:12","date_gmt":"2020-10-07T17:01:12","guid":{"rendered":"https:\/\/www.daxor.pl\/?page_id=3123"},"modified":"2020-10-08T09:32:47","modified_gmt":"2020-10-08T07:32:47","slug":"uszczelnienia-do-ruchow-obrotowych","status":"publish","type":"page","link":"https:\/\/www.daxor.pl\/?page_id=3123","title":{"rendered":"Uszczelnienia do ruch\u00f3w obrotowych"},"content":{"rendered":"\t\t<div data-elementor-type=\"wp-page\" data-elementor-id=\"3123\" class=\"elementor elementor-3123\">\n\t\t\t\t\t\t<section class=\"elementor-section elementor-top-section elementor-element elementor-element-71a43b47 elementor-section-boxed elementor-section-height-default elementor-section-height-default\" data-id=\"71a43b47\" data-element_type=\"section\">\n\t\t\t\t\t\t<div class=\"elementor-container elementor-column-gap-default\">\n\t\t\t\t\t<div class=\"elementor-column elementor-col-100 elementor-top-column elementor-element elementor-element-86bd685\" data-id=\"86bd685\" data-element_type=\"column\">\n\t\t\t<div class=\"elementor-widget-wrap elementor-element-populated\">\n\t\t\t\t\t\t<div class=\"elementor-element elementor-element-59a7f0bc elementor-widget elementor-widget-wp-widget-bcn_widget\" data-id=\"59a7f0bc\" data-element_type=\"widget\" data-widget_type=\"wp-widget-bcn_widget.default\">\n\t\t\t\t<div class=\"elementor-widget-container\">\n\t\t\t\t\t<div class=\"breadcrumbs\" vocab=\"https:\/\/schema.org\/\" typeof=\"BreadcrumbList\"><!-- Breadcrumb NavXT 7.4.1 -->\n<span property=\"itemListElement\" typeof=\"ListItem\"><a property=\"item\" typeof=\"WebPage\" title=\"Przejd\u017a do Daxor.\" href=\"https:\/\/www.daxor.pl\" class=\"home\" aria-current=\"page\"><span property=\"name\">Daxor<\/span><\/a><meta property=\"position\" content=\"1\"><\/span><\/div>\t\t\t\t<\/div>\n\t\t\t\t<\/div>\n\t\t\t\t\t<\/div>\n\t\t<\/div>\n\t\t\t\t\t<\/div>\n\t\t<\/section>\n\t\t\t\t<section class=\"elementor-section elementor-top-section elementor-element elementor-element-11c69df8 elementor-section-boxed elementor-section-height-default elementor-section-height-default\" data-id=\"11c69df8\" data-element_type=\"section\">\n\t\t\t\t\t\t<div class=\"elementor-container elementor-column-gap-default\">\n\t\t\t\t\t<div class=\"elementor-column elementor-col-33 elementor-top-column elementor-element elementor-element-3053a501\" data-id=\"3053a501\" data-element_type=\"column\">\n\t\t\t<div class=\"elementor-widget-wrap elementor-element-populated\">\n\t\t\t\t\t\t<div class=\"elementor-element elementor-element-789a1216 elementor-widget elementor-widget-heading\" data-id=\"789a1216\" data-element_type=\"widget\" data-widget_type=\"heading.default\">\n\t\t\t\t<div class=\"elementor-widget-container\">\n\t\t\t\t\t<h5 class=\"elementor-heading-title elementor-size-default\"><a href=\"https:\/\/www.daxor.pl\/?page_id=3122\">Mechaniczne uszczelnienia czo\u0142owe<\/a><\/h5>\t\t\t\t<\/div>\n\t\t\t\t<\/div>\n\t\t\t\t<div class=\"elementor-element elementor-element-7d28ad82 elementor-widget elementor-widget-heading\" data-id=\"7d28ad82\" data-element_type=\"widget\" data-widget_type=\"heading.default\">\n\t\t\t\t<div class=\"elementor-widget-container\">\n\t\t\t\t\t<h2 class=\"elementor-heading-title elementor-size-default\"><a href=\"https:\/\/www.daxor.pl\/?page_id=3123\">Uszczelnienia do ruch\u00f3w obrotowych<\/a><\/h2>\t\t\t\t<\/div>\n\t\t\t\t<\/div>\n\t\t\t\t<div class=\"elementor-element elementor-element-36d751b7 elementor-widget elementor-widget-wp-widget-nav_menu\" data-id=\"36d751b7\" data-element_type=\"widget\" data-widget_type=\"wp-widget-nav_menu.default\">\n\t\t\t\t<div class=\"elementor-widget-container\">\n\t\t\t\t\t<div class=\"menu-uszczelnienia-do-ruchow-obrotowych-container\"><ul id=\"menu-uszczelnienia-do-ruchow-obrotowych\" class=\"menu\"><li id=\"menu-item-3224\" class=\"menu-item menu-item-type-post_type menu-item-object-page menu-item-3224\"><a href=\"https:\/\/www.daxor.pl\/?page_id=3216\">Uszczelnienia wa\u0142u (simeringi)<\/a><\/li>\n<li id=\"menu-item-3225\" class=\"menu-item menu-item-type-post_type menu-item-object-page menu-item-3225\"><a href=\"https:\/\/www.daxor.pl\/?page_id=3217\">V-ringi<\/a><\/li>\n<li id=\"menu-item-3226\" class=\"menu-item menu-item-type-post_type menu-item-object-page menu-item-3226\"><a href=\"https:\/\/www.daxor.pl\/?page_id=3218\">Uszczelnienia osiowe<\/a><\/li>\n<li id=\"menu-item-3227\" class=\"menu-item menu-item-type-post_type menu-item-object-page menu-item-3227\"><a href=\"https:\/\/www.daxor.pl\/?page_id=3219\">Uszczelnienia promieniowe<\/a><\/li>\n<\/ul><\/div>\t\t\t\t<\/div>\n\t\t\t\t<\/div>\n\t\t\t\t<div class=\"elementor-element elementor-element-2cb206ed elementor-widget elementor-widget-heading\" data-id=\"2cb206ed\" data-element_type=\"widget\" data-widget_type=\"heading.default\">\n\t\t\t\t<div class=\"elementor-widget-container\">\n\t\t\t\t\t<h2 class=\"elementor-heading-title elementor-size-default\"><a href=\"https:\/\/www.daxor.pl\/?page_id=3124\">Uszczelnienia statyczne<\/a><\/h2>\t\t\t\t<\/div>\n\t\t\t\t<\/div>\n\t\t\t\t<div class=\"elementor-element elementor-element-6ea8be82 elementor-widget elementor-widget-wp-widget-nav_menu\" data-id=\"6ea8be82\" data-element_type=\"widget\" data-widget_type=\"wp-widget-nav_menu.default\">\n\t\t\t\t<div class=\"elementor-widget-container\">\n\t\t\t\t\t<div class=\"menu-uszczelnienia-statyczne-container\"><ul id=\"menu-uszczelnienia-statyczne\" class=\"menu\"><li id=\"menu-item-3260\" class=\"menu-item menu-item-type-post_type menu-item-object-page menu-item-3260\"><a href=\"https:\/\/www.daxor.pl\/?page_id=3241\">O-ringi<\/a><\/li>\n<li id=\"menu-item-3261\" class=\"menu-item menu-item-type-post_type menu-item-object-page menu-item-3261\"><a href=\"https:\/\/www.daxor.pl\/?page_id=3242\">Sznury o-ringowe<\/a><\/li>\n<li id=\"menu-item-3262\" class=\"menu-item menu-item-type-post_type menu-item-object-page menu-item-3262\"><a href=\"https:\/\/www.daxor.pl\/?page_id=3243\">X-ringi<\/a><\/li>\n<li id=\"menu-item-3263\" class=\"menu-item menu-item-type-post_type menu-item-object-page menu-item-3263\"><a href=\"https:\/\/www.daxor.pl\/?page_id=3245\">Zestawy serwisowe<\/a><\/li>\n<li id=\"menu-item-3264\" class=\"menu-item menu-item-type-post_type menu-item-object-page menu-item-3264\"><a href=\"https:\/\/www.daxor.pl\/?page_id=3246\">Pier\u015bcienie oporowe<\/a><\/li>\n<li id=\"menu-item-3265\" class=\"menu-item menu-item-type-post_type menu-item-object-page menu-item-3265\"><a href=\"https:\/\/www.daxor.pl\/?page_id=3247\">Uszczelnienia do po\u0142\u0105cze\u0144 \u015brubowych<\/a><\/li>\n<li id=\"menu-item-3266\" class=\"menu-item menu-item-type-post_type menu-item-object-page menu-item-3266\"><a href=\"https:\/\/www.daxor.pl\/?page_id=3248\">Uszczelnienia do z\u0142\u0105czek w przemy\u015ble spo\u017cywczym<\/a><\/li>\n<li id=\"menu-item-3267\" class=\"menu-item menu-item-type-post_type menu-item-object-page menu-item-3267\"><a href=\"https:\/\/www.daxor.pl\/?page_id=3249\">Uszczelnienia ko\u0142nierzowe<\/a><\/li>\n<li id=\"menu-item-3268\" class=\"menu-item menu-item-type-post_type menu-item-object-page menu-item-3268\"><a href=\"https:\/\/www.daxor.pl\/?page_id=3250\">Uszczelnienia pokrywowe<\/a><\/li>\n<\/ul><\/div>\t\t\t\t<\/div>\n\t\t\t\t<\/div>\n\t\t\t\t<div class=\"elementor-element elementor-element-1b560e67 elementor-widget elementor-widget-heading\" data-id=\"1b560e67\" data-element_type=\"widget\" data-widget_type=\"heading.default\">\n\t\t\t\t<div class=\"elementor-widget-container\">\n\t\t\t\t\t<h2 class=\"elementor-heading-title elementor-size-default\"><a href=\"https:\/\/www.daxor.pl\/?page_id=3126\">Uszczelnienia do si\u0142ownik\u00f3w hydraulicznych<\/a><\/h2>\t\t\t\t<\/div>\n\t\t\t\t<\/div>\n\t\t\t\t<div class=\"elementor-element elementor-element-7282d397 elementor-widget elementor-widget-wp-widget-nav_menu\" data-id=\"7282d397\" data-element_type=\"widget\" data-widget_type=\"wp-widget-nav_menu.default\">\n\t\t\t\t<div class=\"elementor-widget-container\">\n\t\t\t\t\t<div class=\"menu-uszczelnienia-do-silownikow-hydraulicznych-container\"><ul id=\"menu-uszczelnienia-do-silownikow-hydraulicznych\" class=\"menu\"><li id=\"menu-item-3281\" class=\"menu-item menu-item-type-post_type menu-item-object-page menu-item-3281\"><a href=\"https:\/\/www.daxor.pl\/?page_id=3270\">Uszczelnienia t\u0142oka<\/a><\/li>\n<li id=\"menu-item-3282\" class=\"menu-item menu-item-type-post_type menu-item-object-page menu-item-3282\"><a href=\"https:\/\/www.daxor.pl\/?page_id=3271\">Uszczelnienia t\u0142oczyska<\/a><\/li>\n<li id=\"menu-item-3283\" class=\"menu-item menu-item-type-post_type menu-item-object-page menu-item-3283\"><a href=\"https:\/\/www.daxor.pl\/?page_id=3272\">Uszczelnienia t\u0142oka i t\u0142oczyska<\/a><\/li>\n<li id=\"menu-item-3284\" class=\"menu-item menu-item-type-post_type menu-item-object-page menu-item-3284\"><a href=\"https:\/\/www.daxor.pl\/?page_id=3273\">Pier\u015bcienie zgarniaj\u0105ca<\/a><\/li>\n<li id=\"menu-item-3285\" class=\"menu-item menu-item-type-post_type menu-item-object-page menu-item-3285\"><a href=\"https:\/\/www.daxor.pl\/?page_id=3274\">Prowadzenia<\/a><\/li>\n<\/ul><\/div>\t\t\t\t<\/div>\n\t\t\t\t<\/div>\n\t\t\t\t\t<\/div>\n\t\t<\/div>\n\t\t\t\t<div class=\"elementor-column elementor-col-66 elementor-top-column elementor-element elementor-element-6c0cc77e\" data-id=\"6c0cc77e\" data-element_type=\"column\">\n\t\t\t<div class=\"elementor-widget-wrap elementor-element-populated\">\n\t\t\t\t\t\t<div class=\"elementor-element elementor-element-585a0566 elementor-widget elementor-widget-heading\" data-id=\"585a0566\" data-element_type=\"widget\" data-widget_type=\"heading.default\">\n\t\t\t\t<div class=\"elementor-widget-container\">\n\t\t\t\t\t<h2 class=\"elementor-heading-title elementor-size-default\">Uszczelnienia do ruch\u00f3w obrotowych Sealdex<\/h2>\t\t\t\t<\/div>\n\t\t\t\t<\/div>\n\t\t\t\t<section class=\"elementor-section elementor-inner-section elementor-element elementor-element-474dee40 elementor-section-boxed elementor-section-height-default elementor-section-height-default\" data-id=\"474dee40\" data-element_type=\"section\">\n\t\t\t\t\t\t<div class=\"elementor-container elementor-column-gap-default\">\n\t\t\t\t\t<div class=\"elementor-column elementor-col-50 elementor-inner-column elementor-element elementor-element-7bd3c706\" data-id=\"7bd3c706\" data-element_type=\"column\">\n\t\t\t<div class=\"elementor-widget-wrap elementor-element-populated\">\n\t\t\t\t\t\t<div class=\"elementor-element elementor-element-9287eeb elementor-widget elementor-widget-image\" data-id=\"9287eeb\" data-element_type=\"widget\" data-widget_type=\"image.default\">\n\t\t\t\t<div class=\"elementor-widget-container\">\n\t\t\t\t\t\t\t\t\t\t\t\t\t\t\t\t<a href=\"https:\/\/www.daxor.pl\/?page_id=3216\">\n\t\t\t\t\t\t\t<img decoding=\"async\" width=\"118\" height=\"60\" src=\"https:\/\/www.daxor.pl\/wp-content\/uploads\/2020\/10\/Uszczelnienia-walu.jpg\" class=\"attachment-large size-large wp-image-3313\" alt=\"\" \/>\t\t\t\t\t\t\t\t<\/a>\n\t\t\t\t\t\t\t\t\t\t\t\t\t\t\t<\/div>\n\t\t\t\t<\/div>\n\t\t\t\t<div class=\"elementor-element elementor-element-3a3daac3 elementor-widget elementor-widget-heading\" data-id=\"3a3daac3\" data-element_type=\"widget\" data-widget_type=\"heading.default\">\n\t\t\t\t<div class=\"elementor-widget-container\">\n\t\t\t\t\t<h2 class=\"elementor-heading-title elementor-size-default\"><a href=\"https:\/\/www.daxor.pl\/?page_id=3216\">Uszczelnienia wa\u0142u<\/a><\/h2>\t\t\t\t<\/div>\n\t\t\t\t<\/div>\n\t\t\t\t\t<\/div>\n\t\t<\/div>\n\t\t\t\t<div class=\"elementor-column elementor-col-50 elementor-inner-column elementor-element elementor-element-3a9ae5a9\" data-id=\"3a9ae5a9\" data-element_type=\"column\">\n\t\t\t<div class=\"elementor-widget-wrap elementor-element-populated\">\n\t\t\t\t\t\t<div class=\"elementor-element elementor-element-b1e54de elementor-widget elementor-widget-image\" data-id=\"b1e54de\" data-element_type=\"widget\" data-widget_type=\"image.default\">\n\t\t\t\t<div class=\"elementor-widget-container\">\n\t\t\t\t\t\t\t\t\t\t\t\t\t\t\t\t<a href=\"https:\/\/www.daxor.pl\/?page_id=3217\">\n\t\t\t\t\t\t\t<img decoding=\"async\" width=\"121\" height=\"60\" src=\"https:\/\/www.daxor.pl\/wp-content\/uploads\/2020\/10\/V-ringi.jpg\" class=\"attachment-large size-large wp-image-3314\" alt=\"\" \/>\t\t\t\t\t\t\t\t<\/a>\n\t\t\t\t\t\t\t\t\t\t\t\t\t\t\t<\/div>\n\t\t\t\t<\/div>\n\t\t\t\t<div class=\"elementor-element elementor-element-3fcea069 elementor-widget elementor-widget-heading\" data-id=\"3fcea069\" data-element_type=\"widget\" data-widget_type=\"heading.default\">\n\t\t\t\t<div class=\"elementor-widget-container\">\n\t\t\t\t\t<h2 class=\"elementor-heading-title elementor-size-default\"><a href=\"https:\/\/www.daxor.pl\/?page_id=3217\">V-ringi<\/a><\/h2>\t\t\t\t<\/div>\n\t\t\t\t<\/div>\n\t\t\t\t\t<\/div>\n\t\t<\/div>\n\t\t\t\t\t<\/div>\n\t\t<\/section>\n\t\t\t\t<section class=\"elementor-section elementor-inner-section elementor-element elementor-element-6fc5926a elementor-section-boxed elementor-section-height-default elementor-section-height-default\" data-id=\"6fc5926a\" data-element_type=\"section\">\n\t\t\t\t\t\t<div class=\"elementor-container elementor-column-gap-default\">\n\t\t\t\t\t<div class=\"elementor-column elementor-col-50 elementor-inner-column elementor-element elementor-element-4ee1ce1c\" data-id=\"4ee1ce1c\" data-element_type=\"column\">\n\t\t\t<div class=\"elementor-widget-wrap elementor-element-populated\">\n\t\t\t\t\t\t<div class=\"elementor-element elementor-element-6cd2e62e elementor-widget elementor-widget-image\" data-id=\"6cd2e62e\" data-element_type=\"widget\" data-widget_type=\"image.default\">\n\t\t\t\t<div class=\"elementor-widget-container\">\n\t\t\t\t\t\t\t\t\t\t\t\t\t\t\t\t<a href=\"https:\/\/www.daxor.pl\/?page_id=3218\">\n\t\t\t\t\t\t\t<img decoding=\"async\" width=\"120\" height=\"60\" src=\"https:\/\/www.daxor.pl\/wp-content\/uploads\/2020\/10\/Uszczelnienia-osiowe.jpg\" class=\"attachment-full size-full wp-image-3315\" alt=\"\" \/>\t\t\t\t\t\t\t\t<\/a>\n\t\t\t\t\t\t\t\t\t\t\t\t\t\t\t<\/div>\n\t\t\t\t<\/div>\n\t\t\t\t<div class=\"elementor-element elementor-element-4e6d8844 elementor-widget elementor-widget-heading\" data-id=\"4e6d8844\" data-element_type=\"widget\" data-widget_type=\"heading.default\">\n\t\t\t\t<div class=\"elementor-widget-container\">\n\t\t\t\t\t<h2 class=\"elementor-heading-title elementor-size-default\"><a href=\"https:\/\/www.daxor.pl\/?page_id=3218\">Uszczelnienia osiowe<\/a><\/h2>\t\t\t\t<\/div>\n\t\t\t\t<\/div>\n\t\t\t\t\t<\/div>\n\t\t<\/div>\n\t\t\t\t<div class=\"elementor-column elementor-col-50 elementor-inner-column elementor-element elementor-element-1578ee7e\" data-id=\"1578ee7e\" data-element_type=\"column\">\n\t\t\t<div class=\"elementor-widget-wrap elementor-element-populated\">\n\t\t\t\t\t\t<div class=\"elementor-element elementor-element-45b0a480 elementor-widget elementor-widget-image\" data-id=\"45b0a480\" data-element_type=\"widget\" data-widget_type=\"image.default\">\n\t\t\t\t<div class=\"elementor-widget-container\">\n\t\t\t\t\t\t\t\t\t\t\t\t\t\t\t\t<a href=\"https:\/\/www.daxor.pl\/?page_id=3219\">\n\t\t\t\t\t\t\t<img loading=\"lazy\" decoding=\"async\" width=\"121\" height=\"60\" src=\"https:\/\/www.daxor.pl\/wp-content\/uploads\/2020\/10\/Uszczelnienia-promieniowe.jpg\" class=\"attachment-full size-full wp-image-3316\" alt=\"\" \/>\t\t\t\t\t\t\t\t<\/a>\n\t\t\t\t\t\t\t\t\t\t\t\t\t\t\t<\/div>\n\t\t\t\t<\/div>\n\t\t\t\t<div class=\"elementor-element elementor-element-4f07d891 elementor-widget elementor-widget-heading\" data-id=\"4f07d891\" data-element_type=\"widget\" data-widget_type=\"heading.default\">\n\t\t\t\t<div class=\"elementor-widget-container\">\n\t\t\t\t\t<h2 class=\"elementor-heading-title elementor-size-default\"><a href=\"https:\/\/www.daxor.pl\/?page_id=3219\">Uszczelnienia promieniowe<\/a><\/h2>\t\t\t\t<\/div>\n\t\t\t\t<\/div>\n\t\t\t\t\t<\/div>\n\t\t<\/div>\n\t\t\t\t\t<\/div>\n\t\t<\/section>\n\t\t\t\t\t<\/div>\n\t\t<\/div>\n\t\t\t\t\t<\/div>\n\t\t<\/section>\n\t\t\t\t<\/div>\n\t\t","protected":false},"excerpt":{"rendered":"<p>Mechaniczne uszczelnienia czo\u0142owe Uszczelnienia do ruch\u00f3w obrotowych Uszczelnienia statyczne Uszczelnienia do si\u0142ownik\u00f3w hydraulicznych Uszczelnienia do ruch\u00f3w obrotowych Sealdex Uszczelnienia wa\u0142u V-ringi Uszczelnienia osiowe Uszczelnienia promieniowe<\/p>\n","protected":false},"author":1,"featured_media":0,"parent":1402,"menu_order":0,"comment_status":"closed","ping_status":"closed","template":"page-templates\/pagebuilder.php","meta":{"zakra_page_container_layout":"customizer","zakra_page_sidebar_layout":"customizer","zakra_remove_content_margin":false,"zakra_sidebar":"customizer","zakra_transparent_header":"customizer","zakra_logo":0,"zakra_main_header_style":"default","zakra_menu_item_color":"","zakra_menu_item_hover_color":"","zakra_menu_item_active_color":"","zakra_menu_active_style":"","zakra_page_header":true,"footnotes":""},"class_list":["post-3123","page","type-page","status-publish","hentry"],"yoast_head":"<!-- This site is optimized with the Yoast SEO plugin v26.4 - https:\/\/yoast.com\/wordpress\/plugins\/seo\/ -->\n<title>Uszczelnienia do ruch\u00f3w obrotowych - Daxor<\/title>\n<meta name=\"robots\" content=\"index, follow, max-snippet:-1, max-image-preview:large, max-video-preview:-1\" \/>\n<link rel=\"canonical\" href=\"https:\/\/www.daxor.pl\/?page_id=3123\" \/>\n<meta property=\"og:locale\" content=\"pl_PL\" \/>\n<meta property=\"og:type\" content=\"article\" \/>\n<meta property=\"og:title\" content=\"Uszczelnienia do ruch\u00f3w obrotowych - Daxor\" \/>\n<meta property=\"og:description\" content=\"Mechaniczne uszczelnienia czo\u0142owe Uszczelnienia do ruch\u00f3w obrotowych Uszczelnienia statyczne Uszczelnienia do si\u0142ownik\u00f3w hydraulicznych Uszczelnienia do ruch\u00f3w obrotowych Sealdex Uszczelnienia wa\u0142u V-ringi Uszczelnienia osiowe Uszczelnienia promieniowe\" \/>\n<meta property=\"og:url\" content=\"https:\/\/www.daxor.pl\/?page_id=3123\" \/>\n<meta property=\"og:site_name\" content=\"Daxor\" \/>\n<meta property=\"article:modified_time\" content=\"2020-10-08T07:32:47+00:00\" \/>\n<meta property=\"og:image\" content=\"https:\/\/www.daxor.pl\/wp-content\/uploads\/2020\/10\/Uszczelnienia-walu.jpg\" \/>\n<meta name=\"twitter:card\" content=\"summary_large_image\" \/>\n<script type=\"application\/ld+json\" class=\"yoast-schema-graph\">{\"@context\":\"https:\/\/schema.org\",\"@graph\":[{\"@type\":\"WebPage\",\"@id\":\"https:\/\/www.daxor.pl\/?page_id=3123\",\"url\":\"https:\/\/www.daxor.pl\/?page_id=3123\",\"name\":\"Uszczelnienia do ruch\u00f3w obrotowych - Daxor\",\"isPartOf\":{\"@id\":\"https:\/\/www.daxor.pl\/#website\"},\"primaryImageOfPage\":{\"@id\":\"https:\/\/www.daxor.pl\/?page_id=3123#primaryimage\"},\"image\":{\"@id\":\"https:\/\/www.daxor.pl\/?page_id=3123#primaryimage\"},\"thumbnailUrl\":\"https:\/\/www.daxor.pl\/wp-content\/uploads\/2020\/10\/Uszczelnienia-walu.jpg\",\"datePublished\":\"2020-10-07T17:01:12+00:00\",\"dateModified\":\"2020-10-08T07:32:47+00:00\",\"breadcrumb\":{\"@id\":\"https:\/\/www.daxor.pl\/?page_id=3123#breadcrumb\"},\"inLanguage\":\"pl-PL\",\"potentialAction\":[{\"@type\":\"ReadAction\",\"target\":[\"https:\/\/www.daxor.pl\/?page_id=3123\"]}]},{\"@type\":\"ImageObject\",\"inLanguage\":\"pl-PL\",\"@id\":\"https:\/\/www.daxor.pl\/?page_id=3123#primaryimage\",\"url\":\"https:\/\/www.daxor.pl\/wp-content\/uploads\/2020\/10\/Uszczelnienia-walu.jpg\",\"contentUrl\":\"https:\/\/www.daxor.pl\/wp-content\/uploads\/2020\/10\/Uszczelnienia-walu.jpg\",\"width\":118,\"height\":60},{\"@type\":\"BreadcrumbList\",\"@id\":\"https:\/\/www.daxor.pl\/?page_id=3123#breadcrumb\",\"itemListElement\":[{\"@type\":\"ListItem\",\"position\":1,\"name\":\"Strona g\u0142\u00f3wna\",\"item\":\"https:\/\/www.daxor.pl\/\"},{\"@type\":\"ListItem\",\"position\":2,\"name\":\"Strona g\u0142\u00f3wna\",\"item\":\"https:\/\/www.daxor.pl\/\"},{\"@type\":\"ListItem\",\"position\":3,\"name\":\"Oferta\",\"item\":\"https:\/\/www.daxor.pl\/?page_id=1317\"},{\"@type\":\"ListItem\",\"position\":4,\"name\":\"Uszczelnienia techniczne\",\"item\":\"https:\/\/www.daxor.pl\/?page_id=1402\"},{\"@type\":\"ListItem\",\"position\":5,\"name\":\"Uszczelnienia do ruch\u00f3w obrotowych\"}]},{\"@type\":\"WebSite\",\"@id\":\"https:\/\/www.daxor.pl\/#website\",\"url\":\"https:\/\/www.daxor.pl\/\",\"name\":\"Daxor\",\"description\":\"Dostawa i dob\u00f3r najlepszych cz\u0119\u015bci na potrzeby produkcji, utrzymania ruchu oraz remont\u00f3w\",\"publisher\":{\"@id\":\"https:\/\/www.daxor.pl\/#organization\"},\"potentialAction\":[{\"@type\":\"SearchAction\",\"target\":{\"@type\":\"EntryPoint\",\"urlTemplate\":\"https:\/\/www.daxor.pl\/?s={search_term_string}\"},\"query-input\":{\"@type\":\"PropertyValueSpecification\",\"valueRequired\":true,\"valueName\":\"search_term_string\"}}],\"inLanguage\":\"pl-PL\"},{\"@type\":\"Organization\",\"@id\":\"https:\/\/www.daxor.pl\/#organization\",\"name\":\"Daxor\",\"url\":\"https:\/\/www.daxor.pl\/\",\"logo\":{\"@type\":\"ImageObject\",\"inLanguage\":\"pl-PL\",\"@id\":\"https:\/\/www.daxor.pl\/#\/schema\/logo\/image\/\",\"url\":\"https:\/\/www.daxor.pl\/wp-content\/uploads\/2020\/09\/logo_white.png\",\"contentUrl\":\"https:\/\/www.daxor.pl\/wp-content\/uploads\/2020\/09\/logo_white.png\",\"width\":188,\"height\":60,\"caption\":\"Daxor\"},\"image\":{\"@id\":\"https:\/\/www.daxor.pl\/#\/schema\/logo\/image\/\"}}]}<\/script>\n<!-- \/ Yoast SEO plugin. -->","yoast_head_json":{"title":"Uszczelnienia do ruch\u00f3w obrotowych - Daxor","robots":{"index":"index","follow":"follow","max-snippet":"max-snippet:-1","max-image-preview":"max-image-preview:large","max-video-preview":"max-video-preview:-1"},"canonical":"https:\/\/www.daxor.pl\/?page_id=3123","og_locale":"pl_PL","og_type":"article","og_title":"Uszczelnienia do ruch\u00f3w obrotowych - Daxor","og_description":"Mechaniczne uszczelnienia czo\u0142owe Uszczelnienia do ruch\u00f3w obrotowych Uszczelnienia statyczne Uszczelnienia do si\u0142ownik\u00f3w hydraulicznych Uszczelnienia do ruch\u00f3w obrotowych Sealdex Uszczelnienia wa\u0142u V-ringi Uszczelnienia osiowe Uszczelnienia promieniowe","og_url":"https:\/\/www.daxor.pl\/?page_id=3123","og_site_name":"Daxor","article_modified_time":"2020-10-08T07:32:47+00:00","og_image":[{"url":"https:\/\/www.daxor.pl\/wp-content\/uploads\/2020\/10\/Uszczelnienia-walu.jpg","type":"","width":"","height":""}],"twitter_card":"summary_large_image","schema":{"@context":"https:\/\/schema.org","@graph":[{"@type":"WebPage","@id":"https:\/\/www.daxor.pl\/?page_id=3123","url":"https:\/\/www.daxor.pl\/?page_id=3123","name":"Uszczelnienia do ruch\u00f3w obrotowych - Daxor","isPartOf":{"@id":"https:\/\/www.daxor.pl\/#website"},"primaryImageOfPage":{"@id":"https:\/\/www.daxor.pl\/?page_id=3123#primaryimage"},"image":{"@id":"https:\/\/www.daxor.pl\/?page_id=3123#primaryimage"},"thumbnailUrl":"https:\/\/www.daxor.pl\/wp-content\/uploads\/2020\/10\/Uszczelnienia-walu.jpg","datePublished":"2020-10-07T17:01:12+00:00","dateModified":"2020-10-08T07:32:47+00:00","breadcrumb":{"@id":"https:\/\/www.daxor.pl\/?page_id=3123#breadcrumb"},"inLanguage":"pl-PL","potentialAction":[{"@type":"ReadAction","target":["https:\/\/www.daxor.pl\/?page_id=3123"]}]},{"@type":"ImageObject","inLanguage":"pl-PL","@id":"https:\/\/www.daxor.pl\/?page_id=3123#primaryimage","url":"https:\/\/www.daxor.pl\/wp-content\/uploads\/2020\/10\/Uszczelnienia-walu.jpg","contentUrl":"https:\/\/www.daxor.pl\/wp-content\/uploads\/2020\/10\/Uszczelnienia-walu.jpg","width":118,"height":60},{"@type":"BreadcrumbList","@id":"https:\/\/www.daxor.pl\/?page_id=3123#breadcrumb","itemListElement":[{"@type":"ListItem","position":1,"name":"Strona g\u0142\u00f3wna","item":"https:\/\/www.daxor.pl\/"},{"@type":"ListItem","position":2,"name":"Strona g\u0142\u00f3wna","item":"https:\/\/www.daxor.pl\/"},{"@type":"ListItem","position":3,"name":"Oferta","item":"https:\/\/www.daxor.pl\/?page_id=1317"},{"@type":"ListItem","position":4,"name":"Uszczelnienia techniczne","item":"https:\/\/www.daxor.pl\/?page_id=1402"},{"@type":"ListItem","position":5,"name":"Uszczelnienia do ruch\u00f3w obrotowych"}]},{"@type":"WebSite","@id":"https:\/\/www.daxor.pl\/#website","url":"https:\/\/www.daxor.pl\/","name":"Daxor","description":"Dostawa i dob\u00f3r najlepszych cz\u0119\u015bci na potrzeby produkcji, utrzymania ruchu oraz remont\u00f3w","publisher":{"@id":"https:\/\/www.daxor.pl\/#organization"},"potentialAction":[{"@type":"SearchAction","target":{"@type":"EntryPoint","urlTemplate":"https:\/\/www.daxor.pl\/?s={search_term_string}"},"query-input":{"@type":"PropertyValueSpecification","valueRequired":true,"valueName":"search_term_string"}}],"inLanguage":"pl-PL"},{"@type":"Organization","@id":"https:\/\/www.daxor.pl\/#organization","name":"Daxor","url":"https:\/\/www.daxor.pl\/","logo":{"@type":"ImageObject","inLanguage":"pl-PL","@id":"https:\/\/www.daxor.pl\/#\/schema\/logo\/image\/","url":"https:\/\/www.daxor.pl\/wp-content\/uploads\/2020\/09\/logo_white.png","contentUrl":"https:\/\/www.daxor.pl\/wp-content\/uploads\/2020\/09\/logo_white.png","width":188,"height":60,"caption":"Daxor"},"image":{"@id":"https:\/\/www.daxor.pl\/#\/schema\/logo\/image\/"}}]}},"_links":{"self":[{"href":"https:\/\/www.daxor.pl\/index.php?rest_route=\/wp\/v2\/pages\/3123","targetHints":{"allow":["GET"]}}],"collection":[{"href":"https:\/\/www.daxor.pl\/index.php?rest_route=\/wp\/v2\/pages"}],"about":[{"href":"https:\/\/www.daxor.pl\/index.php?rest_route=\/wp\/v2\/types\/page"}],"author":[{"embeddable":true,"href":"https:\/\/www.daxor.pl\/index.php?rest_route=\/wp\/v2\/users\/1"}],"replies":[{"embeddable":true,"href":"https:\/\/www.daxor.pl\/index.php?rest_route=%2Fwp%2Fv2%2Fcomments&post=3123"}],"version-history":[{"count":3,"href":"https:\/\/www.daxor.pl\/index.php?rest_route=\/wp\/v2\/pages\/3123\/revisions"}],"predecessor-version":[{"id":3318,"href":"https:\/\/www.daxor.pl\/index.php?rest_route=\/wp\/v2\/pages\/3123\/revisions\/3318"}],"up":[{"embeddable":true,"href":"https:\/\/www.daxor.pl\/index.php?rest_route=\/wp\/v2\/pages\/1402"}],"wp:attachment":[{"href":"https:\/\/www.daxor.pl\/index.php?rest_route=%2Fwp%2Fv2%2Fmedia&parent=3123"}],"curies":[{"name":"wp","href":"https:\/\/api.w.org\/{rel}","templated":true}]}}