{"id":3243,"date":"2020-10-07T22:57:44","date_gmt":"2020-10-07T20:57:44","guid":{"rendered":"https:\/\/www.daxor.pl\/?page_id=3243"},"modified":"2020-10-13T19:28:03","modified_gmt":"2020-10-13T17:28:03","slug":"x-ringi","status":"publish","type":"page","link":"https:\/\/www.daxor.pl\/?page_id=3243","title":{"rendered":"X-ringi"},"content":{"rendered":"\t\t<div data-elementor-type=\"wp-page\" data-elementor-id=\"3243\" class=\"elementor elementor-3243\">\n\t\t\t\t\t\t<section class=\"elementor-section elementor-top-section elementor-element elementor-element-883113e elementor-section-boxed elementor-section-height-default elementor-section-height-default\" data-id=\"883113e\" data-element_type=\"section\">\n\t\t\t\t\t\t<div class=\"elementor-container elementor-column-gap-default\">\n\t\t\t\t\t<div class=\"elementor-column elementor-col-100 elementor-top-column elementor-element elementor-element-22d6b7b7\" data-id=\"22d6b7b7\" data-element_type=\"column\">\n\t\t\t<div class=\"elementor-widget-wrap elementor-element-populated\">\n\t\t\t\t\t\t<div class=\"elementor-element elementor-element-1f313737 elementor-widget elementor-widget-wp-widget-bcn_widget\" data-id=\"1f313737\" data-element_type=\"widget\" data-widget_type=\"wp-widget-bcn_widget.default\">\n\t\t\t\t<div class=\"elementor-widget-container\">\n\t\t\t\t\t<div class=\"breadcrumbs\" vocab=\"https:\/\/schema.org\/\" typeof=\"BreadcrumbList\"><!-- Breadcrumb NavXT 7.4.1 -->\n<span property=\"itemListElement\" typeof=\"ListItem\"><a property=\"item\" typeof=\"WebPage\" title=\"Przejd\u017a do Daxor.\" href=\"https:\/\/www.daxor.pl\" class=\"home\" aria-current=\"page\"><span property=\"name\">Daxor<\/span><\/a><meta property=\"position\" content=\"1\"><\/span><\/div>\t\t\t\t<\/div>\n\t\t\t\t<\/div>\n\t\t\t\t\t<\/div>\n\t\t<\/div>\n\t\t\t\t\t<\/div>\n\t\t<\/section>\n\t\t\t\t<section class=\"elementor-section elementor-top-section elementor-element elementor-element-2dfb7596 elementor-section-boxed elementor-section-height-default elementor-section-height-default\" data-id=\"2dfb7596\" data-element_type=\"section\">\n\t\t\t\t\t\t<div class=\"elementor-container elementor-column-gap-default\">\n\t\t\t\t\t<div class=\"elementor-column elementor-col-100 elementor-top-column elementor-element elementor-element-3c14155a\" data-id=\"3c14155a\" data-element_type=\"column\">\n\t\t\t<div class=\"elementor-widget-wrap elementor-element-populated\">\n\t\t\t\t\t\t<div class=\"elementor-element elementor-element-29beeba7 elementor-widget elementor-widget-heading\" data-id=\"29beeba7\" data-element_type=\"widget\" data-widget_type=\"heading.default\">\n\t\t\t\t<div class=\"elementor-widget-container\">\n\t\t\t\t\t<h5 class=\"elementor-heading-title elementor-size-default\">X-ringi<\/h5>\t\t\t\t<\/div>\n\t\t\t\t<\/div>\n\t\t\t\t<div class=\"elementor-element elementor-element-5f397453 elementor-widget elementor-widget-shortcode\" data-id=\"5f397453\" data-element_type=\"widget\" data-widget_type=\"shortcode.default\">\n\t\t\t\t<div class=\"elementor-widget-container\">\n\t\t\t\t\t\t\t<div class=\"elementor-shortcode\">\n<table id=\"tablepress-9\" class=\"tablepress tablepress-id-9\">\n<thead>\n<tr class=\"row-1\">\n\t<th class=\"column-1\">Profil<\/th><th class=\"column-2\">Oznaczenie<\/th><th class=\"column-3\">Opis<\/th><th class=\"column-4\">Materia\u0142y<\/th><th class=\"column-5\">Wymiary<\/th><th class=\"column-6\">Karta wymiarowa<\/th><th class=\"column-7\">Karta katalogowa<\/th>\n<\/tr>\n<\/thead>\n<tbody class=\"row-striping row-hover\">\n<tr class=\"row-2\">\n\t<td class=\"column-1\"><img decoding=\"async\" src=\"https:\/\/www.daxor.pl\/wp-content\/uploads\/2020\/10\/XR-1.jpg\" alt=\"\" width=\"114\" height=\"114\" class=\"alignnone size-full wp-image-3524\" \/><\/td><td class=\"column-2\">XR-1<\/td><td class=\"column-3\"><\/td><td class=\"column-4\">NBR, FPM<\/td><td class=\"column-5\">AS 568<\/td><td class=\"column-6\"><\/td><td class=\"column-7\"><\/td>\n<\/tr>\n<\/tbody>\n<\/table>\n<!-- #tablepress-9 from cache --><\/div>\n\t\t\t\t\t\t<\/div>\n\t\t\t\t<\/div>\n\t\t\t\t\t<\/div>\n\t\t<\/div>\n\t\t\t\t\t<\/div>\n\t\t<\/section>\n\t\t\t\t<\/div>\n\t\t","protected":false},"excerpt":{"rendered":"<p>X-ringi<\/p>\n","protected":false},"author":1,"featured_media":0,"parent":3124,"menu_order":0,"comment_status":"closed","ping_status":"closed","template":"page-templates\/pagebuilder.php","meta":{"zakra_page_container_layout":"customizer","zakra_page_sidebar_layout":"customizer","zakra_remove_content_margin":false,"zakra_sidebar":"customizer","zakra_transparent_header":"customizer","zakra_logo":0,"zakra_main_header_style":"default","zakra_menu_item_color":"","zakra_menu_item_hover_color":"","zakra_menu_item_active_color":"","zakra_menu_active_style":"","zakra_page_header":true,"footnotes":""},"class_list":["post-3243","page","type-page","status-publish","hentry"],"yoast_head":"<!-- This site is optimized with the Yoast SEO plugin v26.4 - https:\/\/yoast.com\/wordpress\/plugins\/seo\/ -->\n<title>X-ringi - Daxor<\/title>\n<meta name=\"robots\" content=\"index, follow, max-snippet:-1, max-image-preview:large, max-video-preview:-1\" \/>\n<link rel=\"canonical\" href=\"https:\/\/www.daxor.pl\/?page_id=3243\" \/>\n<meta property=\"og:locale\" content=\"pl_PL\" \/>\n<meta property=\"og:type\" content=\"article\" \/>\n<meta property=\"og:title\" content=\"X-ringi - Daxor\" \/>\n<meta property=\"og:description\" content=\"X-ringi\" \/>\n<meta property=\"og:url\" content=\"https:\/\/www.daxor.pl\/?page_id=3243\" \/>\n<meta property=\"og:site_name\" content=\"Daxor\" \/>\n<meta property=\"article:modified_time\" content=\"2020-10-13T17:28:03+00:00\" \/>\n<meta name=\"twitter:card\" content=\"summary_large_image\" \/>\n<script type=\"application\/ld+json\" class=\"yoast-schema-graph\">{\"@context\":\"https:\/\/schema.org\",\"@graph\":[{\"@type\":\"WebPage\",\"@id\":\"https:\/\/www.daxor.pl\/?page_id=3243\",\"url\":\"https:\/\/www.daxor.pl\/?page_id=3243\",\"name\":\"X-ringi - Daxor\",\"isPartOf\":{\"@id\":\"https:\/\/www.daxor.pl\/#website\"},\"datePublished\":\"2020-10-07T20:57:44+00:00\",\"dateModified\":\"2020-10-13T17:28:03+00:00\",\"breadcrumb\":{\"@id\":\"https:\/\/www.daxor.pl\/?page_id=3243#breadcrumb\"},\"inLanguage\":\"pl-PL\",\"potentialAction\":[{\"@type\":\"ReadAction\",\"target\":[\"https:\/\/www.daxor.pl\/?page_id=3243\"]}]},{\"@type\":\"BreadcrumbList\",\"@id\":\"https:\/\/www.daxor.pl\/?page_id=3243#breadcrumb\",\"itemListElement\":[{\"@type\":\"ListItem\",\"position\":1,\"name\":\"Strona g\u0142\u00f3wna\",\"item\":\"https:\/\/www.daxor.pl\/\"},{\"@type\":\"ListItem\",\"position\":2,\"name\":\"Strona g\u0142\u00f3wna\",\"item\":\"https:\/\/www.daxor.pl\/\"},{\"@type\":\"ListItem\",\"position\":3,\"name\":\"Oferta\",\"item\":\"https:\/\/www.daxor.pl\/?page_id=1317\"},{\"@type\":\"ListItem\",\"position\":4,\"name\":\"Uszczelnienia techniczne\",\"item\":\"https:\/\/www.daxor.pl\/?page_id=1402\"},{\"@type\":\"ListItem\",\"position\":5,\"name\":\"Uszczelnienia statyczne\",\"item\":\"https:\/\/www.daxor.pl\/?page_id=3124\"},{\"@type\":\"ListItem\",\"position\":6,\"name\":\"X-ringi\"}]},{\"@type\":\"WebSite\",\"@id\":\"https:\/\/www.daxor.pl\/#website\",\"url\":\"https:\/\/www.daxor.pl\/\",\"name\":\"Daxor\",\"description\":\"Dostawa i dob\u00f3r najlepszych cz\u0119\u015bci na potrzeby produkcji, utrzymania ruchu oraz remont\u00f3w\",\"publisher\":{\"@id\":\"https:\/\/www.daxor.pl\/#organization\"},\"potentialAction\":[{\"@type\":\"SearchAction\",\"target\":{\"@type\":\"EntryPoint\",\"urlTemplate\":\"https:\/\/www.daxor.pl\/?s={search_term_string}\"},\"query-input\":{\"@type\":\"PropertyValueSpecification\",\"valueRequired\":true,\"valueName\":\"search_term_string\"}}],\"inLanguage\":\"pl-PL\"},{\"@type\":\"Organization\",\"@id\":\"https:\/\/www.daxor.pl\/#organization\",\"name\":\"Daxor\",\"url\":\"https:\/\/www.daxor.pl\/\",\"logo\":{\"@type\":\"ImageObject\",\"inLanguage\":\"pl-PL\",\"@id\":\"https:\/\/www.daxor.pl\/#\/schema\/logo\/image\/\",\"url\":\"https:\/\/www.daxor.pl\/wp-content\/uploads\/2020\/09\/logo_white.png\",\"contentUrl\":\"https:\/\/www.daxor.pl\/wp-content\/uploads\/2020\/09\/logo_white.png\",\"width\":188,\"height\":60,\"caption\":\"Daxor\"},\"image\":{\"@id\":\"https:\/\/www.daxor.pl\/#\/schema\/logo\/image\/\"}}]}<\/script>\n<!-- \/ Yoast SEO plugin. -->","yoast_head_json":{"title":"X-ringi - Daxor","robots":{"index":"index","follow":"follow","max-snippet":"max-snippet:-1","max-image-preview":"max-image-preview:large","max-video-preview":"max-video-preview:-1"},"canonical":"https:\/\/www.daxor.pl\/?page_id=3243","og_locale":"pl_PL","og_type":"article","og_title":"X-ringi - Daxor","og_description":"X-ringi","og_url":"https:\/\/www.daxor.pl\/?page_id=3243","og_site_name":"Daxor","article_modified_time":"2020-10-13T17:28:03+00:00","twitter_card":"summary_large_image","schema":{"@context":"https:\/\/schema.org","@graph":[{"@type":"WebPage","@id":"https:\/\/www.daxor.pl\/?page_id=3243","url":"https:\/\/www.daxor.pl\/?page_id=3243","name":"X-ringi - Daxor","isPartOf":{"@id":"https:\/\/www.daxor.pl\/#website"},"datePublished":"2020-10-07T20:57:44+00:00","dateModified":"2020-10-13T17:28:03+00:00","breadcrumb":{"@id":"https:\/\/www.daxor.pl\/?page_id=3243#breadcrumb"},"inLanguage":"pl-PL","potentialAction":[{"@type":"ReadAction","target":["https:\/\/www.daxor.pl\/?page_id=3243"]}]},{"@type":"BreadcrumbList","@id":"https:\/\/www.daxor.pl\/?page_id=3243#breadcrumb","itemListElement":[{"@type":"ListItem","position":1,"name":"Strona g\u0142\u00f3wna","item":"https:\/\/www.daxor.pl\/"},{"@type":"ListItem","position":2,"name":"Strona g\u0142\u00f3wna","item":"https:\/\/www.daxor.pl\/"},{"@type":"ListItem","position":3,"name":"Oferta","item":"https:\/\/www.daxor.pl\/?page_id=1317"},{"@type":"ListItem","position":4,"name":"Uszczelnienia techniczne","item":"https:\/\/www.daxor.pl\/?page_id=1402"},{"@type":"ListItem","position":5,"name":"Uszczelnienia statyczne","item":"https:\/\/www.daxor.pl\/?page_id=3124"},{"@type":"ListItem","position":6,"name":"X-ringi"}]},{"@type":"WebSite","@id":"https:\/\/www.daxor.pl\/#website","url":"https:\/\/www.daxor.pl\/","name":"Daxor","description":"Dostawa i dob\u00f3r najlepszych cz\u0119\u015bci na potrzeby produkcji, utrzymania ruchu oraz remont\u00f3w","publisher":{"@id":"https:\/\/www.daxor.pl\/#organization"},"potentialAction":[{"@type":"SearchAction","target":{"@type":"EntryPoint","urlTemplate":"https:\/\/www.daxor.pl\/?s={search_term_string}"},"query-input":{"@type":"PropertyValueSpecification","valueRequired":true,"valueName":"search_term_string"}}],"inLanguage":"pl-PL"},{"@type":"Organization","@id":"https:\/\/www.daxor.pl\/#organization","name":"Daxor","url":"https:\/\/www.daxor.pl\/","logo":{"@type":"ImageObject","inLanguage":"pl-PL","@id":"https:\/\/www.daxor.pl\/#\/schema\/logo\/image\/","url":"https:\/\/www.daxor.pl\/wp-content\/uploads\/2020\/09\/logo_white.png","contentUrl":"https:\/\/www.daxor.pl\/wp-content\/uploads\/2020\/09\/logo_white.png","width":188,"height":60,"caption":"Daxor"},"image":{"@id":"https:\/\/www.daxor.pl\/#\/schema\/logo\/image\/"}}]}},"_links":{"self":[{"href":"https:\/\/www.daxor.pl\/index.php?rest_route=\/wp\/v2\/pages\/3243","targetHints":{"allow":["GET"]}}],"collection":[{"href":"https:\/\/www.daxor.pl\/index.php?rest_route=\/wp\/v2\/pages"}],"about":[{"href":"https:\/\/www.daxor.pl\/index.php?rest_route=\/wp\/v2\/types\/page"}],"author":[{"embeddable":true,"href":"https:\/\/www.daxor.pl\/index.php?rest_route=\/wp\/v2\/users\/1"}],"replies":[{"embeddable":true,"href":"https:\/\/www.daxor.pl\/index.php?rest_route=%2Fwp%2Fv2%2Fcomments&post=3243"}],"version-history":[{"count":3,"href":"https:\/\/www.daxor.pl\/index.php?rest_route=\/wp\/v2\/pages\/3243\/revisions"}],"predecessor-version":[{"id":3526,"href":"https:\/\/www.daxor.pl\/index.php?rest_route=\/wp\/v2\/pages\/3243\/revisions\/3526"}],"up":[{"embeddable":true,"href":"https:\/\/www.daxor.pl\/index.php?rest_route=\/wp\/v2\/pages\/3124"}],"wp:attachment":[{"href":"https:\/\/www.daxor.pl\/index.php?rest_route=%2Fwp%2Fv2%2Fmedia&parent=3243"}],"curies":[{"name":"wp","href":"https:\/\/api.w.org\/{rel}","templated":true}]}}