{"id":3271,"date":"2020-10-07T23:00:27","date_gmt":"2020-10-07T21:00:27","guid":{"rendered":"https:\/\/www.daxor.pl\/?page_id=3271"},"modified":"2020-10-24T16:05:22","modified_gmt":"2020-10-24T14:05:22","slug":"uszczelnienia-tloczyska","status":"publish","type":"page","link":"https:\/\/www.daxor.pl\/?page_id=3271","title":{"rendered":"Uszczelnienia t\u0142oczyska"},"content":{"rendered":"\t\t<div data-elementor-type=\"wp-page\" data-elementor-id=\"3271\" class=\"elementor elementor-3271\">\n\t\t\t\t\t\t<section class=\"elementor-section elementor-top-section elementor-element elementor-element-47376cfc elementor-section-boxed elementor-section-height-default elementor-section-height-default\" data-id=\"47376cfc\" data-element_type=\"section\">\n\t\t\t\t\t\t<div class=\"elementor-container elementor-column-gap-default\">\n\t\t\t\t\t<div class=\"elementor-column elementor-col-100 elementor-top-column elementor-element elementor-element-1c78cc41\" data-id=\"1c78cc41\" data-element_type=\"column\">\n\t\t\t<div class=\"elementor-widget-wrap elementor-element-populated\">\n\t\t\t\t\t\t<div class=\"elementor-element elementor-element-5ced8157 elementor-widget elementor-widget-wp-widget-bcn_widget\" data-id=\"5ced8157\" data-element_type=\"widget\" data-widget_type=\"wp-widget-bcn_widget.default\">\n\t\t\t\t<div class=\"elementor-widget-container\">\n\t\t\t\t\t<div class=\"breadcrumbs\" vocab=\"https:\/\/schema.org\/\" typeof=\"BreadcrumbList\"><!-- Breadcrumb NavXT 7.4.1 -->\n<span property=\"itemListElement\" typeof=\"ListItem\"><a property=\"item\" typeof=\"WebPage\" title=\"Przejd\u017a do Daxor.\" href=\"https:\/\/www.daxor.pl\" class=\"home\" aria-current=\"page\"><span property=\"name\">Daxor<\/span><\/a><meta property=\"position\" content=\"1\"><\/span><\/div>\t\t\t\t<\/div>\n\t\t\t\t<\/div>\n\t\t\t\t\t<\/div>\n\t\t<\/div>\n\t\t\t\t\t<\/div>\n\t\t<\/section>\n\t\t\t\t<section class=\"elementor-section elementor-top-section elementor-element elementor-element-17447002 elementor-section-boxed elementor-section-height-default elementor-section-height-default\" data-id=\"17447002\" data-element_type=\"section\">\n\t\t\t\t\t\t<div class=\"elementor-container elementor-column-gap-default\">\n\t\t\t\t\t<div class=\"elementor-column elementor-col-100 elementor-top-column elementor-element elementor-element-6273f360\" data-id=\"6273f360\" data-element_type=\"column\">\n\t\t\t<div class=\"elementor-widget-wrap elementor-element-populated\">\n\t\t\t\t\t\t<div class=\"elementor-element elementor-element-33b66eb5 elementor-widget elementor-widget-heading\" data-id=\"33b66eb5\" data-element_type=\"widget\" data-widget_type=\"heading.default\">\n\t\t\t\t<div class=\"elementor-widget-container\">\n\t\t\t\t\t<h5 class=\"elementor-heading-title elementor-size-default\">Uszczelnienia t\u0142oczyska<\/h5>\t\t\t\t<\/div>\n\t\t\t\t<\/div>\n\t\t\t\t<div class=\"elementor-element elementor-element-6f620b68 elementor-widget elementor-widget-shortcode\" data-id=\"6f620b68\" data-element_type=\"widget\" data-widget_type=\"shortcode.default\">\n\t\t\t\t<div class=\"elementor-widget-container\">\n\t\t\t\t\t\t\t<div class=\"elementor-shortcode\">\n<table id=\"tablepress-19\" class=\"tablepress tablepress-id-19\">\n<thead>\n<tr class=\"row-1\">\n\t<th class=\"column-1\">Profil<\/th><th class=\"column-2\">Oznaczenie<\/th><th class=\"column-3\">Opis<\/th><th class=\"column-4\">Materia\u0142y<\/th><th class=\"column-5\">Temp min <\/th><th class=\"column-6\">Temp max<\/th><th class=\"column-7\">Pr\u0119dko\u015b\u0107 [m\/s]<\/th><th class=\"column-8\">Ci\u015bnienie [MPa]<\/th><th class=\"column-9\">Wymiary [mm]<\/th><th class=\"column-10\">Karta wymiarowa<\/th><th class=\"column-11\">Karta katalogowa<\/th>\n<\/tr>\n<\/thead>\n<tbody class=\"row-striping row-hover\">\n<tr class=\"row-2\">\n\t<td class=\"column-1\"><img decoding=\"async\" src=\"https:\/\/www.daxor.pl\/wp-content\/uploads\/2021\/01\/RS-1.jpg\" alt=\"\" width=\"114\" height=\"114\" class=\"alignnone size-full wp-image-3750\" \/><\/td><td class=\"column-2\">RS-1<\/td><td class=\"column-3\">Dwustronne dzia\u0142anie  <\/td><td class=\"column-4\">PTFE br\u0105z + O-ring NBR<br \/>\n<br \/>\nPTFE br\u0105z + O-ring FPM<br \/>\n<br \/>\nTPU + O-ring NBR<br \/>\n<\/td><td class=\"column-5\">-30<br \/>\n<br \/>\n<br \/>\n-15<br \/>\n<br \/>\n<br \/>\n-30<br \/>\n<\/td><td class=\"column-6\">100<br \/>\n<br \/>\n<br \/>\n200<br \/>\n<br \/>\n<br \/>\n100<br \/>\n<\/td><td class=\"column-7\">15<br \/>\n<br \/>\n<br \/>\n15<br \/>\n<br \/>\n<br \/>\n2<br \/>\n<\/td><td class=\"column-8\">40<br \/>\n<br \/>\n<br \/>\n40<br \/>\n<br \/>\n-<br \/>\n<\/td><td class=\"column-9\">\u2264 2500<br \/>\n<\/td><td class=\"column-10\"><\/td><td class=\"column-11\"><\/td>\n<\/tr>\n<tr class=\"row-3\">\n\t<td class=\"column-1\"><img decoding=\"async\" src=\"https:\/\/www.daxor.pl\/wp-content\/uploads\/2021\/01\/RS-2.jpg\" alt=\"\" width=\"114\" height=\"114\" class=\"alignnone size-full wp-image-3750\" \/><\/td><td class=\"column-2\">RS-2<\/td><td class=\"column-3\">Jednostronne dzia\u0142anie  <\/td><td class=\"column-4\">PTFE br\u0105z + O-ring NBR<br \/>\n<br \/>\nPTFE br\u0105z + O-ring FPM<br \/>\n<br \/>\nTPU + O-ring NBR<br \/>\n<\/td><td class=\"column-5\">-30<br \/>\n<br \/>\n<br \/>\n-15<br \/>\n<br \/>\n<br \/>\n-30<br \/>\n<\/td><td class=\"column-6\">100<br \/>\n<br \/>\n<br \/>\n200<br \/>\n<br \/>\n<br \/>\n100<br \/>\n<\/td><td class=\"column-7\">15<br \/>\n<br \/>\n<br \/>\n15<br \/>\n<br \/>\n<br \/>\n2<br \/>\n<\/td><td class=\"column-8\">40<br \/>\n<br \/>\n<br \/>\n40<br \/>\n<br \/>\n<br \/>\n-<br \/>\n<\/td><td class=\"column-9\">\u2264 2500<br \/>\n<\/td><td class=\"column-10\"><\/td><td class=\"column-11\"><\/td>\n<\/tr>\n<tr class=\"row-4\">\n\t<td class=\"column-1\"><img decoding=\"async\" src=\"https:\/\/www.daxor.pl\/wp-content\/uploads\/2021\/01\/RS-3.jpg\" alt=\"\" width=\"114\" height=\"114\" class=\"alignnone size-full wp-image-3750\" \/><\/td><td class=\"column-2\">RS-3<\/td><td class=\"column-3\">Dwustronne dzia\u0142anie  <\/td><td class=\"column-4\">PTFE br\u0105z + O-ring NBR<br \/>\n<br \/>\nPTFE br\u0105z + O-ring FPM<br \/>\n<\/td><td class=\"column-5\">-30<br \/>\n<br \/>\n<br \/>\n-15<br \/>\n<\/td><td class=\"column-6\">100<br \/>\n<br \/>\n<br \/>\n200<br \/>\n<\/td><td class=\"column-7\">2<br \/>\n<br \/>\n<br \/>\n2<\/td><td class=\"column-8\">16<br \/>\n<br \/>\n<br \/>\n16<\/td><td class=\"column-9\">\u2264 2500<br \/>\n<\/td><td class=\"column-10\"><\/td><td class=\"column-11\"><\/td>\n<\/tr>\n<tr class=\"row-5\">\n\t<td class=\"column-1\"><img loading=\"lazy\" decoding=\"async\" src=\"https:\/\/www.daxor.pl\/wp-content\/uploads\/2021\/01\/RS-4.jpg\" alt=\"\" width=\"114\" height=\"114\" class=\"alignnone size-full wp-image-3750\" \/><\/td><td class=\"column-2\">RS-4<\/td><td class=\"column-3\">Dwustronne dzia\u0142anie  <\/td><td class=\"column-4\">PTFE + O-ring NBR<br \/>\n<br \/>\nPTFE + O-ring FPM<br \/>\n<\/td><td class=\"column-5\">-30<br \/>\n<br \/>\n-15<br \/>\n<\/td><td class=\"column-6\">100<br \/>\n<br \/>\n200<\/td><td class=\"column-7\">15<br \/>\n<br \/>\n15<br \/>\n<\/td><td class=\"column-8\">35<br \/>\n<br \/>\n35<\/td><td class=\"column-9\">\u2264 2500<br \/>\n<\/td><td class=\"column-10\"><\/td><td class=\"column-11\"><\/td>\n<\/tr>\n<tr class=\"row-6\">\n\t<td class=\"column-1\"><img loading=\"lazy\" decoding=\"async\" src=\"https:\/\/www.daxor.pl\/wp-content\/uploads\/2021\/01\/RS-5.jpg\" alt=\"\" width=\"114\" height=\"114\" class=\"alignnone size-full wp-image-3750\" \/><\/td><td class=\"column-2\">RS-5<\/td><td class=\"column-3\">Jednostronne dzia\u0142anie  <\/td><td class=\"column-4\">PTFE \/ Grafit<br \/>\nSpr\u0119\u017cna V \u2013 1.4310<br \/>\n<\/td><td class=\"column-5\">-150<\/td><td class=\"column-6\">250<\/td><td class=\"column-7\">15<\/td><td class=\"column-8\">35<\/td><td class=\"column-9\">\u2264 2500<br \/>\n<\/td><td class=\"column-10\"><\/td><td class=\"column-11\"><\/td>\n<\/tr>\n<tr class=\"row-7\">\n\t<td class=\"column-1\"><img loading=\"lazy\" decoding=\"async\" src=\"https:\/\/www.daxor.pl\/wp-content\/uploads\/2021\/01\/RS-6.jpg\" alt=\"\" width=\"114\" height=\"114\" class=\"alignnone size-full wp-image-3750\" \/><\/td><td class=\"column-2\">RS-6<\/td><td class=\"column-3\">Jednostronne dzia\u0142anie  <\/td><td class=\"column-4\">PTFE<br \/>\nSpr\u0119\u017cna \u2013 1.4310<br \/>\n<\/td><td class=\"column-5\">-150<\/td><td class=\"column-6\">250<\/td><td class=\"column-7\">5<\/td><td class=\"column-8\">30<\/td><td class=\"column-9\">\u2264 2500<br \/>\n<\/td><td class=\"column-10\"><\/td><td class=\"column-11\"><\/td>\n<\/tr>\n<tr class=\"row-8\">\n\t<td class=\"column-1\"><img loading=\"lazy\" decoding=\"async\" src=\"https:\/\/www.daxor.pl\/wp-content\/uploads\/2021\/01\/RS-7.jpg\" alt=\"\" width=\"114\" height=\"114\" class=\"alignnone size-full wp-image-3750\" \/><\/td><td class=\"column-2\">RS-7<\/td><td class=\"column-3\">Jednostronne dzia\u0142anie  <\/td><td class=\"column-4\">PTFE<br \/>\nSpr\u0119\u017cna \u2013 1.4310<br \/>\n<\/td><td class=\"column-5\">-150<\/td><td class=\"column-6\">250<\/td><td class=\"column-7\">10<\/td><td class=\"column-8\">25(45)<\/td><td class=\"column-9\">\u2264 2500<br \/>\n<\/td><td class=\"column-10\"><\/td><td class=\"column-11\"><\/td>\n<\/tr>\n<tr class=\"row-9\">\n\t<td class=\"column-1\"><img loading=\"lazy\" decoding=\"async\" src=\"https:\/\/www.daxor.pl\/wp-content\/uploads\/2021\/01\/RS-8.jpg\" alt=\"\" width=\"114\" height=\"114\" class=\"alignnone size-full wp-image-3750\" \/><\/td><td class=\"column-2\">RS-8<\/td><td class=\"column-3\">Jednostronne dzia\u0142anie  <\/td><td class=\"column-4\">NBR\/Tkanina + NBR + POM<br \/>\n<br \/>\nFPM\/Tkanina + FPM<br \/>\n<\/td><td class=\"column-5\">-30<br \/>\n<br \/>\n<br \/>\n-15<br \/>\n<\/td><td class=\"column-6\">100<br \/>\n<br \/>\n<br \/>\n150<br \/>\n<\/td><td class=\"column-7\">0,5<br \/>\n<br \/>\n<br \/>\n0,5<\/td><td class=\"column-8\">40<br \/>\n<br \/>\n<br \/>\n40<\/td><td class=\"column-9\">\u2264 500<\/td><td class=\"column-10\"><\/td><td class=\"column-11\"><\/td>\n<\/tr>\n<tr class=\"row-10\">\n\t<td class=\"column-1\"><img loading=\"lazy\" decoding=\"async\" src=\"https:\/\/www.daxor.pl\/wp-content\/uploads\/2021\/01\/RS-9.jpg\" alt=\"\" width=\"114\" height=\"114\" class=\"alignnone size-full wp-image-3750\" \/><\/td><td class=\"column-2\">RS-9<\/td><td class=\"column-3\">Jednostronne dzia\u0142anie  <\/td><td class=\"column-4\">TPU<br \/>\nNBR<br \/>\n<\/td><td class=\"column-5\">-40<br \/>\n-30<br \/>\n<\/td><td class=\"column-6\">100<br \/>\n100<br \/>\n<\/td><td class=\"column-7\">0,5<br \/>\n0,5<br \/>\n<\/td><td class=\"column-8\">40<br \/>\n16<br \/>\n<\/td><td class=\"column-9\">\u2264 250<\/td><td class=\"column-10\"><\/td><td class=\"column-11\"><\/td>\n<\/tr>\n<tr class=\"row-11\">\n\t<td class=\"column-1\"><img loading=\"lazy\" decoding=\"async\" src=\"https:\/\/www.daxor.pl\/wp-content\/uploads\/2021\/01\/RS-10.jpg\" alt=\"\" width=\"114\" height=\"114\" class=\"alignnone size-full wp-image-3750\" \/><\/td><td class=\"column-2\">RS-10<\/td><td class=\"column-3\">Jednostronne dzia\u0142anie  <\/td><td class=\"column-4\">TPU<\/td><td class=\"column-5\">-40<\/td><td class=\"column-6\">100<\/td><td class=\"column-7\">0,5<\/td><td class=\"column-8\">40<\/td><td class=\"column-9\">\u2264 250<\/td><td class=\"column-10\"><\/td><td class=\"column-11\"><\/td>\n<\/tr>\n<tr class=\"row-12\">\n\t<td class=\"column-1\"><img loading=\"lazy\" decoding=\"async\" src=\"https:\/\/www.daxor.pl\/wp-content\/uploads\/2021\/01\/RS-11.jpg\" alt=\"\" width=\"114\" height=\"114\" class=\"alignnone size-full wp-image-3750\" \/><\/td><td class=\"column-2\">RS-11<\/td><td class=\"column-3\">Jednostronne dzia\u0142anie  <\/td><td class=\"column-4\">TPU<\/td><td class=\"column-5\">-40<\/td><td class=\"column-6\">100<\/td><td class=\"column-7\">0,5<\/td><td class=\"column-8\">40<\/td><td class=\"column-9\">\u2264 250<\/td><td class=\"column-10\"><\/td><td class=\"column-11\"><\/td>\n<\/tr>\n<tr class=\"row-13\">\n\t<td class=\"column-1\"><img loading=\"lazy\" decoding=\"async\" src=\"https:\/\/www.daxor.pl\/wp-content\/uploads\/2021\/01\/RS-12.jpg\" alt=\"\" width=\"114\" height=\"114\" class=\"alignnone size-full wp-image-3750\" \/><\/td><td class=\"column-2\">RS-12<\/td><td class=\"column-3\">Jednostronne dzia\u0142anie  <\/td><td class=\"column-4\">NBR + NBR\/tkanina + POM<\/td><td class=\"column-5\">-30<\/td><td class=\"column-6\">100<\/td><td class=\"column-7\">0,5<\/td><td class=\"column-8\">40<\/td><td class=\"column-9\">\u2264 230<\/td><td class=\"column-10\"><\/td><td class=\"column-11\"><\/td>\n<\/tr>\n<tr class=\"row-14\">\n\t<td class=\"column-1\"><img loading=\"lazy\" decoding=\"async\" src=\"https:\/\/www.daxor.pl\/wp-content\/uploads\/2021\/01\/RS-13.jpg\" alt=\"\" width=\"114\" height=\"114\" class=\"alignnone size-full wp-image-3750\" \/><\/td><td class=\"column-2\">RS-13<\/td><td class=\"column-3\">Jednostronne dzia\u0142anie  <\/td><td class=\"column-4\">PUR + POM<\/td><td class=\"column-5\">-30<\/td><td class=\"column-6\">100<\/td><td class=\"column-7\">0,5<\/td><td class=\"column-8\">40<\/td><td class=\"column-9\">\u2264 380<\/td><td class=\"column-10\"><\/td><td class=\"column-11\"><\/td>\n<\/tr>\n<tr class=\"row-15\">\n\t<td class=\"column-1\"><img loading=\"lazy\" decoding=\"async\" src=\"https:\/\/www.daxor.pl\/wp-content\/uploads\/2021\/01\/RS-14.jpg\" alt=\"\" width=\"114\" height=\"114\" class=\"alignnone size-full wp-image-3750\" \/><\/td><td class=\"column-2\">RS-14<\/td><td class=\"column-3\">Jednostronne dzia\u0142anie <br \/>\nheavy duty<br \/>\n<\/td><td class=\"column-4\">PUR + POM<\/td><td class=\"column-5\">-30<\/td><td class=\"column-6\">100<\/td><td class=\"column-7\">0,5<\/td><td class=\"column-8\">40<\/td><td class=\"column-9\">\u2264 150<\/td><td class=\"column-10\"><\/td><td class=\"column-11\"><\/td>\n<\/tr>\n<tr class=\"row-16\">\n\t<td class=\"column-1\"><img loading=\"lazy\" decoding=\"async\" src=\"https:\/\/www.daxor.pl\/wp-content\/uploads\/2021\/01\/RS-15.jpg\" alt=\"\" width=\"114\" height=\"114\" class=\"alignnone size-full wp-image-3750\" \/><\/td><td class=\"column-2\">RS-15<\/td><td class=\"column-3\">Jednostronne dzia\u0142anie <\/td><td class=\"column-4\">NBR + NBR\/tkanina(TPE) + POM<\/td><td class=\"column-5\">-30<\/td><td class=\"column-6\">100<\/td><td class=\"column-7\">0,5<\/td><td class=\"column-8\">70<\/td><td class=\"column-9\">\u2264 260<\/td><td class=\"column-10\"><\/td><td class=\"column-11\"><\/td>\n<\/tr>\n<tr class=\"row-17\">\n\t<td class=\"column-1\"><img loading=\"lazy\" decoding=\"async\" src=\"https:\/\/www.daxor.pl\/wp-content\/uploads\/2021\/01\/RS-16.jpg\" alt=\"\" width=\"114\" height=\"114\" class=\"alignnone size-full wp-image-3750\" \/><\/td><td class=\"column-2\">RS-16<\/td><td class=\"column-3\">Jednostronne dzia\u0142anie<br \/>\nheavy duty<br \/>\n<\/td><td class=\"column-4\">PUR + NBR + POM<\/td><td class=\"column-5\">-30<\/td><td class=\"column-6\">100 <\/td><td class=\"column-7\">0,5<\/td><td class=\"column-8\">63<\/td><td class=\"column-9\">\u2264 340<\/td><td class=\"column-10\"><\/td><td class=\"column-11\"><\/td>\n<\/tr>\n<tr class=\"row-18\">\n\t<td class=\"column-1\"><img loading=\"lazy\" decoding=\"async\" src=\"https:\/\/www.daxor.pl\/wp-content\/uploads\/2021\/01\/RS-17.jpg\" alt=\"\" width=\"114\" height=\"114\" class=\"alignnone size-full wp-image-3750\" \/><\/td><td class=\"column-2\">RS-17<\/td><td class=\"column-3\">Jednostronne dzia\u0142anie<br \/>\nheavy duty<br \/>\n<\/td><td class=\"column-4\">NBR + NBR\/tkanina<\/td><td class=\"column-5\">-30<\/td><td class=\"column-6\">100<\/td><td class=\"column-7\">0,5<\/td><td class=\"column-8\">25<\/td><td class=\"column-9\">\u2264 110<\/td><td class=\"column-10\"><\/td><td class=\"column-11\"><\/td>\n<\/tr>\n<\/tbody>\n<\/table>\n<\/div>\n\t\t\t\t\t\t<\/div>\n\t\t\t\t<\/div>\n\t\t\t\t\t<\/div>\n\t\t<\/div>\n\t\t\t\t\t<\/div>\n\t\t<\/section>\n\t\t\t\t<\/div>\n\t\t","protected":false},"excerpt":{"rendered":"<p>Uszczelnienia t\u0142oczyska<\/p>\n","protected":false},"author":1,"featured_media":0,"parent":3126,"menu_order":0,"comment_status":"closed","ping_status":"closed","template":"page-templates\/pagebuilder.php","meta":{"zakra_page_container_layout":"customizer","zakra_page_sidebar_layout":"customizer","zakra_remove_content_margin":false,"zakra_sidebar":"customizer","zakra_transparent_header":"customizer","zakra_logo":0,"zakra_main_header_style":"default","zakra_menu_item_color":"","zakra_menu_item_hover_color":"","zakra_menu_item_active_color":"","zakra_menu_active_style":"","zakra_page_header":true,"footnotes":""},"class_list":["post-3271","page","type-page","status-publish","hentry"],"yoast_head":"<!-- This site is optimized with the Yoast SEO plugin v26.4 - https:\/\/yoast.com\/wordpress\/plugins\/seo\/ -->\n<title>Uszczelnienia t\u0142oczyska - Daxor<\/title>\n<meta name=\"robots\" content=\"index, follow, max-snippet:-1, max-image-preview:large, max-video-preview:-1\" \/>\n<link rel=\"canonical\" href=\"https:\/\/www.daxor.pl\/?page_id=3271\" \/>\n<meta property=\"og:locale\" content=\"pl_PL\" \/>\n<meta property=\"og:type\" content=\"article\" \/>\n<meta property=\"og:title\" content=\"Uszczelnienia t\u0142oczyska - Daxor\" \/>\n<meta property=\"og:description\" content=\"Uszczelnienia t\u0142oczyska\" \/>\n<meta property=\"og:url\" content=\"https:\/\/www.daxor.pl\/?page_id=3271\" \/>\n<meta property=\"og:site_name\" content=\"Daxor\" \/>\n<meta property=\"article:modified_time\" content=\"2020-10-24T14:05:22+00:00\" \/>\n<meta name=\"twitter:card\" content=\"summary_large_image\" \/>\n<script type=\"application\/ld+json\" class=\"yoast-schema-graph\">{\"@context\":\"https:\/\/schema.org\",\"@graph\":[{\"@type\":\"WebPage\",\"@id\":\"https:\/\/www.daxor.pl\/?page_id=3271\",\"url\":\"https:\/\/www.daxor.pl\/?page_id=3271\",\"name\":\"Uszczelnienia t\u0142oczyska - Daxor\",\"isPartOf\":{\"@id\":\"https:\/\/www.daxor.pl\/#website\"},\"datePublished\":\"2020-10-07T21:00:27+00:00\",\"dateModified\":\"2020-10-24T14:05:22+00:00\",\"breadcrumb\":{\"@id\":\"https:\/\/www.daxor.pl\/?page_id=3271#breadcrumb\"},\"inLanguage\":\"pl-PL\",\"potentialAction\":[{\"@type\":\"ReadAction\",\"target\":[\"https:\/\/www.daxor.pl\/?page_id=3271\"]}]},{\"@type\":\"BreadcrumbList\",\"@id\":\"https:\/\/www.daxor.pl\/?page_id=3271#breadcrumb\",\"itemListElement\":[{\"@type\":\"ListItem\",\"position\":1,\"name\":\"Strona g\u0142\u00f3wna\",\"item\":\"https:\/\/www.daxor.pl\/\"},{\"@type\":\"ListItem\",\"position\":2,\"name\":\"Strona g\u0142\u00f3wna\",\"item\":\"https:\/\/www.daxor.pl\/\"},{\"@type\":\"ListItem\",\"position\":3,\"name\":\"Oferta\",\"item\":\"https:\/\/www.daxor.pl\/?page_id=1317\"},{\"@type\":\"ListItem\",\"position\":4,\"name\":\"Uszczelnienia techniczne\",\"item\":\"https:\/\/www.daxor.pl\/?page_id=1402\"},{\"@type\":\"ListItem\",\"position\":5,\"name\":\"Uszczelnienia do hydrauliki si\u0142owej\",\"item\":\"https:\/\/www.daxor.pl\/?page_id=3126\"},{\"@type\":\"ListItem\",\"position\":6,\"name\":\"Uszczelnienia t\u0142oczyska\"}]},{\"@type\":\"WebSite\",\"@id\":\"https:\/\/www.daxor.pl\/#website\",\"url\":\"https:\/\/www.daxor.pl\/\",\"name\":\"Daxor\",\"description\":\"Dostawa i dob\u00f3r najlepszych cz\u0119\u015bci na potrzeby produkcji, utrzymania ruchu oraz remont\u00f3w\",\"publisher\":{\"@id\":\"https:\/\/www.daxor.pl\/#organization\"},\"potentialAction\":[{\"@type\":\"SearchAction\",\"target\":{\"@type\":\"EntryPoint\",\"urlTemplate\":\"https:\/\/www.daxor.pl\/?s={search_term_string}\"},\"query-input\":{\"@type\":\"PropertyValueSpecification\",\"valueRequired\":true,\"valueName\":\"search_term_string\"}}],\"inLanguage\":\"pl-PL\"},{\"@type\":\"Organization\",\"@id\":\"https:\/\/www.daxor.pl\/#organization\",\"name\":\"Daxor\",\"url\":\"https:\/\/www.daxor.pl\/\",\"logo\":{\"@type\":\"ImageObject\",\"inLanguage\":\"pl-PL\",\"@id\":\"https:\/\/www.daxor.pl\/#\/schema\/logo\/image\/\",\"url\":\"https:\/\/www.daxor.pl\/wp-content\/uploads\/2020\/09\/logo_white.png\",\"contentUrl\":\"https:\/\/www.daxor.pl\/wp-content\/uploads\/2020\/09\/logo_white.png\",\"width\":188,\"height\":60,\"caption\":\"Daxor\"},\"image\":{\"@id\":\"https:\/\/www.daxor.pl\/#\/schema\/logo\/image\/\"}}]}<\/script>\n<!-- \/ Yoast SEO plugin. -->","yoast_head_json":{"title":"Uszczelnienia t\u0142oczyska - Daxor","robots":{"index":"index","follow":"follow","max-snippet":"max-snippet:-1","max-image-preview":"max-image-preview:large","max-video-preview":"max-video-preview:-1"},"canonical":"https:\/\/www.daxor.pl\/?page_id=3271","og_locale":"pl_PL","og_type":"article","og_title":"Uszczelnienia t\u0142oczyska - Daxor","og_description":"Uszczelnienia t\u0142oczyska","og_url":"https:\/\/www.daxor.pl\/?page_id=3271","og_site_name":"Daxor","article_modified_time":"2020-10-24T14:05:22+00:00","twitter_card":"summary_large_image","schema":{"@context":"https:\/\/schema.org","@graph":[{"@type":"WebPage","@id":"https:\/\/www.daxor.pl\/?page_id=3271","url":"https:\/\/www.daxor.pl\/?page_id=3271","name":"Uszczelnienia t\u0142oczyska - Daxor","isPartOf":{"@id":"https:\/\/www.daxor.pl\/#website"},"datePublished":"2020-10-07T21:00:27+00:00","dateModified":"2020-10-24T14:05:22+00:00","breadcrumb":{"@id":"https:\/\/www.daxor.pl\/?page_id=3271#breadcrumb"},"inLanguage":"pl-PL","potentialAction":[{"@type":"ReadAction","target":["https:\/\/www.daxor.pl\/?page_id=3271"]}]},{"@type":"BreadcrumbList","@id":"https:\/\/www.daxor.pl\/?page_id=3271#breadcrumb","itemListElement":[{"@type":"ListItem","position":1,"name":"Strona g\u0142\u00f3wna","item":"https:\/\/www.daxor.pl\/"},{"@type":"ListItem","position":2,"name":"Strona g\u0142\u00f3wna","item":"https:\/\/www.daxor.pl\/"},{"@type":"ListItem","position":3,"name":"Oferta","item":"https:\/\/www.daxor.pl\/?page_id=1317"},{"@type":"ListItem","position":4,"name":"Uszczelnienia techniczne","item":"https:\/\/www.daxor.pl\/?page_id=1402"},{"@type":"ListItem","position":5,"name":"Uszczelnienia do hydrauliki si\u0142owej","item":"https:\/\/www.daxor.pl\/?page_id=3126"},{"@type":"ListItem","position":6,"name":"Uszczelnienia t\u0142oczyska"}]},{"@type":"WebSite","@id":"https:\/\/www.daxor.pl\/#website","url":"https:\/\/www.daxor.pl\/","name":"Daxor","description":"Dostawa i dob\u00f3r najlepszych cz\u0119\u015bci na potrzeby produkcji, utrzymania ruchu oraz remont\u00f3w","publisher":{"@id":"https:\/\/www.daxor.pl\/#organization"},"potentialAction":[{"@type":"SearchAction","target":{"@type":"EntryPoint","urlTemplate":"https:\/\/www.daxor.pl\/?s={search_term_string}"},"query-input":{"@type":"PropertyValueSpecification","valueRequired":true,"valueName":"search_term_string"}}],"inLanguage":"pl-PL"},{"@type":"Organization","@id":"https:\/\/www.daxor.pl\/#organization","name":"Daxor","url":"https:\/\/www.daxor.pl\/","logo":{"@type":"ImageObject","inLanguage":"pl-PL","@id":"https:\/\/www.daxor.pl\/#\/schema\/logo\/image\/","url":"https:\/\/www.daxor.pl\/wp-content\/uploads\/2020\/09\/logo_white.png","contentUrl":"https:\/\/www.daxor.pl\/wp-content\/uploads\/2020\/09\/logo_white.png","width":188,"height":60,"caption":"Daxor"},"image":{"@id":"https:\/\/www.daxor.pl\/#\/schema\/logo\/image\/"}}]}},"_links":{"self":[{"href":"https:\/\/www.daxor.pl\/index.php?rest_route=\/wp\/v2\/pages\/3271","targetHints":{"allow":["GET"]}}],"collection":[{"href":"https:\/\/www.daxor.pl\/index.php?rest_route=\/wp\/v2\/pages"}],"about":[{"href":"https:\/\/www.daxor.pl\/index.php?rest_route=\/wp\/v2\/types\/page"}],"author":[{"embeddable":true,"href":"https:\/\/www.daxor.pl\/index.php?rest_route=\/wp\/v2\/users\/1"}],"replies":[{"embeddable":true,"href":"https:\/\/www.daxor.pl\/index.php?rest_route=%2Fwp%2Fv2%2Fcomments&post=3271"}],"version-history":[{"count":3,"href":"https:\/\/www.daxor.pl\/index.php?rest_route=\/wp\/v2\/pages\/3271\/revisions"}],"predecessor-version":[{"id":3639,"href":"https:\/\/www.daxor.pl\/index.php?rest_route=\/wp\/v2\/pages\/3271\/revisions\/3639"}],"up":[{"embeddable":true,"href":"https:\/\/www.daxor.pl\/index.php?rest_route=\/wp\/v2\/pages\/3126"}],"wp:attachment":[{"href":"https:\/\/www.daxor.pl\/index.php?rest_route=%2Fwp%2Fv2%2Fmedia&parent=3271"}],"curies":[{"name":"wp","href":"https:\/\/api.w.org\/{rel}","templated":true}]}}