{"id":3321,"date":"2020-10-08T12:34:33","date_gmt":"2020-10-08T10:34:33","guid":{"rendered":"https:\/\/www.daxor.pl\/?page_id=3321"},"modified":"2020-10-19T19:46:12","modified_gmt":"2020-10-19T17:46:12","slug":"kable-chlodzone-woda-i-powietrzem","status":"publish","type":"page","link":"https:\/\/www.daxor.pl\/?page_id=3321","title":{"rendered":"Kable ch\u0142odzone wod\u0105 i powietrzem"},"content":{"rendered":"\t\t<div data-elementor-type=\"wp-page\" data-elementor-id=\"3321\" class=\"elementor elementor-3321\">\n\t\t\t\t\t\t<section class=\"elementor-section elementor-top-section elementor-element elementor-element-2c4ca58a elementor-section-boxed elementor-section-height-default elementor-section-height-default\" data-id=\"2c4ca58a\" data-element_type=\"section\">\n\t\t\t\t\t\t<div class=\"elementor-container elementor-column-gap-default\">\n\t\t\t\t\t<div class=\"elementor-column elementor-col-33 elementor-top-column elementor-element elementor-element-54ec9efa\" data-id=\"54ec9efa\" data-element_type=\"column\">\n\t\t\t<div class=\"elementor-widget-wrap elementor-element-populated\">\n\t\t\t\t\t\t<div class=\"elementor-element elementor-element-22f5ffa2 elementor-widget elementor-widget-heading\" data-id=\"22f5ffa2\" data-element_type=\"widget\" data-widget_type=\"heading.default\">\n\t\t\t\t<div class=\"elementor-widget-container\">\n\t\t\t\t\t<h5 class=\"elementor-heading-title elementor-size-default\"><a href=\"https:\/\/www.daxor.pl\/?page_id=3122\">Przy\u0142\u0105cza pr\u0105dowe<\/a><\/h5>\t\t\t\t<\/div>\n\t\t\t\t<\/div>\n\t\t\t\t<div class=\"elementor-element elementor-element-4258099b elementor-widget elementor-widget-wp-widget-nav_menu\" data-id=\"4258099b\" data-element_type=\"widget\" data-widget_type=\"wp-widget-nav_menu.default\">\n\t\t\t\t<div class=\"elementor-widget-container\">\n\t\t\t\t\t<div class=\"menu-przylacza-pradowe-container\"><ul id=\"menu-przylacza-pradowe\" class=\"menu\"><li id=\"menu-item-3330\" class=\"menu-item menu-item-type-post_type menu-item-object-page menu-item-3330\"><a href=\"https:\/\/www.daxor.pl\/?page_id=3319\">Przy\u0142\u0105cza lamelowe<\/a><\/li>\n<li id=\"menu-item-3331\" class=\"menu-item menu-item-type-post_type menu-item-object-page menu-item-3331\"><a href=\"https:\/\/www.daxor.pl\/?page_id=3320\">Sploty miedziane<\/a><\/li>\n<li id=\"menu-item-3332\" class=\"menu-item menu-item-type-post_type menu-item-object-page menu-item-3332\"><a href=\"https:\/\/www.daxor.pl\/?page_id=3321\">Kable ch\u0142odzone wod\u0105 i powietrzem<\/a><\/li>\n<li id=\"menu-item-3333\" class=\"menu-item menu-item-type-post_type menu-item-object-page menu-item-3333\"><a href=\"https:\/\/www.daxor.pl\/?page_id=3323\">Szyny pr\u0105dowe<\/a><\/li>\n<li id=\"menu-item-3334\" class=\"menu-item menu-item-type-post_type menu-item-object-page menu-item-3334\"><a href=\"https:\/\/www.daxor.pl\/?page_id=3324\">Kszta\u0142tki i z\u0142\u0105cza do maszyn i pojazd\u00f3w<\/a><\/li>\n<\/ul><\/div>\t\t\t\t<\/div>\n\t\t\t\t<\/div>\n\t\t\t\t\t<\/div>\n\t\t<\/div>\n\t\t\t\t<div class=\"elementor-column elementor-col-66 elementor-top-column elementor-element elementor-element-3489aa81\" data-id=\"3489aa81\" data-element_type=\"column\">\n\t\t\t<div class=\"elementor-widget-wrap elementor-element-populated\">\n\t\t\t\t\t\t<div class=\"elementor-element elementor-element-3e32edc5 elementor-widget elementor-widget-heading\" data-id=\"3e32edc5\" data-element_type=\"widget\" data-widget_type=\"heading.default\">\n\t\t\t\t<div class=\"elementor-widget-container\">\n\t\t\t\t\t<h2 class=\"elementor-heading-title elementor-size-default\">Kable ch\u0142odzone wod\u0105 i powietrzem<\/h2>\t\t\t\t<\/div>\n\t\t\t\t<\/div>\n\t\t\t\t<section class=\"elementor-section elementor-inner-section elementor-element elementor-element-8dff421 elementor-section-boxed elementor-section-height-default elementor-section-height-default\" data-id=\"8dff421\" data-element_type=\"section\">\n\t\t\t\t\t\t<div class=\"elementor-container elementor-column-gap-default\">\n\t\t\t\t\t<div class=\"elementor-column elementor-col-50 elementor-inner-column elementor-element elementor-element-889e688\" data-id=\"889e688\" data-element_type=\"column\">\n\t\t\t<div class=\"elementor-widget-wrap elementor-element-populated\">\n\t\t\t\t\t\t<div class=\"elementor-element elementor-element-b01aa32 elementor-widget elementor-widget-image\" data-id=\"b01aa32\" data-element_type=\"widget\" data-widget_type=\"image.default\">\n\t\t\t\t<div class=\"elementor-widget-container\">\n\t\t\t\t\t\t\t\t\t\t\t\t\t\t\t\t<a href=\"https:\/\/www.daxor.pl\/?page_id=3122\">\n\t\t\t\t\t\t\t<img decoding=\"async\" width=\"300\" height=\"146\" src=\"https:\/\/www.daxor.pl\/wp-content\/uploads\/2020\/10\/kable-1-300x146.jpg\" class=\"attachment-medium size-medium wp-image-3356\" alt=\"\" srcset=\"https:\/\/www.daxor.pl\/wp-content\/uploads\/2020\/10\/kable-1-300x146.jpg 300w, https:\/\/www.daxor.pl\/wp-content\/uploads\/2020\/10\/kable-1.jpg 620w\" sizes=\"(max-width: 300px) 100vw, 300px\" \/>\t\t\t\t\t\t\t\t<\/a>\n\t\t\t\t\t\t\t\t\t\t\t\t\t\t\t<\/div>\n\t\t\t\t<\/div>\n\t\t\t\t<div class=\"elementor-element elementor-element-2efdd7a elementor-widget elementor-widget-text-editor\" data-id=\"2efdd7a\" data-element_type=\"widget\" data-widget_type=\"text-editor.default\">\n\t\t\t\t<div class=\"elementor-widget-container\">\n\t\t\t\t\t\t\t\t\t<p>Kable ch\u0142odzone wod\u0105 i powietrzem s\u0105 produkowane ze standardowymi po\u0142\u0105czeniami, jak r\u00f3wnie\u017c z po\u0142\u0105czeniami opartymi na normie DIN EN ISO 8205-2. Przekroje do 600 mm\u00b2 s\u0105 standardowo wyposa\u017cone w os\u0142on\u0119 z perforacj\u0105 lub bez perforacji.<\/p><div><b>Obszary zastosowania:<\/b><\/div><div><div>&#8211; konstrukcja rozdzielnic i urz\u0105dze\u0144<\/div><div>&#8211; uziemienia<\/div><div>&#8211; przewody wt\u00f3rne w zgrzewaniu oporowym<\/div><div>&#8211; konstrukcja piec\u00f3w elektrycznych<\/div><div>&#8211; galwanizernie<\/div><div>&#8211; pojazdy szynowe<\/div><div>&#8211; kable akumulatorowe<\/div><div>&#8211; nap\u0119dy przeno\u015bnik\u00f3w<\/div><div>&#8211; pojazdy elektryczne<\/div><\/div><div>\u00a0<\/div><div>\u00a0<\/div><div>\u00a0<\/div>\t\t\t\t\t\t\t\t<\/div>\n\t\t\t\t<\/div>\n\t\t\t\t\t<\/div>\n\t\t<\/div>\n\t\t\t\t<div class=\"elementor-column elementor-col-50 elementor-inner-column elementor-element elementor-element-490f3a9\" data-id=\"490f3a9\" data-element_type=\"column\">\n\t\t\t<div class=\"elementor-widget-wrap elementor-element-populated\">\n\t\t\t\t\t\t<div class=\"elementor-element elementor-element-7a5067d elementor-widget elementor-widget-text-editor\" data-id=\"7a5067d\" data-element_type=\"widget\" data-widget_type=\"text-editor.default\">\n\t\t\t\t<div class=\"elementor-widget-container\">\n\t\t\t\t\t\t\t\t\t<p><b>Przyk\u0142ady ko\u0144c\u00f3wek przy\u0142\u0105czeniowych<\/b><\/p>\t\t\t\t\t\t\t\t<\/div>\n\t\t\t\t<\/div>\n\t\t\t\t<div class=\"elementor-element elementor-element-1cbd0e3 elementor-widget elementor-widget-image\" data-id=\"1cbd0e3\" data-element_type=\"widget\" data-widget_type=\"image.default\">\n\t\t\t\t<div class=\"elementor-widget-container\">\n\t\t\t\t\t\t\t\t\t\t\t\t\t\t\t<img fetchpriority=\"high\" decoding=\"async\" width=\"812\" height=\"173\" src=\"https:\/\/www.daxor.pl\/wp-content\/uploads\/2020\/10\/A.png\" class=\"attachment-large size-large wp-image-3357\" alt=\"\" srcset=\"https:\/\/www.daxor.pl\/wp-content\/uploads\/2020\/10\/A.png 891w, https:\/\/www.daxor.pl\/wp-content\/uploads\/2020\/10\/A-300x64.png 300w, https:\/\/www.daxor.pl\/wp-content\/uploads\/2020\/10\/A-768x164.png 768w\" sizes=\"(max-width: 812px) 100vw, 812px\" \/>\t\t\t\t\t\t\t\t\t\t\t\t\t\t\t<\/div>\n\t\t\t\t<\/div>\n\t\t\t\t<div class=\"elementor-element elementor-element-cf72731 elementor-widget elementor-widget-image\" data-id=\"cf72731\" data-element_type=\"widget\" data-widget_type=\"image.default\">\n\t\t\t\t<div class=\"elementor-widget-container\">\n\t\t\t\t\t\t\t\t\t\t\t\t\t\t\t<img decoding=\"async\" width=\"812\" height=\"175\" src=\"https:\/\/www.daxor.pl\/wp-content\/uploads\/2020\/10\/B.png\" class=\"attachment-large size-large wp-image-3358\" alt=\"\" srcset=\"https:\/\/www.daxor.pl\/wp-content\/uploads\/2020\/10\/B.png 895w, https:\/\/www.daxor.pl\/wp-content\/uploads\/2020\/10\/B-300x65.png 300w, https:\/\/www.daxor.pl\/wp-content\/uploads\/2020\/10\/B-768x166.png 768w\" sizes=\"(max-width: 812px) 100vw, 812px\" \/>\t\t\t\t\t\t\t\t\t\t\t\t\t\t\t<\/div>\n\t\t\t\t<\/div>\n\t\t\t\t<div class=\"elementor-element elementor-element-fe628ff elementor-widget elementor-widget-image\" data-id=\"fe628ff\" data-element_type=\"widget\" data-widget_type=\"image.default\">\n\t\t\t\t<div class=\"elementor-widget-container\">\n\t\t\t\t\t\t\t\t\t\t\t\t\t\t\t<img loading=\"lazy\" decoding=\"async\" width=\"812\" height=\"173\" src=\"https:\/\/www.daxor.pl\/wp-content\/uploads\/2020\/10\/C.png\" class=\"attachment-large size-large wp-image-3359\" alt=\"\" srcset=\"https:\/\/www.daxor.pl\/wp-content\/uploads\/2020\/10\/C.png 882w, https:\/\/www.daxor.pl\/wp-content\/uploads\/2020\/10\/C-300x64.png 300w, https:\/\/www.daxor.pl\/wp-content\/uploads\/2020\/10\/C-768x164.png 768w\" sizes=\"(max-width: 812px) 100vw, 812px\" \/>\t\t\t\t\t\t\t\t\t\t\t\t\t\t\t<\/div>\n\t\t\t\t<\/div>\n\t\t\t\t<div class=\"elementor-element elementor-element-27b89d6 elementor-widget elementor-widget-image\" data-id=\"27b89d6\" data-element_type=\"widget\" data-widget_type=\"image.default\">\n\t\t\t\t<div class=\"elementor-widget-container\">\n\t\t\t\t\t\t\t\t\t\t\t\t\t\t\t<img loading=\"lazy\" decoding=\"async\" width=\"812\" height=\"213\" src=\"https:\/\/www.daxor.pl\/wp-content\/uploads\/2020\/10\/D.png\" class=\"attachment-large size-large wp-image-3360\" alt=\"\" srcset=\"https:\/\/www.daxor.pl\/wp-content\/uploads\/2020\/10\/D.png 896w, https:\/\/www.daxor.pl\/wp-content\/uploads\/2020\/10\/D-300x79.png 300w, https:\/\/www.daxor.pl\/wp-content\/uploads\/2020\/10\/D-768x201.png 768w\" sizes=\"(max-width: 812px) 100vw, 812px\" \/>\t\t\t\t\t\t\t\t\t\t\t\t\t\t\t<\/div>\n\t\t\t\t<\/div>\n\t\t\t\t<div class=\"elementor-element elementor-element-3931982 elementor-widget elementor-widget-image\" data-id=\"3931982\" data-element_type=\"widget\" data-widget_type=\"image.default\">\n\t\t\t\t<div class=\"elementor-widget-container\">\n\t\t\t\t\t\t\t\t\t\t\t\t\t\t\t<img loading=\"lazy\" decoding=\"async\" width=\"812\" height=\"186\" src=\"https:\/\/www.daxor.pl\/wp-content\/uploads\/2020\/10\/E.png\" class=\"attachment-large size-large wp-image-3361\" alt=\"\" srcset=\"https:\/\/www.daxor.pl\/wp-content\/uploads\/2020\/10\/E.png 906w, https:\/\/www.daxor.pl\/wp-content\/uploads\/2020\/10\/E-300x69.png 300w, https:\/\/www.daxor.pl\/wp-content\/uploads\/2020\/10\/E-768x175.png 768w\" sizes=\"(max-width: 812px) 100vw, 812px\" \/>\t\t\t\t\t\t\t\t\t\t\t\t\t\t\t<\/div>\n\t\t\t\t<\/div>\n\t\t\t\t<div class=\"elementor-element elementor-element-8918ee1 elementor-widget elementor-widget-image\" data-id=\"8918ee1\" data-element_type=\"widget\" data-widget_type=\"image.default\">\n\t\t\t\t<div class=\"elementor-widget-container\">\n\t\t\t\t\t\t\t\t\t\t\t\t\t\t\t<img loading=\"lazy\" decoding=\"async\" width=\"812\" height=\"161\" src=\"https:\/\/www.daxor.pl\/wp-content\/uploads\/2020\/10\/F.png\" class=\"attachment-large size-large wp-image-3362\" alt=\"\" srcset=\"https:\/\/www.daxor.pl\/wp-content\/uploads\/2020\/10\/F.png 903w, https:\/\/www.daxor.pl\/wp-content\/uploads\/2020\/10\/F-300x59.png 300w, https:\/\/www.daxor.pl\/wp-content\/uploads\/2020\/10\/F-768x152.png 768w\" sizes=\"(max-width: 812px) 100vw, 812px\" \/>\t\t\t\t\t\t\t\t\t\t\t\t\t\t\t<\/div>\n\t\t\t\t<\/div>\n\t\t\t\t\t<\/div>\n\t\t<\/div>\n\t\t\t\t\t<\/div>\n\t\t<\/section>\n\t\t\t\t<div class=\"elementor-element elementor-element-1514c43 elementor-widget elementor-widget-image\" data-id=\"1514c43\" data-element_type=\"widget\" data-widget_type=\"image.default\">\n\t\t\t\t<div class=\"elementor-widget-container\">\n\t\t\t\t\t\t\t\t\t\t\t\t\t\t\t<img loading=\"lazy\" decoding=\"async\" width=\"812\" height=\"335\" src=\"https:\/\/www.daxor.pl\/wp-content\/uploads\/2020\/10\/tabela.png\" class=\"attachment-large size-large wp-image-3364\" alt=\"\" srcset=\"https:\/\/www.daxor.pl\/wp-content\/uploads\/2020\/10\/tabela.png 986w, https:\/\/www.daxor.pl\/wp-content\/uploads\/2020\/10\/tabela-300x124.png 300w, https:\/\/www.daxor.pl\/wp-content\/uploads\/2020\/10\/tabela-768x317.png 768w\" sizes=\"(max-width: 812px) 100vw, 812px\" \/>\t\t\t\t\t\t\t\t\t\t\t\t\t\t\t<\/div>\n\t\t\t\t<\/div>\n\t\t\t\t\t<\/div>\n\t\t<\/div>\n\t\t\t\t\t<\/div>\n\t\t<\/section>\n\t\t\t\t<\/div>\n\t\t","protected":false},"excerpt":{"rendered":"<p>Przy\u0142\u0105cza pr\u0105dowe Kable ch\u0142odzone wod\u0105 i powietrzem Kable ch\u0142odzone wod\u0105 i powietrzem s\u0105 produkowane ze standardowymi po\u0142\u0105czeniami, jak r\u00f3wnie\u017c z po\u0142\u0105czeniami opartymi na normie DIN EN ISO 8205-2. Przekroje do 600 mm\u00b2 s\u0105 standardowo wyposa\u017cone w os\u0142on\u0119 z perforacj\u0105 lub bez perforacji. Obszary zastosowania:&#8211; konstrukcja rozdzielnic i urz\u0105dze\u0144- uziemienia- przewody wt\u00f3rne w zgrzewaniu oporowym- konstrukcja [&hellip;]<\/p>\n","protected":false},"author":1,"featured_media":0,"parent":1405,"menu_order":0,"comment_status":"closed","ping_status":"closed","template":"page-templates\/pagebuilder.php","meta":{"zakra_page_container_layout":"customizer","zakra_page_sidebar_layout":"customizer","zakra_remove_content_margin":false,"zakra_sidebar":"customizer","zakra_transparent_header":"customizer","zakra_logo":0,"zakra_main_header_style":"default","zakra_menu_item_color":"","zakra_menu_item_hover_color":"","zakra_menu_item_active_color":"","zakra_menu_active_style":"","zakra_page_header":true,"footnotes":""},"class_list":["post-3321","page","type-page","status-publish","hentry"],"yoast_head":"<!-- This site is optimized with the Yoast SEO plugin v26.4 - https:\/\/yoast.com\/wordpress\/plugins\/seo\/ -->\n<title>Kable ch\u0142odzone wod\u0105 i powietrzem - Daxor<\/title>\n<meta name=\"robots\" content=\"index, follow, max-snippet:-1, max-image-preview:large, max-video-preview:-1\" \/>\n<link rel=\"canonical\" href=\"https:\/\/www.daxor.pl\/?page_id=3321\" \/>\n<meta property=\"og:locale\" content=\"pl_PL\" \/>\n<meta property=\"og:type\" content=\"article\" \/>\n<meta property=\"og:title\" content=\"Kable ch\u0142odzone wod\u0105 i powietrzem - Daxor\" \/>\n<meta property=\"og:description\" content=\"Przy\u0142\u0105cza pr\u0105dowe Kable ch\u0142odzone wod\u0105 i powietrzem Kable ch\u0142odzone wod\u0105 i powietrzem s\u0105 produkowane ze standardowymi po\u0142\u0105czeniami, jak r\u00f3wnie\u017c z po\u0142\u0105czeniami opartymi na normie DIN EN ISO 8205-2. Przekroje do 600 mm\u00b2 s\u0105 standardowo wyposa\u017cone w os\u0142on\u0119 z perforacj\u0105 lub bez perforacji. Obszary zastosowania:&#8211; konstrukcja rozdzielnic i urz\u0105dze\u0144- uziemienia- przewody wt\u00f3rne w zgrzewaniu oporowym- konstrukcja [&hellip;]\" \/>\n<meta property=\"og:url\" content=\"https:\/\/www.daxor.pl\/?page_id=3321\" \/>\n<meta property=\"og:site_name\" content=\"Daxor\" \/>\n<meta property=\"article:modified_time\" content=\"2020-10-19T17:46:12+00:00\" \/>\n<meta property=\"og:image\" content=\"https:\/\/www.daxor.pl\/wp-content\/uploads\/2020\/10\/kable-1-300x146.jpg\" \/>\n<meta name=\"twitter:card\" content=\"summary_large_image\" \/>\n<script type=\"application\/ld+json\" class=\"yoast-schema-graph\">{\"@context\":\"https:\/\/schema.org\",\"@graph\":[{\"@type\":\"WebPage\",\"@id\":\"https:\/\/www.daxor.pl\/?page_id=3321\",\"url\":\"https:\/\/www.daxor.pl\/?page_id=3321\",\"name\":\"Kable ch\u0142odzone wod\u0105 i powietrzem - Daxor\",\"isPartOf\":{\"@id\":\"https:\/\/www.daxor.pl\/#website\"},\"primaryImageOfPage\":{\"@id\":\"https:\/\/www.daxor.pl\/?page_id=3321#primaryimage\"},\"image\":{\"@id\":\"https:\/\/www.daxor.pl\/?page_id=3321#primaryimage\"},\"thumbnailUrl\":\"https:\/\/www.daxor.pl\/wp-content\/uploads\/2020\/10\/kable-1-300x146.jpg\",\"datePublished\":\"2020-10-08T10:34:33+00:00\",\"dateModified\":\"2020-10-19T17:46:12+00:00\",\"breadcrumb\":{\"@id\":\"https:\/\/www.daxor.pl\/?page_id=3321#breadcrumb\"},\"inLanguage\":\"pl-PL\",\"potentialAction\":[{\"@type\":\"ReadAction\",\"target\":[\"https:\/\/www.daxor.pl\/?page_id=3321\"]}]},{\"@type\":\"ImageObject\",\"inLanguage\":\"pl-PL\",\"@id\":\"https:\/\/www.daxor.pl\/?page_id=3321#primaryimage\",\"url\":\"https:\/\/www.daxor.pl\/wp-content\/uploads\/2020\/10\/kable-1.jpg\",\"contentUrl\":\"https:\/\/www.daxor.pl\/wp-content\/uploads\/2020\/10\/kable-1.jpg\",\"width\":620,\"height\":301},{\"@type\":\"BreadcrumbList\",\"@id\":\"https:\/\/www.daxor.pl\/?page_id=3321#breadcrumb\",\"itemListElement\":[{\"@type\":\"ListItem\",\"position\":1,\"name\":\"Strona g\u0142\u00f3wna\",\"item\":\"https:\/\/www.daxor.pl\/\"},{\"@type\":\"ListItem\",\"position\":2,\"name\":\"Strona g\u0142\u00f3wna\",\"item\":\"https:\/\/www.daxor.pl\/\"},{\"@type\":\"ListItem\",\"position\":3,\"name\":\"Oferta\",\"item\":\"https:\/\/www.daxor.pl\/?page_id=1317\"},{\"@type\":\"ListItem\",\"position\":4,\"name\":\"Przy\u0142\u0105cza pr\u0105dowe\",\"item\":\"https:\/\/www.daxor.pl\/?page_id=1405\"},{\"@type\":\"ListItem\",\"position\":5,\"name\":\"Kable ch\u0142odzone wod\u0105 i powietrzem\"}]},{\"@type\":\"WebSite\",\"@id\":\"https:\/\/www.daxor.pl\/#website\",\"url\":\"https:\/\/www.daxor.pl\/\",\"name\":\"Daxor\",\"description\":\"Dostawa i dob\u00f3r najlepszych cz\u0119\u015bci na potrzeby produkcji, utrzymania ruchu oraz remont\u00f3w\",\"publisher\":{\"@id\":\"https:\/\/www.daxor.pl\/#organization\"},\"potentialAction\":[{\"@type\":\"SearchAction\",\"target\":{\"@type\":\"EntryPoint\",\"urlTemplate\":\"https:\/\/www.daxor.pl\/?s={search_term_string}\"},\"query-input\":{\"@type\":\"PropertyValueSpecification\",\"valueRequired\":true,\"valueName\":\"search_term_string\"}}],\"inLanguage\":\"pl-PL\"},{\"@type\":\"Organization\",\"@id\":\"https:\/\/www.daxor.pl\/#organization\",\"name\":\"Daxor\",\"url\":\"https:\/\/www.daxor.pl\/\",\"logo\":{\"@type\":\"ImageObject\",\"inLanguage\":\"pl-PL\",\"@id\":\"https:\/\/www.daxor.pl\/#\/schema\/logo\/image\/\",\"url\":\"https:\/\/www.daxor.pl\/wp-content\/uploads\/2020\/09\/logo_white.png\",\"contentUrl\":\"https:\/\/www.daxor.pl\/wp-content\/uploads\/2020\/09\/logo_white.png\",\"width\":188,\"height\":60,\"caption\":\"Daxor\"},\"image\":{\"@id\":\"https:\/\/www.daxor.pl\/#\/schema\/logo\/image\/\"}}]}<\/script>\n<!-- \/ Yoast SEO plugin. -->","yoast_head_json":{"title":"Kable ch\u0142odzone wod\u0105 i powietrzem - Daxor","robots":{"index":"index","follow":"follow","max-snippet":"max-snippet:-1","max-image-preview":"max-image-preview:large","max-video-preview":"max-video-preview:-1"},"canonical":"https:\/\/www.daxor.pl\/?page_id=3321","og_locale":"pl_PL","og_type":"article","og_title":"Kable ch\u0142odzone wod\u0105 i powietrzem - Daxor","og_description":"Przy\u0142\u0105cza pr\u0105dowe Kable ch\u0142odzone wod\u0105 i powietrzem Kable ch\u0142odzone wod\u0105 i powietrzem s\u0105 produkowane ze standardowymi po\u0142\u0105czeniami, jak r\u00f3wnie\u017c z po\u0142\u0105czeniami opartymi na normie DIN EN ISO 8205-2. Przekroje do 600 mm\u00b2 s\u0105 standardowo wyposa\u017cone w os\u0142on\u0119 z perforacj\u0105 lub bez perforacji. Obszary zastosowania:&#8211; konstrukcja rozdzielnic i urz\u0105dze\u0144- uziemienia- przewody wt\u00f3rne w zgrzewaniu oporowym- konstrukcja [&hellip;]","og_url":"https:\/\/www.daxor.pl\/?page_id=3321","og_site_name":"Daxor","article_modified_time":"2020-10-19T17:46:12+00:00","og_image":[{"url":"https:\/\/www.daxor.pl\/wp-content\/uploads\/2020\/10\/kable-1-300x146.jpg","type":"","width":"","height":""}],"twitter_card":"summary_large_image","schema":{"@context":"https:\/\/schema.org","@graph":[{"@type":"WebPage","@id":"https:\/\/www.daxor.pl\/?page_id=3321","url":"https:\/\/www.daxor.pl\/?page_id=3321","name":"Kable ch\u0142odzone wod\u0105 i powietrzem - Daxor","isPartOf":{"@id":"https:\/\/www.daxor.pl\/#website"},"primaryImageOfPage":{"@id":"https:\/\/www.daxor.pl\/?page_id=3321#primaryimage"},"image":{"@id":"https:\/\/www.daxor.pl\/?page_id=3321#primaryimage"},"thumbnailUrl":"https:\/\/www.daxor.pl\/wp-content\/uploads\/2020\/10\/kable-1-300x146.jpg","datePublished":"2020-10-08T10:34:33+00:00","dateModified":"2020-10-19T17:46:12+00:00","breadcrumb":{"@id":"https:\/\/www.daxor.pl\/?page_id=3321#breadcrumb"},"inLanguage":"pl-PL","potentialAction":[{"@type":"ReadAction","target":["https:\/\/www.daxor.pl\/?page_id=3321"]}]},{"@type":"ImageObject","inLanguage":"pl-PL","@id":"https:\/\/www.daxor.pl\/?page_id=3321#primaryimage","url":"https:\/\/www.daxor.pl\/wp-content\/uploads\/2020\/10\/kable-1.jpg","contentUrl":"https:\/\/www.daxor.pl\/wp-content\/uploads\/2020\/10\/kable-1.jpg","width":620,"height":301},{"@type":"BreadcrumbList","@id":"https:\/\/www.daxor.pl\/?page_id=3321#breadcrumb","itemListElement":[{"@type":"ListItem","position":1,"name":"Strona g\u0142\u00f3wna","item":"https:\/\/www.daxor.pl\/"},{"@type":"ListItem","position":2,"name":"Strona g\u0142\u00f3wna","item":"https:\/\/www.daxor.pl\/"},{"@type":"ListItem","position":3,"name":"Oferta","item":"https:\/\/www.daxor.pl\/?page_id=1317"},{"@type":"ListItem","position":4,"name":"Przy\u0142\u0105cza pr\u0105dowe","item":"https:\/\/www.daxor.pl\/?page_id=1405"},{"@type":"ListItem","position":5,"name":"Kable ch\u0142odzone wod\u0105 i powietrzem"}]},{"@type":"WebSite","@id":"https:\/\/www.daxor.pl\/#website","url":"https:\/\/www.daxor.pl\/","name":"Daxor","description":"Dostawa i dob\u00f3r najlepszych cz\u0119\u015bci na potrzeby produkcji, utrzymania ruchu oraz remont\u00f3w","publisher":{"@id":"https:\/\/www.daxor.pl\/#organization"},"potentialAction":[{"@type":"SearchAction","target":{"@type":"EntryPoint","urlTemplate":"https:\/\/www.daxor.pl\/?s={search_term_string}"},"query-input":{"@type":"PropertyValueSpecification","valueRequired":true,"valueName":"search_term_string"}}],"inLanguage":"pl-PL"},{"@type":"Organization","@id":"https:\/\/www.daxor.pl\/#organization","name":"Daxor","url":"https:\/\/www.daxor.pl\/","logo":{"@type":"ImageObject","inLanguage":"pl-PL","@id":"https:\/\/www.daxor.pl\/#\/schema\/logo\/image\/","url":"https:\/\/www.daxor.pl\/wp-content\/uploads\/2020\/09\/logo_white.png","contentUrl":"https:\/\/www.daxor.pl\/wp-content\/uploads\/2020\/09\/logo_white.png","width":188,"height":60,"caption":"Daxor"},"image":{"@id":"https:\/\/www.daxor.pl\/#\/schema\/logo\/image\/"}}]}},"_links":{"self":[{"href":"https:\/\/www.daxor.pl\/index.php?rest_route=\/wp\/v2\/pages\/3321","targetHints":{"allow":["GET"]}}],"collection":[{"href":"https:\/\/www.daxor.pl\/index.php?rest_route=\/wp\/v2\/pages"}],"about":[{"href":"https:\/\/www.daxor.pl\/index.php?rest_route=\/wp\/v2\/types\/page"}],"author":[{"embeddable":true,"href":"https:\/\/www.daxor.pl\/index.php?rest_route=\/wp\/v2\/users\/1"}],"replies":[{"embeddable":true,"href":"https:\/\/www.daxor.pl\/index.php?rest_route=%2Fwp%2Fv2%2Fcomments&post=3321"}],"version-history":[{"count":4,"href":"https:\/\/www.daxor.pl\/index.php?rest_route=\/wp\/v2\/pages\/3321\/revisions"}],"predecessor-version":[{"id":3563,"href":"https:\/\/www.daxor.pl\/index.php?rest_route=\/wp\/v2\/pages\/3321\/revisions\/3563"}],"up":[{"embeddable":true,"href":"https:\/\/www.daxor.pl\/index.php?rest_route=\/wp\/v2\/pages\/1405"}],"wp:attachment":[{"href":"https:\/\/www.daxor.pl\/index.php?rest_route=%2Fwp%2Fv2%2Fmedia&parent=3321"}],"curies":[{"name":"wp","href":"https:\/\/api.w.org\/{rel}","templated":true}]}}