{"id":387,"date":"2019-02-06T15:29:31","date_gmt":"2019-02-06T14:29:31","guid":{"rendered":"http:\/\/concerned-coyote.w5.wpsandbox.pro\/?page_id=387"},"modified":"2023-11-20T13:35:48","modified_gmt":"2023-11-20T12:35:48","slug":"kontakt","status":"publish","type":"page","link":"https:\/\/www.daxor.pl\/?page_id=387","title":{"rendered":"Kontakt"},"content":{"rendered":"\t\t<div data-elementor-type=\"wp-page\" data-elementor-id=\"387\" class=\"elementor elementor-387\">\n\t\t\t\t\t\t<section class=\"elementor-section elementor-top-section elementor-element elementor-element-2d5ccd9 elementor-section-boxed elementor-section-height-default elementor-section-height-default\" data-id=\"2d5ccd9\" data-element_type=\"section\">\n\t\t\t\t\t\t<div class=\"elementor-container elementor-column-gap-default\">\n\t\t\t\t\t<div class=\"elementor-column elementor-col-100 elementor-top-column elementor-element elementor-element-7c25156\" data-id=\"7c25156\" data-element_type=\"column\">\n\t\t\t<div class=\"elementor-widget-wrap elementor-element-populated\">\n\t\t\t\t\t\t<div class=\"elementor-element elementor-element-46d2642 elementor-widget elementor-widget-heading\" data-id=\"46d2642\" data-element_type=\"widget\" data-widget_type=\"heading.default\">\n\t\t\t\t<div class=\"elementor-widget-container\">\n\t\t\t\t\t<h2 class=\"elementor-heading-title elementor-size-default\">Skontaktuj si\u0119 z nami<\/h2>\t\t\t\t<\/div>\n\t\t\t\t<\/div>\n\t\t\t\t\t<\/div>\n\t\t<\/div>\n\t\t\t\t\t<\/div>\n\t\t<\/section>\n\t\t\t\t<section class=\"elementor-section elementor-top-section elementor-element elementor-element-cb2d2c3 elementor-section-boxed elementor-section-height-default elementor-section-height-default\" data-id=\"cb2d2c3\" data-element_type=\"section\">\n\t\t\t\t\t\t<div class=\"elementor-container elementor-column-gap-default\">\n\t\t\t\t\t<div class=\"elementor-column elementor-col-50 elementor-top-column elementor-element elementor-element-2e447b1\" data-id=\"2e447b1\" data-element_type=\"column\">\n\t\t\t<div class=\"elementor-widget-wrap elementor-element-populated\">\n\t\t\t\t\t\t<div class=\"elementor-element elementor-element-6915825 elementor-widget elementor-widget-image\" data-id=\"6915825\" data-element_type=\"widget\" data-widget_type=\"image.default\">\n\t\t\t\t<div class=\"elementor-widget-container\">\n\t\t\t\t\t\t\t\t\t\t\t\t\t\t\t<img decoding=\"async\" width=\"157\" height=\"50\" src=\"https:\/\/www.daxor.pl\/wp-content\/uploads\/2020\/09\/logo.jpg\" class=\"attachment-large size-large wp-image-2643\" alt=\"\" \/>\t\t\t\t\t\t\t\t\t\t\t\t\t\t\t<\/div>\n\t\t\t\t<\/div>\n\t\t\t\t<div class=\"elementor-element elementor-element-ce5d9d1 elementor-widget elementor-widget-heading\" data-id=\"ce5d9d1\" data-element_type=\"widget\" data-widget_type=\"heading.default\">\n\t\t\t\t<div class=\"elementor-widget-container\">\n\t\t\t\t\t<h5 class=\"elementor-heading-title elementor-size-default\">Daxor Sp. z o.o. Sp. k.<\/h5>\t\t\t\t<\/div>\n\t\t\t\t<\/div>\n\t\t\t\t<div class=\"elementor-element elementor-element-5354d03 elementor-widget elementor-widget-html\" data-id=\"5354d03\" data-element_type=\"widget\" data-widget_type=\"html.default\">\n\t\t\t\t<div class=\"elementor-widget-container\">\n\t\t\t\t\t<style>\n   .contact__icon{\n       font-size: 16px;\n       margin-right: 10px;\n   }\n   .contact__icon--hidden{\n       opacity: 0;\n   }\n   .contact__text{\n       font-size: 16px;\n       font-family: montserrat, Sans-Serif;\n       margin-bottom: 15px;\n   }\n    \n<\/style>\n\n<p class=\"contact__text\"><i class=\"fa fa-home contact__icon\"><\/i>ul. Borowinowa 21a<\/p>\n<p class=\"contact__text\"><i class=\"fa fa-home contact__icon contact__icon--hidden\"><\/i>43-230 Gocza\u0142kowice zdr\u00f3j<\/p>\n\n<p class=\"contact__text\"><i class=\"fa fa-at contact__icon \"><\/i><a href=\"mailto:office@daxor.pl\">office@daxor.pl<\/a><\/p>\n\n\n<p class=\"contact__text\"><i class=\"fa fa-phone contact__icon \"><\/i><a href=\"tel:+48733380325\">+48 733 380 325<\/a><\/p>\n\n<p class=\"contact__text\"><i class=\"fa fa-globe contact__icon \"><\/i>www.daxor.pl<\/p>\n\n\n\n\n\n\n\n\n\n\n\n\n\n\n\n\n\n\n\n\n\t\t\t\t<\/div>\n\t\t\t\t<\/div>\n\t\t\t\t\t<\/div>\n\t\t<\/div>\n\t\t\t\t<div class=\"elementor-column elementor-col-50 elementor-top-column elementor-element elementor-element-02b2e3c\" data-id=\"02b2e3c\" data-element_type=\"column\" data-settings=\"{&quot;background_background&quot;:&quot;classic&quot;}\">\n\t\t\t<div class=\"elementor-widget-wrap elementor-element-populated\">\n\t\t\t\t\t\t<div class=\"elementor-element elementor-element-3379845 elementor-widget elementor-widget-heading\" data-id=\"3379845\" data-element_type=\"widget\" data-widget_type=\"heading.default\">\n\t\t\t\t<div class=\"elementor-widget-container\">\n\t\t\t\t\t<h4 class=\"elementor-heading-title elementor-size-default\">Formularz kontaktowy<\/h4>\t\t\t\t<\/div>\n\t\t\t\t<\/div>\n\t\t\t\t<div class=\"elementor-element elementor-element-e1b9699 elementor-widget elementor-widget-shortcode\" data-id=\"e1b9699\" data-element_type=\"widget\" data-widget_type=\"shortcode.default\">\n\t\t\t\t<div class=\"elementor-widget-container\">\n\t\t\t\t\t\t\t<div class=\"elementor-shortcode\"><div class=\"everest-forms\"><div class=\"evf-container contact__form default\" id=\"evf-5\"><form id=\"evf-form-5\" class=\"everest-form\" data-formid=\"5\" data-ajax_submission=\"0\" data-keyboard_friendly_form=\"0\" data-form_state_type=\"\" method=\"post\" enctype=\"multipart\/form-data\" action=\"\/index.php?rest_route=%2Fwp%2Fv2%2Fpages%2F387\"><div class=\"evf-field-container\"><input type=\"hidden\" id=\"_wpnonce5\" name=\"_wpnonce5\" value=\"0c18fc3f17\" \/><input type=\"hidden\" name=\"_wp_http_referer\" value=\"\/index.php?rest_route=%2Fwp%2Fv2%2Fpages%2F387\" \/><div class=\"evf-frontend-row\" data-row=\"row_1\" conditional_rules=\"[]\"><div class=\"evf-frontend-grid evf-grid-1\" data-grid=\"grid_1\"><div id=\"evf-5-field_fullname-container\" class=\"evf-field evf-field-text form-row validate-required\" data-required-field-message=\"This field is required.\" data-field-id=\"fullname\"><label class=\"evf-field-label\" for=\"evf-5-field_fullname\"><span class=\"evf-label\">Imi\u0119 i nazwisko<\/span> <abbr class=\"required\" title=\"Required\">*<\/abbr><\/label><input type=\"text\" id=\"evf-5-field_fullname\" class=\"input-text\" name=\"everest_forms[form_fields][fullname]\" required><\/div><div id=\"evf-5-field_Nyu5Kz5C8n-2-container\" class=\"evf-field evf-field-text form-row validate-required\" data-required-field-message=\"This field is required.\" data-field-id=\"Nyu5Kz5C8n-2\"><label class=\"evf-field-label\" for=\"evf-5-field_Nyu5Kz5C8n-2\"><span class=\"evf-label\">Firma<\/span> <abbr class=\"required\" title=\"Required\">*<\/abbr><\/label><input type=\"text\" id=\"evf-5-field_Nyu5Kz5C8n-2\" class=\"input-text\" name=\"everest_forms[form_fields][Nyu5Kz5C8n-2]\" required><\/div><div id=\"evf-5-field_email-container\" class=\"evf-field evf-field-email form-row validate-required validate-email\" data-required-field-message=\"Please enter a valid email address.\" data-field-id=\"email\"><label class=\"evf-field-label\" for=\"evf-5-field_email\"><span class=\"evf-label\">Adres e-mail<\/span> <abbr class=\"required\" title=\"Required\">*<\/abbr><\/label><input type=\"email\" id=\"evf-5-field_email\" class=\"input-text\" name=\"everest_forms[form_fields][email]\" required ><\/div><div id=\"evf-5-field_message-container\" class=\"evf-field evf-field-textarea form-row validate-required\" data-required-field-message=\"This field is required.\" data-field-id=\"message\"><label class=\"evf-field-label\" for=\"evf-5-field_message\"><span class=\"evf-label\">Wiadomo\u015b\u0107<\/span> <abbr class=\"required\" title=\"Required\">*<\/abbr><\/label><textarea id=\"evf-5-field_message\" class=\"input-text\" name=\"everest_forms[form_fields][message]\" required ><\/textarea><\/div><\/div><\/div><\/div><div class=\"evf-honeypot-container evf-field-hp\"><label for=\"evf-5-field-hp\" class=\"evf-field-label\">Phone<\/label><input type=\"text\" name=\"everest_forms[hp]\" id=\"evf-5-field-hp\" class=\"input-text\"><\/div><div class=\"evf-submit-container \" ><input type=\"hidden\" name=\"everest_forms[id]\" value=\"5\"><input type=\"hidden\" name=\"everest_forms[author]\" value=\"1\"><button type='submit' name='everest_forms[submit]' class='everest-forms-submit-button button evf-submit form__submit' id='evf-submit-5' value='evf-submit' data-process-text=\"Wysy\u0142anie\" conditional_rules='&quot;&quot;' conditional_id='evf-submit-5'  id=\"evf-submit-5\" aria-live=\"assertive\">Wy\u015blij<\/button><\/div><\/form><\/div><!-- .evf-container --><\/div><\/div>\n\t\t\t\t\t\t<\/div>\n\t\t\t\t<\/div>\n\t\t\t\t\t<\/div>\n\t\t<\/div>\n\t\t\t\t\t<\/div>\n\t\t<\/section>\n\t\t\t\t<section class=\"elementor-section elementor-top-section elementor-element elementor-element-5adc0dc5 elementor-section-full_width elementor-section-stretched elementor-section-height-default elementor-section-height-default\" data-id=\"5adc0dc5\" data-element_type=\"section\" data-settings=\"{&quot;stretch_section&quot;:&quot;section-stretched&quot;}\">\n\t\t\t\t\t\t<div class=\"elementor-container elementor-column-gap-default\">\n\t\t\t\t\t<div class=\"elementor-column elementor-col-100 elementor-top-column elementor-element elementor-element-6b8d3951\" data-id=\"6b8d3951\" data-element_type=\"column\">\n\t\t\t<div class=\"elementor-widget-wrap elementor-element-populated\">\n\t\t\t\t\t\t<div class=\"elementor-element elementor-element-4a7e0e13 elementor-widget elementor-widget-heading\" data-id=\"4a7e0e13\" data-element_type=\"widget\" data-widget_type=\"heading.default\">\n\t\t\t\t<div class=\"elementor-widget-container\">\n\t\t\t\t\t<h2 class=\"elementor-heading-title elementor-size-default\">Mapa dojazdu<\/h2>\t\t\t\t<\/div>\n\t\t\t\t<\/div>\n\t\t\t\t<div class=\"elementor-element elementor-element-621dffac elementor-widget elementor-widget-google_maps\" data-id=\"621dffac\" data-element_type=\"widget\" data-widget_type=\"google_maps.default\">\n\t\t\t\t<div class=\"elementor-widget-container\">\n\t\t\t\t\t\t\t<div class=\"elementor-custom-embed\">\n\t\t\t<iframe loading=\"lazy\"\n\t\t\t\t\tsrc=\"https:\/\/maps.google.com\/maps?q=Daxor%20sp.%20z%20o.o&#038;t=m&#038;z=15&#038;output=embed&#038;iwloc=near\"\n\t\t\t\t\ttitle=\"Daxor sp. z o.o\"\n\t\t\t\t\taria-label=\"Daxor sp. z o.o\"\n\t\t\t><\/iframe>\n\t\t<\/div>\n\t\t\t\t\t\t<\/div>\n\t\t\t\t<\/div>\n\t\t\t\t\t<\/div>\n\t\t<\/div>\n\t\t\t\t\t<\/div>\n\t\t<\/section>\n\t\t\t\t<\/div>\n\t\t","protected":false},"excerpt":{"rendered":"<p>Skontaktuj si\u0119 z nami Daxor Sp. z o.o. Sp. k. ul. Borowinowa 21a 43-230 Gocza\u0142kowice zdr\u00f3j office@daxor.pl +48 733 380 325 www.daxor.pl Formularz kontaktowy Mapa dojazdu<\/p>\n","protected":false},"author":1,"featured_media":0,"parent":0,"menu_order":0,"comment_status":"closed","ping_status":"closed","template":"page-templates\/pagebuilder.php","meta":{"zakra_page_container_layout":"customizer","zakra_page_sidebar_layout":"customizer","zakra_remove_content_margin":false,"zakra_sidebar":"customizer","zakra_transparent_header":"0","zakra_logo":0,"zakra_main_header_style":"default","zakra_menu_item_color":"","zakra_menu_item_hover_color":"","zakra_menu_item_active_color":"","zakra_menu_active_style":"","zakra_page_header":true,"footnotes":""},"class_list":["post-387","page","type-page","status-publish","hentry"],"yoast_head":"<!-- This site is optimized with the Yoast SEO plugin v26.4 - https:\/\/yoast.com\/wordpress\/plugins\/seo\/ -->\n<title>Kontakt - Daxor<\/title>\n<meta name=\"robots\" content=\"index, follow, max-snippet:-1, max-image-preview:large, max-video-preview:-1\" \/>\n<link rel=\"canonical\" href=\"https:\/\/www.daxor.pl\/?page_id=387\" \/>\n<meta property=\"og:locale\" content=\"pl_PL\" \/>\n<meta property=\"og:type\" content=\"article\" \/>\n<meta property=\"og:title\" content=\"Kontakt - Daxor\" \/>\n<meta property=\"og:description\" content=\"Skontaktuj si\u0119 z nami Daxor Sp. z o.o. Sp. k. ul. Borowinowa 21a 43-230 Gocza\u0142kowice zdr\u00f3j office@daxor.pl +48 733 380 325 www.daxor.pl Formularz kontaktowy Mapa dojazdu\" \/>\n<meta property=\"og:url\" content=\"https:\/\/www.daxor.pl\/?page_id=387\" \/>\n<meta property=\"og:site_name\" content=\"Daxor\" \/>\n<meta property=\"article:modified_time\" content=\"2023-11-20T12:35:48+00:00\" \/>\n<meta property=\"og:image\" content=\"https:\/\/www.daxor.pl\/wp-content\/uploads\/2020\/09\/logo.jpg\" \/>\n<meta name=\"twitter:card\" content=\"summary_large_image\" \/>\n<meta name=\"twitter:label1\" content=\"Szacowany czas czytania\" \/>\n\t<meta name=\"twitter:data1\" content=\"1 minuta\" \/>\n<script type=\"application\/ld+json\" class=\"yoast-schema-graph\">{\"@context\":\"https:\/\/schema.org\",\"@graph\":[{\"@type\":\"WebPage\",\"@id\":\"https:\/\/www.daxor.pl\/?page_id=387\",\"url\":\"https:\/\/www.daxor.pl\/?page_id=387\",\"name\":\"Kontakt - Daxor\",\"isPartOf\":{\"@id\":\"https:\/\/www.daxor.pl\/#website\"},\"primaryImageOfPage\":{\"@id\":\"https:\/\/www.daxor.pl\/?page_id=387#primaryimage\"},\"image\":{\"@id\":\"https:\/\/www.daxor.pl\/?page_id=387#primaryimage\"},\"thumbnailUrl\":\"https:\/\/www.daxor.pl\/wp-content\/uploads\/2020\/09\/logo.jpg\",\"datePublished\":\"2019-02-06T14:29:31+00:00\",\"dateModified\":\"2023-11-20T12:35:48+00:00\",\"breadcrumb\":{\"@id\":\"https:\/\/www.daxor.pl\/?page_id=387#breadcrumb\"},\"inLanguage\":\"pl-PL\",\"potentialAction\":[{\"@type\":\"ReadAction\",\"target\":[\"https:\/\/www.daxor.pl\/?page_id=387\"]}]},{\"@type\":\"ImageObject\",\"inLanguage\":\"pl-PL\",\"@id\":\"https:\/\/www.daxor.pl\/?page_id=387#primaryimage\",\"url\":\"https:\/\/www.daxor.pl\/wp-content\/uploads\/2020\/09\/logo.jpg\",\"contentUrl\":\"https:\/\/www.daxor.pl\/wp-content\/uploads\/2020\/09\/logo.jpg\",\"width\":157,\"height\":50},{\"@type\":\"BreadcrumbList\",\"@id\":\"https:\/\/www.daxor.pl\/?page_id=387#breadcrumb\",\"itemListElement\":[{\"@type\":\"ListItem\",\"position\":1,\"name\":\"Strona g\u0142\u00f3wna\",\"item\":\"https:\/\/www.daxor.pl\/\"},{\"@type\":\"ListItem\",\"position\":2,\"name\":\"Kontakt\"}]},{\"@type\":\"WebSite\",\"@id\":\"https:\/\/www.daxor.pl\/#website\",\"url\":\"https:\/\/www.daxor.pl\/\",\"name\":\"Daxor\",\"description\":\"Dostawa i dob\u00f3r najlepszych cz\u0119\u015bci na potrzeby produkcji, utrzymania ruchu oraz remont\u00f3w\",\"publisher\":{\"@id\":\"https:\/\/www.daxor.pl\/#organization\"},\"potentialAction\":[{\"@type\":\"SearchAction\",\"target\":{\"@type\":\"EntryPoint\",\"urlTemplate\":\"https:\/\/www.daxor.pl\/?s={search_term_string}\"},\"query-input\":{\"@type\":\"PropertyValueSpecification\",\"valueRequired\":true,\"valueName\":\"search_term_string\"}}],\"inLanguage\":\"pl-PL\"},{\"@type\":\"Organization\",\"@id\":\"https:\/\/www.daxor.pl\/#organization\",\"name\":\"Daxor\",\"url\":\"https:\/\/www.daxor.pl\/\",\"logo\":{\"@type\":\"ImageObject\",\"inLanguage\":\"pl-PL\",\"@id\":\"https:\/\/www.daxor.pl\/#\/schema\/logo\/image\/\",\"url\":\"https:\/\/www.daxor.pl\/wp-content\/uploads\/2020\/09\/logo_white.png\",\"contentUrl\":\"https:\/\/www.daxor.pl\/wp-content\/uploads\/2020\/09\/logo_white.png\",\"width\":188,\"height\":60,\"caption\":\"Daxor\"},\"image\":{\"@id\":\"https:\/\/www.daxor.pl\/#\/schema\/logo\/image\/\"}}]}<\/script>\n<!-- \/ Yoast SEO plugin. -->","yoast_head_json":{"title":"Kontakt - Daxor","robots":{"index":"index","follow":"follow","max-snippet":"max-snippet:-1","max-image-preview":"max-image-preview:large","max-video-preview":"max-video-preview:-1"},"canonical":"https:\/\/www.daxor.pl\/?page_id=387","og_locale":"pl_PL","og_type":"article","og_title":"Kontakt - Daxor","og_description":"Skontaktuj si\u0119 z nami Daxor Sp. z o.o. Sp. k. ul. Borowinowa 21a 43-230 Gocza\u0142kowice zdr\u00f3j office@daxor.pl +48 733 380 325 www.daxor.pl Formularz kontaktowy Mapa dojazdu","og_url":"https:\/\/www.daxor.pl\/?page_id=387","og_site_name":"Daxor","article_modified_time":"2023-11-20T12:35:48+00:00","og_image":[{"url":"https:\/\/www.daxor.pl\/wp-content\/uploads\/2020\/09\/logo.jpg","type":"","width":"","height":""}],"twitter_card":"summary_large_image","twitter_misc":{"Szacowany czas czytania":"1 minuta"},"schema":{"@context":"https:\/\/schema.org","@graph":[{"@type":"WebPage","@id":"https:\/\/www.daxor.pl\/?page_id=387","url":"https:\/\/www.daxor.pl\/?page_id=387","name":"Kontakt - Daxor","isPartOf":{"@id":"https:\/\/www.daxor.pl\/#website"},"primaryImageOfPage":{"@id":"https:\/\/www.daxor.pl\/?page_id=387#primaryimage"},"image":{"@id":"https:\/\/www.daxor.pl\/?page_id=387#primaryimage"},"thumbnailUrl":"https:\/\/www.daxor.pl\/wp-content\/uploads\/2020\/09\/logo.jpg","datePublished":"2019-02-06T14:29:31+00:00","dateModified":"2023-11-20T12:35:48+00:00","breadcrumb":{"@id":"https:\/\/www.daxor.pl\/?page_id=387#breadcrumb"},"inLanguage":"pl-PL","potentialAction":[{"@type":"ReadAction","target":["https:\/\/www.daxor.pl\/?page_id=387"]}]},{"@type":"ImageObject","inLanguage":"pl-PL","@id":"https:\/\/www.daxor.pl\/?page_id=387#primaryimage","url":"https:\/\/www.daxor.pl\/wp-content\/uploads\/2020\/09\/logo.jpg","contentUrl":"https:\/\/www.daxor.pl\/wp-content\/uploads\/2020\/09\/logo.jpg","width":157,"height":50},{"@type":"BreadcrumbList","@id":"https:\/\/www.daxor.pl\/?page_id=387#breadcrumb","itemListElement":[{"@type":"ListItem","position":1,"name":"Strona g\u0142\u00f3wna","item":"https:\/\/www.daxor.pl\/"},{"@type":"ListItem","position":2,"name":"Kontakt"}]},{"@type":"WebSite","@id":"https:\/\/www.daxor.pl\/#website","url":"https:\/\/www.daxor.pl\/","name":"Daxor","description":"Dostawa i dob\u00f3r najlepszych cz\u0119\u015bci na potrzeby produkcji, utrzymania ruchu oraz remont\u00f3w","publisher":{"@id":"https:\/\/www.daxor.pl\/#organization"},"potentialAction":[{"@type":"SearchAction","target":{"@type":"EntryPoint","urlTemplate":"https:\/\/www.daxor.pl\/?s={search_term_string}"},"query-input":{"@type":"PropertyValueSpecification","valueRequired":true,"valueName":"search_term_string"}}],"inLanguage":"pl-PL"},{"@type":"Organization","@id":"https:\/\/www.daxor.pl\/#organization","name":"Daxor","url":"https:\/\/www.daxor.pl\/","logo":{"@type":"ImageObject","inLanguage":"pl-PL","@id":"https:\/\/www.daxor.pl\/#\/schema\/logo\/image\/","url":"https:\/\/www.daxor.pl\/wp-content\/uploads\/2020\/09\/logo_white.png","contentUrl":"https:\/\/www.daxor.pl\/wp-content\/uploads\/2020\/09\/logo_white.png","width":188,"height":60,"caption":"Daxor"},"image":{"@id":"https:\/\/www.daxor.pl\/#\/schema\/logo\/image\/"}}]}},"_links":{"self":[{"href":"https:\/\/www.daxor.pl\/index.php?rest_route=\/wp\/v2\/pages\/387","targetHints":{"allow":["GET"]}}],"collection":[{"href":"https:\/\/www.daxor.pl\/index.php?rest_route=\/wp\/v2\/pages"}],"about":[{"href":"https:\/\/www.daxor.pl\/index.php?rest_route=\/wp\/v2\/types\/page"}],"author":[{"embeddable":true,"href":"https:\/\/www.daxor.pl\/index.php?rest_route=\/wp\/v2\/users\/1"}],"replies":[{"embeddable":true,"href":"https:\/\/www.daxor.pl\/index.php?rest_route=%2Fwp%2Fv2%2Fcomments&post=387"}],"version-history":[{"count":14,"href":"https:\/\/www.daxor.pl\/index.php?rest_route=\/wp\/v2\/pages\/387\/revisions"}],"predecessor-version":[{"id":3805,"href":"https:\/\/www.daxor.pl\/index.php?rest_route=\/wp\/v2\/pages\/387\/revisions\/3805"}],"wp:attachment":[{"href":"https:\/\/www.daxor.pl\/index.php?rest_route=%2Fwp%2Fv2%2Fmedia&parent=387"}],"curies":[{"name":"wp","href":"https:\/\/api.w.org\/{rel}","templated":true}]}}